{"id":2641,"date":"2022-07-31T20:09:56","date_gmt":"2022-07-31T20:09:56","guid":{"rendered":"http:\/\/magicgamesbolivia.com\/?post_type=product&#038;p=2641"},"modified":"2025-12-11T18:15:14","modified_gmt":"2025-12-11T18:15:14","slug":"gloomhaven-fauces-del-leon","status":"publish","type":"product","link":"https:\/\/magicgamesbolivia.com\/index.php\/product\/gloomhaven-fauces-del-leon\/","title":{"rendered":"Gloomhaven: Fauces del Le\u00f3n"},"content":{"rendered":"<p>l arrollador \u00e9xito que la saga\u00a0<em>Gloomhaven<\/em>\u00a0ha tenido desde sus inicios es uno de los motivos por los que se ha convertido por derecho propio en un cl\u00e1sico moderno. Es el m\u00e1s completo juego de mazmorreo, con un grupo de intr\u00e9pidos aventureros enfrent\u00e1ndose a todo tipo de escenarios de fantas\u00eda, plagados de tesoros, enemigos de todo tipo y acertijos que resolver.<\/p>\n<p>Y ahora, entrar en este universo va a ser m\u00e1s f\u00e1cil que nunca. Si quieres disfrutar de toda su calidad de la manera m\u00e1s r\u00e1pida y accesible, est\u00e1s de enhorabuena. Anunciamos un juego a tu medida:<a href=\"https:\/\/asmodee.es\/el-despertar-del-leon\/Fauces%20del%20Le%C3%B3n\">\u00a0<em>Gloomhaven: Fauces del Le\u00f3n<\/em><\/a>, una versi\u00f3n m\u00e1s sencilla de jugar que sin duda va a conseguir hacer miles de nuevos fans.<\/p>\n<p>&nbsp;<\/p>\n<p>En\u00a0<em>Gloomhaven: Fauces del Le\u00f3n<\/em>\u00a0vamos encontrar todo lo que hace grande a\u00a0<em>Gloomhaven<\/em>, pero inteligent\u00edsimamente simplificado para que aprender sus mec\u00e1nicas b\u00e1sicas y dejarnos llevar por su apasionante historia ambientada antes del los eventos del\u00a0<em>Gloomhaven<\/em>\u00a0b\u00e1sico en un mundo de fantas\u00eda que adem\u00e1s derrocha personalidad propia.<\/p>\n<p>El juego incluye cuatro personajes nuevos con diversas especialidades, diecis\u00e9is tipos de monstruos entre los que los fan\u00e1ticos de Gloomhaven podr\u00e1n encontrar hasta siete nuevos tipos de adversarios y tres nuevos jefes y una campa\u00f1a de veinticinco escenarios que nos llevar\u00e1n a investigar una serie de misteriosas desapariciones en la ciudad.<\/p>\n<p>La gran novedad de Gloomhaven: Fauces del Le\u00f3n es la sustituci\u00f3n de los mapas de cart\u00f3n de los anteriores juegos por un libro de escenarios jugable que incluye los mapas de cada una de las misiones que se nos ir\u00e1n encomendando y que no s\u00f3lo aligera el peso de la caja, sino que tambi\u00e9n simplifica enormemente la puesta en mesa del juego. Adem\u00e1s, los cinco escenarios iniciales son tambi\u00e9n un sencill\u00edsimo tutorial que nos va a permitir aprender las mec\u00e1nicas del juego.<\/p>\n","protected":false},"excerpt":{"rendered":"<p>Gloomhaven: Fauces del Le\u00f3n no s\u00f3lo es un efectivo reclamo para aquellos que se hayan podido sentir intimidados por el Gloomhaven original, tambi\u00e9n es un refinado de conceptos y todo un despliegue de nuevas ideas que a buen seguro acabar\u00e1n integradas en futuros t\u00edtulos de la familia. Queda mucho Gloomhaven por explorar\u2026 Y no podemos m\u00e1s que dar saltos de alegr\u00eda por ello.<\/p>\n","protected":false},"featured_media":2642,"comment_status":"open","ping_status":"closed","template":"","meta":{"_themeisle_gutenberg_block_has_review":false},"product_brand":[],"product_cat":[352,29],"product_tag":[279,403,343],"class_list":{"0":"post-2641","1":"product","2":"type-product","3":"status-publish","4":"has-post-thumbnail","6":"product_cat-asmodee","7":"product_cat-juegos-de-mesa","8":"product_tag-asmodee","9":"product_tag-faucesdeleon","10":"product_tag-gloomhaven","12":"first","13":"instock","14":"sold-individually","15":"shipping-taxable","16":"purchasable","17":"product-type-simple"},"_links":{"self":[{"href":"https:\/\/magicgamesbolivia.com\/index.php\/wp-json\/wp\/v2\/product\/2641","targetHints":{"allow":["GET"]}}],"collection":[{"href":"https:\/\/magicgamesbolivia.com\/index.php\/wp-json\/wp\/v2\/product"}],"about":[{"href":"https:\/\/magicgamesbolivia.com\/index.php\/wp-json\/wp\/v2\/types\/product"}],"replies":[{"embeddable":true,"href":"https:\/\/magicgamesbolivia.com\/index.php\/wp-json\/wp\/v2\/comments?post=2641"}],"version-history":[{"count":1,"href":"https:\/\/magicgamesbolivia.com\/index.php\/wp-json\/wp\/v2\/product\/2641\/revisions"}],"predecessor-version":[{"id":2645,"href":"https:\/\/magicgamesbolivia.com\/index.php\/wp-json\/wp\/v2\/product\/2641\/revisions\/2645"}],"wp:featuredmedia":[{"embeddable":true,"href":"https:\/\/magicgamesbolivia.com\/index.php\/wp-json\/wp\/v2\/media\/2642"}],"wp:attachment":[{"href":"https:\/\/magicgamesbolivia.com\/index.php\/wp-json\/wp\/v2\/media?parent=2641"}],"wp:term":[{"taxonomy":"product_brand","embeddable":true,"href":"https:\/\/magicgamesbolivia.com\/index.php\/wp-json\/wp\/v2\/product_brand?post=2641"},{"taxonomy":"product_cat","embeddable":true,"href":"https:\/\/magicgamesbolivia.com\/index.php\/wp-json\/wp\/v2\/product_cat?post=2641"},{"taxonomy":"product_tag","embeddable":true,"href":"https:\/\/magicgamesbolivia.com\/index.php\/wp-json\/wp\/v2\/product_tag?post=2641"}],"curies":[{"name":"wp","href":"https:\/\/api.w.org\/{rel}","templated":true}]}}