{"id":2628,"date":"2022-07-27T20:40:30","date_gmt":"2022-07-27T20:40:30","guid":{"rendered":"http:\/\/magicgamesbolivia.com\/?post_type=product&#038;p=2628"},"modified":"2026-01-19T16:37:52","modified_gmt":"2026-01-19T16:37:52","slug":"exit-el-cementerio-de-las-tinieblas","status":"publish","type":"product","link":"https:\/\/magicgamesbolivia.com\/index.php\/product\/exit-el-cementerio-de-las-tinieblas\/","title":{"rendered":"EXIT:EL CEMENTERIO DE LAS TINIEBLAS"},"content":{"rendered":"<p>Exit: El cementerio de las tinieblas es una nueva entrega de la serie Exit, los juegos que acercan la experiencia de las salas de scape room a tu mesa de juego. En este tipo de juegos, un grupo de hasta 4 jugadores deben resolver los enigmas y puzzles que el juego les va presentando para poder escapar de una habitaci\u00f3n o entorno imaginario \u00a1Una aut\u00e9ntica carrera contra el reloj!<\/p>\n<p>En Exit: El cementerio de las tinieblas encarn\u00e1is a un grupo de buscadores de tesoros, cuya b\u00fasqueda os ha llevado hasta un antiguo cementerio. Seg\u00fan una antigua leyenda, se cuenta que un rub\u00ed rojo de inestimable valor se encuentra oculto en lo m\u00e1s profundo de la tumba de Sir Reginald Wreston, un viejo caballero. La leyenda dice que \u00fanicamente puede accederse a la tumba cuando la luna se encuentra en un \u00e1ngulo muy concreto, una conjunci\u00f3n estelar que s\u00f3lo se produce en la medianoche cada 87 a\u00f1os \u00bfPero adivina qu\u00e9? \u00a1Esta noche es esa noche! Hasta ahora la cripta ha permanecido sellada, y a lo largo de siglos, nadie ha logrado abrirla. \u00bfPodr\u00e1 vuestro grupo resolver el misterio?<\/p>\n","protected":false},"excerpt":{"rendered":"<p>Exit: El cementerio de las tinieblas es una nueva entrega de la serie Exit, los juegos que acercan la experiencia de las salas de scape room a tu mesa de juego. En este tipo de juegos, un grupo de hasta 4 jugadores deben resolver los enigmas y puzzles que el juego les va presentando para poder escapar de una habitaci\u00f3n o entorno imaginario \u00a1Una aut\u00e9ntica carrera contra el reloj!<\/p>\n<ul>\n<li>Jugadores: 1-6<\/li>\n<li>Duraci\u00f3n: 45 min.<\/li>\n<li>Lenguaje: ESPA\u00d1OL<\/li>\n<li>Edad: 12+<\/li>\n<\/ul>\n","protected":false},"featured_media":2629,"comment_status":"open","ping_status":"closed","template":"","meta":{"_themeisle_gutenberg_block_has_review":false},"product_brand":[],"product_cat":[29,30],"product_tag":[156,31,155,400],"class_list":{"0":"post-2628","1":"product","2":"type-product","3":"status-publish","4":"has-post-thumbnail","6":"product_cat-juegos-de-mesa","7":"product_cat-devir","8":"product_tag-boardgames","9":"product_tag-devir","10":"product_tag-juegosdemesa","11":"product_tag-scaperoom","13":"first","14":"instock","15":"sold-individually","16":"shipping-taxable","17":"purchasable","18":"product-type-simple"},"_links":{"self":[{"href":"https:\/\/magicgamesbolivia.com\/index.php\/wp-json\/wp\/v2\/product\/2628","targetHints":{"allow":["GET"]}}],"collection":[{"href":"https:\/\/magicgamesbolivia.com\/index.php\/wp-json\/wp\/v2\/product"}],"about":[{"href":"https:\/\/magicgamesbolivia.com\/index.php\/wp-json\/wp\/v2\/types\/product"}],"replies":[{"embeddable":true,"href":"https:\/\/magicgamesbolivia.com\/index.php\/wp-json\/wp\/v2\/comments?post=2628"}],"version-history":[{"count":3,"href":"https:\/\/magicgamesbolivia.com\/index.php\/wp-json\/wp\/v2\/product\/2628\/revisions"}],"predecessor-version":[{"id":4124,"href":"https:\/\/magicgamesbolivia.com\/index.php\/wp-json\/wp\/v2\/product\/2628\/revisions\/4124"}],"wp:featuredmedia":[{"embeddable":true,"href":"https:\/\/magicgamesbolivia.com\/index.php\/wp-json\/wp\/v2\/media\/2629"}],"wp:attachment":[{"href":"https:\/\/magicgamesbolivia.com\/index.php\/wp-json\/wp\/v2\/media?parent=2628"}],"wp:term":[{"taxonomy":"product_brand","embeddable":true,"href":"https:\/\/magicgamesbolivia.com\/index.php\/wp-json\/wp\/v2\/product_brand?post=2628"},{"taxonomy":"product_cat","embeddable":true,"href":"https:\/\/magicgamesbolivia.com\/index.php\/wp-json\/wp\/v2\/product_cat?post=2628"},{"taxonomy":"product_tag","embeddable":true,"href":"https:\/\/magicgamesbolivia.com\/index.php\/wp-json\/wp\/v2\/product_tag?post=2628"}],"curies":[{"name":"wp","href":"https:\/\/api.w.org\/{rel}","templated":true}]}}