{"id":2624,"date":"2022-07-27T20:35:17","date_gmt":"2022-07-27T20:35:17","guid":{"rendered":"http:\/\/magicgamesbolivia.com\/?post_type=product&#038;p=2624"},"modified":"2026-01-19T16:49:07","modified_gmt":"2026-01-19T16:49:07","slug":"exit-bosque-encantado","status":"publish","type":"product","link":"https:\/\/magicgamesbolivia.com\/index.php\/product\/exit-bosque-encantado\/","title":{"rendered":"EXIT:\u00a0EL BOSQUE ENCANTADO"},"content":{"rendered":"<p><strong>NIVEL: PRINCIPIANTE<\/strong><\/p>\n<p><a href=\"https:\/\/devir.es\/devirpedia\/exit\"><i>Exit:\u00a0<\/i><\/a><i>Bosque Encantado\u00a0<\/i>es una nueva entrega de<a href=\"https:\/\/devir.es\/trailer-exit\">\u00a0la serie Exit<\/a>, los juegos que acercan la experiencia de las salas de escape room a tu mesa de juego. Esta nueva entrega del famoso juego fue publicada originalmente en el a\u00f1o 2020, dise\u00f1ados de nuevo por la pareja formada por\u00a0<a href=\"https:\/\/devir.es\/entrevista-a-inka-y-markus-brand\">Marca Inka y Marca Markus.<\/a><\/p>\n<p>En\u00a0<i>Exit: Bosque Encantado,\u00a0<\/i>t\u00fa y un grupo de hasta 4 personas os enfrent\u00e1is a un misterio sin resolver cuando se convierte un tranquilo paseo por el bosque en algo mucho m\u00e1s extra\u00f1o, cuando el bosque se cierra a vuestro alrededor y emergen extra\u00f1as criaturas de cuento de hadas. \u00bfSer\u00e9is capaces de dar sentido a lo que est\u00e1is viendo y encontrar la salida que os llevar\u00e1 sanos y salvos a casa?<\/p>\n<p>Resuelve acertijos, destierra misterios del pasado y escapa de un mundo lleno de magia, mitos y maravillas en esta nueva entrega de la famosa y premiada\u00a0<a href=\"https:\/\/devir.es\/como-jugar-a-exit\">serie Exit.<\/a><\/p>\n","protected":false},"excerpt":{"rendered":"<p><strong>NIVEL: PRINCIPIANTE<\/strong><\/p>\n<p><a href=\"https:\/\/devir.es\/devirpedia\/exit\"><i>Exit:\u00a0<\/i><\/a><i>Bosque Encantado\u00a0<\/i>es una nueva entrega de<a href=\"https:\/\/devir.es\/trailer-exit\">\u00a0la serie Exit<\/a>, los juegos que acercan la experiencia de las salas de escape room a tu mesa de juego. Esta nueva entrega del famoso juego fue publicada originalmente en el a\u00f1o 2020, dise\u00f1ados de nuevo por la pareja formada por\u00a0<a href=\"https:\/\/devir.es\/entrevista-a-inka-y-markus-brand\">Marca Inka y Marca Markus.<\/a><\/p>\n<p>En\u00a0<i>Exit: Bosque Encantado,\u00a0<\/i>t\u00fa y un grupo de hasta 4 personas os enfrent\u00e1is a un misterio sin resolver cuando se convierte un tranquilo paseo por el bosque en algo mucho m\u00e1s extra\u00f1o, cuando el bosque se cierra a vuestro alrededor y emergen extra\u00f1as criaturas de cuento de hadas. \u00bfSer\u00e9is capaces de dar sentido a lo que est\u00e1is viendo y encontrar la salida que os llevar\u00e1 sanos y salvos a casa?<\/p>\n<p>Resuelve acertijos, destierra misterios del pasado y escapa de un mundo lleno de magia, mitos y maravillas en esta nueva entrega de la famosa y premiada\u00a0<a href=\"https:\/\/devir.es\/como-jugar-a-exit\">serie Exit.<\/a><\/p>\n","protected":false},"featured_media":2625,"comment_status":"open","ping_status":"closed","template":"","meta":{"_themeisle_gutenberg_block_has_review":false},"product_brand":[],"product_cat":[29,30],"product_tag":[156,31,399,155,400],"class_list":{"0":"post-2624","1":"product","2":"type-product","3":"status-publish","4":"has-post-thumbnail","6":"product_cat-juegos-de-mesa","7":"product_cat-devir","8":"product_tag-boardgames","9":"product_tag-devir","10":"product_tag-exit","11":"product_tag-juegosdemesa","12":"product_tag-scaperoom","14":"first","15":"instock","16":"sold-individually","17":"shipping-taxable","18":"purchasable","19":"product-type-simple"},"_links":{"self":[{"href":"https:\/\/magicgamesbolivia.com\/index.php\/wp-json\/wp\/v2\/product\/2624","targetHints":{"allow":["GET"]}}],"collection":[{"href":"https:\/\/magicgamesbolivia.com\/index.php\/wp-json\/wp\/v2\/product"}],"about":[{"href":"https:\/\/magicgamesbolivia.com\/index.php\/wp-json\/wp\/v2\/types\/product"}],"replies":[{"embeddable":true,"href":"https:\/\/magicgamesbolivia.com\/index.php\/wp-json\/wp\/v2\/comments?post=2624"}],"version-history":[{"count":3,"href":"https:\/\/magicgamesbolivia.com\/index.php\/wp-json\/wp\/v2\/product\/2624\/revisions"}],"predecessor-version":[{"id":4125,"href":"https:\/\/magicgamesbolivia.com\/index.php\/wp-json\/wp\/v2\/product\/2624\/revisions\/4125"}],"wp:featuredmedia":[{"embeddable":true,"href":"https:\/\/magicgamesbolivia.com\/index.php\/wp-json\/wp\/v2\/media\/2625"}],"wp:attachment":[{"href":"https:\/\/magicgamesbolivia.com\/index.php\/wp-json\/wp\/v2\/media?parent=2624"}],"wp:term":[{"taxonomy":"product_brand","embeddable":true,"href":"https:\/\/magicgamesbolivia.com\/index.php\/wp-json\/wp\/v2\/product_brand?post=2624"},{"taxonomy":"product_cat","embeddable":true,"href":"https:\/\/magicgamesbolivia.com\/index.php\/wp-json\/wp\/v2\/product_cat?post=2624"},{"taxonomy":"product_tag","embeddable":true,"href":"https:\/\/magicgamesbolivia.com\/index.php\/wp-json\/wp\/v2\/product_tag?post=2624"}],"curies":[{"name":"wp","href":"https:\/\/api.w.org\/{rel}","templated":true}]}}