{"id":2608,"date":"2022-07-27T15:46:13","date_gmt":"2022-07-27T15:46:13","guid":{"rendered":"http:\/\/magicgamesbolivia.com\/?post_type=product&#038;p=2608"},"modified":"2024-10-30T13:51:08","modified_gmt":"2024-10-30T13:51:08","slug":"fantasma-blitz-dados","status":"publish","type":"product","link":"https:\/\/magicgamesbolivia.com\/index.php\/product\/fantasma-blitz-dados\/","title":{"rendered":"Fantasma Blitz Dados\u00a0"},"content":{"rendered":"<p>El peque\u00f1o fantasma Balduin ha dejado a un lado su pasi\u00f3n por la fotograf\u00eda y ahora est\u00e1 obsesionado por los cubos&#8230; \u00a1Por eso a diferencia del cl\u00e1sico\u00a0<a href=\"https:\/\/devir.es\/aprende-a-jugar-a-fantasma-blitz\"><i>Fantasma Blitz<\/i><\/a>\u00a0ya no hay im\u00e1genes, sino dados!<\/p>\n<p>Aprender las reglas y preparar la partida de\u00a0<a href=\"https:\/\/devir.es\/fantasma-blitz\"><i>Fantasma Blitz\u00a0<\/i><\/a><i>dados<\/i>\u00a0no os llevar\u00e1 m\u00e1s de<a href=\"https:\/\/devir.es\/devirpedia\/5-minutos\">\u00a05 minutos;<\/a>\u00a0\u00a1ideal para jugar con los m\u00e1s peque\u00f1os! Para empezar, disponed en un c\u00edrculo en el centro de la mesa las cinco figuras (libro, azul, sof\u00e1 rojo, rat\u00f3n gris, botella verde y fantasma blanco) y dejad a un lado los puntos amarillos, formando una reserva. El \u00faltimo participante que haya visitado el s\u00f3tano tira primero los dados y empieza el juego.<\/p>\n<p>Cuando aparecen los resultados de<a href=\"https:\/\/devir.es\/devirpedia\/tirar-dados\">\u00a0los dados<\/a>, todos ven al mismo tiempo cuantos s\u00edmbolos de cada figura han salido. Hay tres posibilidades: En primer lugar, \u00bfaparece una figura m\u00e1s veces que las otras? Coge lo m\u00e1s r\u00e1pido posible la figura que corresponda con el color de la figura que ha aparecido m\u00e1s veces. Por ejemplo, si tres dados muestran la botella, observa qu\u00e9 figura aparece en el dado verde (el color que corresponde con la botella) y toma esa figura. En segundo lugar, \u00bfDos figuras aparecen el mismo n\u00famero de veces en los dados? En este caso, coge lo m\u00e1s r\u00e1pido posible la figura que aparece en el quinto dado. Y finalmente, \u00bfcada figura se muestra una vez, es decir, cada dado muestra un resultado distinto? Si se da esta posibilidad, toma r\u00e1pidamente la figura que sea del color del dado donde aparece el fantasma.<\/p>\n<p>Cada vez que un jugador tome la figura correcta, se lleva una ficha amarilla de la reserva. Si un jugador toma una figura equivocada (o m\u00e1s de una) debe dar un punto de penalizaci\u00f3n al jugador que ha ganado esa ronda o al que gane la ronda siguiente (en caso de que nadie haya tomado la figura correcta o que el que lo haya hecho haya tomado m\u00e1s de una). El juego termina cuando las fichas se acaban. El que haya conseguido m\u00e1s, \u00a1gana la partida!<\/p>\n<p><a href=\"https:\/\/devir.es\/fantasma-blitz-4-menudo-susto\"><i>Fantasma Blitz<\/i><\/a><i>\u00a0dados<\/i>\u00a0es un juego ideal para jugar con los m\u00e1s peque\u00f1os y entrenar sus reflejos, su atenci\u00f3n y su agudeza visual. F\u00e1cil de aprender, el juego promete horas de diversi\u00f3n. \u00a1Atentos, tiramos los dados!<\/p>\n","protected":false},"excerpt":{"rendered":"<p><i>Fantasma Blitz dados<\/i>\u00a0es una nueva versi\u00f3n del\u00a0<a href=\"https:\/\/devir.es\/fantasma-blitz\">cl\u00e1sico juego Fantasma Blitz<\/a>. Obra de\u00a0<a href=\"https:\/\/devir.es\/devirpedia\/jacques-zeimet\">Jacques Zeimet<\/a>, autor de otros juegos de mesa como\u00a0<i>Bamboleo<\/i>,\u00a0<i>Hamsterolle<\/i>\u00a0o\u00a0<i>Pelican Bay<\/i>,\u00a0<a href=\"https:\/\/devir.es\/fantasma-blitz-4-menudo-susto\">Fantasma Blitz\u00a0<\/a>dados promete toneladas de diversi\u00f3n en partidas de unos 20 minutos cada una. El objetivo del juego es conseguir el mayor n\u00famero de puntos siendo el primero en tomar la figura correcta del centro de la mesa.<\/p>\n<div class=\"block-icons\">\n<div class=\"icon\"><img decoding=\"async\" src=\"https:\/\/devir.es\/static\/version1658184508\/frontend\/Devir\/Pyre\/es_ES\/images\/minmax.png\" alt=\"M\u00ednimo\/m\u00e1ximo jugadores\" width=\"40px\" \/>2-8<\/div>\n<div class=\"icon\"><img decoding=\"async\" src=\"https:\/\/devir.es\/static\/version1658184508\/frontend\/Devir\/Pyre\/es_ES\/images\/minrecage.png\" alt=\"Edad m\u00ednima recomendada\" width=\"40px\" \/>+8<\/div>\n<div class=\"icon\"><img decoding=\"async\" src=\"https:\/\/devir.es\/static\/version1658184508\/frontend\/Devir\/Pyre\/es_ES\/images\/gametime.png\" alt=\"Tiempo de juego\" width=\"40px\" \/>15 minutos<\/div>\n<\/div>\n<div class=\"block-icons\">\n<div class=\"icon\"><\/div>\n<\/div>\n","protected":false},"featured_media":2609,"comment_status":"open","ping_status":"closed","template":"","meta":{"_themeisle_gutenberg_block_has_review":false},"product_brand":[],"product_cat":[29,30],"product_tag":[156,31,267,396,155,308],"class_list":{"0":"post-2608","1":"product","2":"type-product","3":"status-publish","4":"has-post-thumbnail","6":"product_cat-juegos-de-mesa","7":"product_cat-devir","8":"product_tag-boardgames","9":"product_tag-devir","10":"product_tag-familiar","11":"product_tag-fantasmitablitz","12":"product_tag-juegosdemesa","13":"product_tag-partygame","15":"first","16":"outofstock","17":"sold-individually","18":"shipping-taxable","19":"purchasable","20":"product-type-simple"},"_links":{"self":[{"href":"https:\/\/magicgamesbolivia.com\/index.php\/wp-json\/wp\/v2\/product\/2608","targetHints":{"allow":["GET"]}}],"collection":[{"href":"https:\/\/magicgamesbolivia.com\/index.php\/wp-json\/wp\/v2\/product"}],"about":[{"href":"https:\/\/magicgamesbolivia.com\/index.php\/wp-json\/wp\/v2\/types\/product"}],"replies":[{"embeddable":true,"href":"https:\/\/magicgamesbolivia.com\/index.php\/wp-json\/wp\/v2\/comments?post=2608"}],"version-history":[{"count":1,"href":"https:\/\/magicgamesbolivia.com\/index.php\/wp-json\/wp\/v2\/product\/2608\/revisions"}],"predecessor-version":[{"id":2611,"href":"https:\/\/magicgamesbolivia.com\/index.php\/wp-json\/wp\/v2\/product\/2608\/revisions\/2611"}],"wp:featuredmedia":[{"embeddable":true,"href":"https:\/\/magicgamesbolivia.com\/index.php\/wp-json\/wp\/v2\/media\/2609"}],"wp:attachment":[{"href":"https:\/\/magicgamesbolivia.com\/index.php\/wp-json\/wp\/v2\/media?parent=2608"}],"wp:term":[{"taxonomy":"product_brand","embeddable":true,"href":"https:\/\/magicgamesbolivia.com\/index.php\/wp-json\/wp\/v2\/product_brand?post=2608"},{"taxonomy":"product_cat","embeddable":true,"href":"https:\/\/magicgamesbolivia.com\/index.php\/wp-json\/wp\/v2\/product_cat?post=2608"},{"taxonomy":"product_tag","embeddable":true,"href":"https:\/\/magicgamesbolivia.com\/index.php\/wp-json\/wp\/v2\/product_tag?post=2608"}],"curies":[{"name":"wp","href":"https:\/\/api.w.org\/{rel}","templated":true}]}}