{"id":2557,"date":"2022-07-12T14:50:44","date_gmt":"2022-07-12T14:50:44","guid":{"rendered":"http:\/\/magicgamesbolivia.com\/?post_type=product&#038;p=2557"},"modified":"2025-03-07T17:08:33","modified_gmt":"2025-03-07T17:08:33","slug":"mage-knight-edicion-definitiva","status":"publish","type":"product","link":"https:\/\/magicgamesbolivia.com\/index.php\/product\/mage-knight-edicion-definitiva\/","title":{"rendered":"Mage Knight Edici\u00f3n definitiva"},"content":{"rendered":"<p>Dise\u00f1ado por uno de los autores de juegos m\u00e1s aclamados del mundo, Vlaada Chv\u00e1til, el encumbrado por la cr\u00edtica Mage Knight El\u00a0Juego de Tablero reaparece con esta Edici\u00f3n Definitiva, donde tanto los fans nuevos como los veteranos encontrar\u00e1n todo el\u00a0contenido lanzado previamente junto con nuevos componentes exclusivos: \u00a1todo en la misma caja!\u00a0La Edici\u00f3n Definitiva no solo combina elementos de RPGs, construcci\u00f3n de mazos y juegos de mesa tradicionales, capturando al mismo tiempo la esencia de la apasionante historia del universo Mage Knight, sino que tambi\u00e9n incluye el juego base Mage Knight El Juego de Tablero y sus tres expansiones: La Legi\u00f3n Perdida, Krang y Sombras de Tezla.\u00a0Adem\u00e1s, incorpora tambi\u00e9n reglas intuitivas mejoradas, 5 cartas totalmente nuevas y figuras prepintadas.<\/p>\n<p>\u00a1Esta es la Edici\u00f3n Definitiva que todos esper\u00e1bamos!<\/p>\n","protected":false},"excerpt":{"rendered":"<p>Mage Knight Edici\u00f3n definitiva es la \u00faltima edici\u00f3n de este cl\u00e1sico de los juegos de mesa, considerado el mejor juego en solitario de todos los tiempos y unos de los mejores a 2-3 jugadores. Situado durante casi una d\u00e9cada en el top 25 de la BGG, Mage Knight es uno de los juegos m\u00e1s deseados por cualquier jugador habitual que quiera disfrutar de un buen juego de estrategia, aventura y exploraci\u00f3n. \u00bfEst\u00e1s listo\/a para disfrutar de uno de los juegos m\u00e1s complejos y a la vez m\u00e1s satisfactorios jam\u00e1s creado?<\/p>\n","protected":false},"featured_media":2558,"comment_status":"open","ping_status":"closed","template":"","meta":{"_themeisle_gutenberg_block_has_review":false},"product_brand":[],"product_cat":[123,29],"product_tag":[218,379,380],"class_list":{"0":"post-2557","1":"product","2":"type-product","3":"status-publish","4":"has-post-thumbnail","6":"product_cat-otros-juegos","7":"product_cat-juegos-de-mesa","8":"product_tag-juegodemesa","9":"product_tag-mageknightediciondefinitiva","10":"product_tag-rrgp","12":"first","13":"outofstock","14":"sold-individually","15":"shipping-taxable","16":"purchasable","17":"product-type-simple"},"_links":{"self":[{"href":"https:\/\/magicgamesbolivia.com\/index.php\/wp-json\/wp\/v2\/product\/2557","targetHints":{"allow":["GET"]}}],"collection":[{"href":"https:\/\/magicgamesbolivia.com\/index.php\/wp-json\/wp\/v2\/product"}],"about":[{"href":"https:\/\/magicgamesbolivia.com\/index.php\/wp-json\/wp\/v2\/types\/product"}],"replies":[{"embeddable":true,"href":"https:\/\/magicgamesbolivia.com\/index.php\/wp-json\/wp\/v2\/comments?post=2557"}],"version-history":[{"count":1,"href":"https:\/\/magicgamesbolivia.com\/index.php\/wp-json\/wp\/v2\/product\/2557\/revisions"}],"predecessor-version":[{"id":2561,"href":"https:\/\/magicgamesbolivia.com\/index.php\/wp-json\/wp\/v2\/product\/2557\/revisions\/2561"}],"wp:featuredmedia":[{"embeddable":true,"href":"https:\/\/magicgamesbolivia.com\/index.php\/wp-json\/wp\/v2\/media\/2558"}],"wp:attachment":[{"href":"https:\/\/magicgamesbolivia.com\/index.php\/wp-json\/wp\/v2\/media?parent=2557"}],"wp:term":[{"taxonomy":"product_brand","embeddable":true,"href":"https:\/\/magicgamesbolivia.com\/index.php\/wp-json\/wp\/v2\/product_brand?post=2557"},{"taxonomy":"product_cat","embeddable":true,"href":"https:\/\/magicgamesbolivia.com\/index.php\/wp-json\/wp\/v2\/product_cat?post=2557"},{"taxonomy":"product_tag","embeddable":true,"href":"https:\/\/magicgamesbolivia.com\/index.php\/wp-json\/wp\/v2\/product_tag?post=2557"}],"curies":[{"name":"wp","href":"https:\/\/api.w.org\/{rel}","templated":true}]}}