{"id":2548,"date":"2022-07-12T14:32:57","date_gmt":"2022-07-12T14:32:57","guid":{"rendered":"http:\/\/magicgamesbolivia.com\/?post_type=product&#038;p=2548"},"modified":"2026-01-25T22:22:52","modified_gmt":"2026-01-25T22:22:52","slug":"barrage","status":"publish","type":"product","link":"https:\/\/magicgamesbolivia.com\/index.php\/product\/barrage\/","title":{"rendered":"BARRAGE"},"content":{"rendered":"<p>Barrage es un \u00e9pico juego de estrategia de colocaci\u00f3n de trabajadores. Hasta cuatro jugadores competir\u00e1n durante cinco rondas, planeando sus acciones para construir infraestructuras hidroel\u00e9ctricas en un mapa articulado y desafiante. Deber\u00e1s colocar tus estructuras sabiamente, evitando que tus oponentes te roben el recurso m\u00e1s preciado: el agua. Si controlas el agua, ser\u00e1s capaz de producir energ\u00eda y completar rentables contratos. Planea cada movimiento con cuidado, y prep\u00e1rate para tomar decisiones estrat\u00e9gicas audaces: \u00a1Esto es\u00a0<em>Barrage<\/em>!<\/p>\n<div class=\"clGa-mainIcon\">\u00a01-4<span class=\"clGa-mainIcons-smTxt\">\u00a0jugadores<\/span><\/div>\n<p>120<span class=\"clGa-mainIcons-smTxt\">\u00a0minutos<\/span><\/p>\n<div class=\"clGa-mainIcon\">\u00a014+<span class=\"clGa-mainIcons-smTxt\">\u00a0a\u00f1os<\/span><\/div>\n","protected":false},"excerpt":{"rendered":"<p>Y as\u00ed empieza la Guerra del Agua\u2026<\/p>\n<p>A\u00f1o 1922. Los ca\u00f1ones de la Gran Guerra permanecen en silencio desde hace cuatro a\u00f1os, el mundo se est\u00e1 recuperando, resurgiendo de sus cenizas a la velocidad de la nueva tecnolog\u00eda hidroel\u00e9ctrica, un legado del gran Nikola Tesla. Una nueva guerra, que se luchar\u00e1 en los valles de los Alpes, est\u00e1 a punto de empezar: \u00bfSer\u00e1s capaz de derrotar a tus oponentes y construir el mayor imperio hidroel\u00e9ctrico que el mundo haya visto jam\u00e1s?<\/p>\n","protected":false},"featured_media":2549,"comment_status":"open","ping_status":"closed","template":"","meta":{"_themeisle_gutenberg_block_has_review":false},"product_brand":[],"product_cat":[29,93],"product_tag":[376,272,155],"class_list":{"0":"post-2548","1":"product","2":"type-product","3":"status-publish","4":"has-post-thumbnail","6":"product_cat-juegos-de-mesa","7":"product_cat-maldito-games","8":"product_tag-barrage","9":"product_tag-eurogames","10":"product_tag-juegosdemesa","12":"first","13":"outofstock","14":"sold-individually","15":"shipping-taxable","16":"purchasable","17":"product-type-simple"},"_links":{"self":[{"href":"https:\/\/magicgamesbolivia.com\/index.php\/wp-json\/wp\/v2\/product\/2548","targetHints":{"allow":["GET"]}}],"collection":[{"href":"https:\/\/magicgamesbolivia.com\/index.php\/wp-json\/wp\/v2\/product"}],"about":[{"href":"https:\/\/magicgamesbolivia.com\/index.php\/wp-json\/wp\/v2\/types\/product"}],"replies":[{"embeddable":true,"href":"https:\/\/magicgamesbolivia.com\/index.php\/wp-json\/wp\/v2\/comments?post=2548"}],"version-history":[{"count":2,"href":"https:\/\/magicgamesbolivia.com\/index.php\/wp-json\/wp\/v2\/product\/2548\/revisions"}],"predecessor-version":[{"id":3608,"href":"https:\/\/magicgamesbolivia.com\/index.php\/wp-json\/wp\/v2\/product\/2548\/revisions\/3608"}],"wp:featuredmedia":[{"embeddable":true,"href":"https:\/\/magicgamesbolivia.com\/index.php\/wp-json\/wp\/v2\/media\/2549"}],"wp:attachment":[{"href":"https:\/\/magicgamesbolivia.com\/index.php\/wp-json\/wp\/v2\/media?parent=2548"}],"wp:term":[{"taxonomy":"product_brand","embeddable":true,"href":"https:\/\/magicgamesbolivia.com\/index.php\/wp-json\/wp\/v2\/product_brand?post=2548"},{"taxonomy":"product_cat","embeddable":true,"href":"https:\/\/magicgamesbolivia.com\/index.php\/wp-json\/wp\/v2\/product_cat?post=2548"},{"taxonomy":"product_tag","embeddable":true,"href":"https:\/\/magicgamesbolivia.com\/index.php\/wp-json\/wp\/v2\/product_tag?post=2548"}],"curies":[{"name":"wp","href":"https:\/\/api.w.org\/{rel}","templated":true}]}}