{"id":2543,"date":"2022-06-27T14:52:23","date_gmt":"2022-06-27T14:52:23","guid":{"rendered":"http:\/\/magicgamesbolivia.com\/?post_type=product&#038;p=2543"},"modified":"2025-12-16T02:34:34","modified_gmt":"2025-12-16T02:34:34","slug":"juego-de-mesa-monopoly-clasico-hasbro","status":"publish","type":"product","link":"https:\/\/magicgamesbolivia.com\/index.php\/product\/juego-de-mesa-monopoly-clasico-hasbro\/","title":{"rendered":"Juego de Mesa Monopoly Clasico Hasbro"},"content":{"rendered":"<p>\u00a1El emocionante juego de negociar propiedades! Compra, vende, sue\u00f1a y planea. Lleva a tus oponentes a la bancarrota para ganarlo todo!<\/p>\n<p>Edad recomendada: 8 a\u00f1os en adelante.<br \/>\nIncluye: 1 Tablero de juego, 8 Tokens, 28 Tarjetas de titulo de propiedad, 16 Tarjetas de fortuna, 16 Tarjetas de arca comunal, 1 Paquete de dinero de Monopoly, 32 Casas verdes, 12 Hoteles rojos, 2 Dados e Instructivo.<\/p>\n<p>Ya sea con tableros y dados, baraja o cartas, l\u00edneas dibujadas sobre un trozo de papel, o medios electr\u00f3nicos, los juegos conforman un pasatiempo global que ha enriquecido la cultura durante miles de a\u00f1os. \u00a1Apaga la TV y re\u00fane a tu familia para una noche de entretenimiento y diversi\u00f3n en grupo con un juego de Hasbro!<br \/>\nHasbro Gaming y todas las propiedades y personajes relacionados son marcas de comercio de Hasbro.<\/p>\n","protected":false},"excerpt":{"rendered":"<p>\u00a1El emocionante juego de negociar propiedades! Compra, vende, sue\u00f1a y planea. Lleva a tus oponentes a la bancarrota para ganarlo todo!<\/p>\n<p>Edad recomendada: 8 a\u00f1os en adelante.<\/p>\n<p>2 a 6 jugadores<\/p>\n","protected":false},"featured_media":2544,"comment_status":"open","ping_status":"closed","template":"","meta":{"_themeisle_gutenberg_block_has_review":false},"product_brand":[],"product_cat":[812,29],"product_tag":[296,325,202],"class_list":{"0":"post-2543","1":"product","2":"type-product","3":"status-publish","4":"has-post-thumbnail","6":"product_cat-hasbro","7":"product_cat-juegos-de-mesa","8":"product_tag-clasico","9":"product_tag-hasbro","10":"product_tag-monopolio","12":"first","13":"outofstock","14":"sold-individually","15":"shipping-taxable","16":"purchasable","17":"product-type-simple"},"_links":{"self":[{"href":"https:\/\/magicgamesbolivia.com\/index.php\/wp-json\/wp\/v2\/product\/2543","targetHints":{"allow":["GET"]}}],"collection":[{"href":"https:\/\/magicgamesbolivia.com\/index.php\/wp-json\/wp\/v2\/product"}],"about":[{"href":"https:\/\/magicgamesbolivia.com\/index.php\/wp-json\/wp\/v2\/types\/product"}],"replies":[{"embeddable":true,"href":"https:\/\/magicgamesbolivia.com\/index.php\/wp-json\/wp\/v2\/comments?post=2543"}],"version-history":[{"count":1,"href":"https:\/\/magicgamesbolivia.com\/index.php\/wp-json\/wp\/v2\/product\/2543\/revisions"}],"predecessor-version":[{"id":2545,"href":"https:\/\/magicgamesbolivia.com\/index.php\/wp-json\/wp\/v2\/product\/2543\/revisions\/2545"}],"wp:featuredmedia":[{"embeddable":true,"href":"https:\/\/magicgamesbolivia.com\/index.php\/wp-json\/wp\/v2\/media\/2544"}],"wp:attachment":[{"href":"https:\/\/magicgamesbolivia.com\/index.php\/wp-json\/wp\/v2\/media?parent=2543"}],"wp:term":[{"taxonomy":"product_brand","embeddable":true,"href":"https:\/\/magicgamesbolivia.com\/index.php\/wp-json\/wp\/v2\/product_brand?post=2543"},{"taxonomy":"product_cat","embeddable":true,"href":"https:\/\/magicgamesbolivia.com\/index.php\/wp-json\/wp\/v2\/product_cat?post=2543"},{"taxonomy":"product_tag","embeddable":true,"href":"https:\/\/magicgamesbolivia.com\/index.php\/wp-json\/wp\/v2\/product_tag?post=2543"}],"curies":[{"name":"wp","href":"https:\/\/api.w.org\/{rel}","templated":true}]}}