{"id":2535,"date":"2022-06-27T14:22:45","date_gmt":"2022-06-27T14:22:45","guid":{"rendered":"http:\/\/magicgamesbolivia.com\/?post_type=product&#038;p=2535"},"modified":"2023-01-07T16:46:38","modified_gmt":"2023-01-07T16:46:38","slug":"bingo","status":"publish","type":"product","link":"https:\/\/magicgamesbolivia.com\/index.php\/product\/bingo\/","title":{"rendered":"BINGO"},"content":{"rendered":"<p>Vive tus mejores momentos con el Juego de mesa Bingo Balotera de lujo Ronda. Un juego cl\u00e1sico donde la suerte dar\u00e1 la mejor jugada. M\u00faltiples opciones de juego: llena una fila horizontal o vertical, un cuadro, una letra o todo el cart\u00f3n, ganar\u00e1s si eres el primero en cubrir con fichas los espacios acordados con el grupo. \u00a1Prep\u00e1rate para gritar BINGO!\u200b<br \/>\nIncluye:\u200b<br \/>\n\u200b<\/p>\n<ul>1 Balotera Plastica\u200b<\/ul>\n<ul>75 balotas\u200b<\/ul>\n<ul>40 tableros\u200b<\/ul>\n<ul>1 tablero de control \u200b<\/ul>\n<ul>Fichas\u200b<\/ul>\n<ul>Instrucciones en espa\u00f1ol<\/ul>\n<p>edad: 8 a\u00f1os en adelante.<\/p>\n","protected":false},"excerpt":{"rendered":"<p>Vive tus mejores momentos con el Juego de mesa Bingo Balotera de lujo Ronda. Un juego cl\u00e1sico donde la suerte dar\u00e1 la mejor jugada. M\u00faltiples opciones de juego: llena una fila horizontal o vertical, un cuadro, una letra o todo el cart\u00f3n, ganar\u00e1s si eres el primero en cubrir con fichas los espacios acordados con el grupo. \u00a1Prep\u00e1rate para gritar BINGO!\u200b<br \/>\nIncluye:\u200b<br \/>\n\u200b<\/p>\n<ul>1 Balotera Plastica\u200b<\/ul>\n<p>\u200b<\/p>\n<ul>75 balotas\u200b<\/ul>\n<ul>40 tableros\u200b<\/ul>\n<ul>1 tablero de control \u200b<\/ul>\n<ul>Fichas\u200b<\/ul>\n<ul>Instrucciones en espa\u00f1ol<\/ul>\n<p>\u200b<br \/>\nedad: 8 a\u00f1os en adelante.<\/p>\n","protected":false},"featured_media":2536,"comment_status":"open","ping_status":"closed","template":"","meta":{"_themeisle_gutenberg_block_has_review":false},"product_brand":[],"product_cat":[123,29],"product_tag":[373,218,374],"class_list":{"0":"post-2535","1":"product","2":"type-product","3":"status-publish","4":"has-post-thumbnail","6":"product_cat-otros-juegos","7":"product_cat-juegos-de-mesa","8":"product_tag-bingo","9":"product_tag-juegodemesa","10":"product_tag-ronda","12":"first","13":"outofstock","14":"sold-individually","15":"shipping-taxable","16":"purchasable","17":"product-type-simple"},"_links":{"self":[{"href":"https:\/\/magicgamesbolivia.com\/index.php\/wp-json\/wp\/v2\/product\/2535","targetHints":{"allow":["GET"]}}],"collection":[{"href":"https:\/\/magicgamesbolivia.com\/index.php\/wp-json\/wp\/v2\/product"}],"about":[{"href":"https:\/\/magicgamesbolivia.com\/index.php\/wp-json\/wp\/v2\/types\/product"}],"replies":[{"embeddable":true,"href":"https:\/\/magicgamesbolivia.com\/index.php\/wp-json\/wp\/v2\/comments?post=2535"}],"version-history":[{"count":2,"href":"https:\/\/magicgamesbolivia.com\/index.php\/wp-json\/wp\/v2\/product\/2535\/revisions"}],"predecessor-version":[{"id":3662,"href":"https:\/\/magicgamesbolivia.com\/index.php\/wp-json\/wp\/v2\/product\/2535\/revisions\/3662"}],"wp:featuredmedia":[{"embeddable":true,"href":"https:\/\/magicgamesbolivia.com\/index.php\/wp-json\/wp\/v2\/media\/2536"}],"wp:attachment":[{"href":"https:\/\/magicgamesbolivia.com\/index.php\/wp-json\/wp\/v2\/media?parent=2535"}],"wp:term":[{"taxonomy":"product_brand","embeddable":true,"href":"https:\/\/magicgamesbolivia.com\/index.php\/wp-json\/wp\/v2\/product_brand?post=2535"},{"taxonomy":"product_cat","embeddable":true,"href":"https:\/\/magicgamesbolivia.com\/index.php\/wp-json\/wp\/v2\/product_cat?post=2535"},{"taxonomy":"product_tag","embeddable":true,"href":"https:\/\/magicgamesbolivia.com\/index.php\/wp-json\/wp\/v2\/product_tag?post=2535"}],"curies":[{"name":"wp","href":"https:\/\/api.w.org\/{rel}","templated":true}]}}