{"id":2511,"date":"2022-06-22T16:01:46","date_gmt":"2022-06-22T16:01:46","guid":{"rendered":"http:\/\/magicgamesbolivia.com\/?post_type=product&#038;p=2511"},"modified":"2026-03-06T14:23:24","modified_gmt":"2026-03-06T14:23:24","slug":"dixit-nueva-edicion","status":"publish","type":"product","link":"https:\/\/magicgamesbolivia.com\/index.php\/product\/dixit-nueva-edicion\/","title":{"rendered":"Dixit Nueva Edicion"},"content":{"rendered":"<p>Entonces, \u00bfcu\u00e1les son estos cambios? Pues el m\u00e1s significativo es que este nuevo Dixit aumenta su n\u00famero m\u00e1ximo de jugadores de seis a ocho, lo que nos va a permitir compartir la magia de sus ilustraciones con hasta dos amigos m\u00e1s.<\/p>\n<p>Adem\u00e1s, el nuevo Dixit incluye toda una serie de cambios est\u00e9ticos empezando por su nueva caja, su nuevo tablero y el a\u00f1adido de unos pr\u00e1cticos diales para realizar las votaciones y que vienen a sustituir los tokens de la edici\u00f3n anterior.<\/p>\n<p>Lo que no ha cambiado son las cartas, esas peque\u00f1as obras de arte capaces de sugerirnos mil historias, situaciones y personajes y con las que dejar volar la imaginaci\u00f3n en cada ronda de la partida. \u00a1Y por supuesto este nuevo Dixit es totalmente compatible con cualquiera de las cajas de ampliaci\u00f3n que han aparecido hasta ahora!<\/p>\n","protected":false},"excerpt":{"rendered":"<p>Dixit es uno de esos t\u00edtulos que no puede faltar en ninguna colecci\u00f3n de juegos de mesa que se precie por la originalidad de su propuesta, la sencillez de sus reglas y la ingente cantidad de horas de diversi\u00f3n que lleva proporcionando desde hace a\u00f1os a jugadores de todo el mundo. Y eso sin contar con las much\u00edsimas ampliaciones que tenemos a nuestra disposici\u00f3n, que literalmente multiplican por mil su capacidad de entretener.<\/p>\n<p>Tanto si eres un fan\u00e1tico de\u00a0<a href=\"https:\/\/b2b.asmodee.es\/dixit-classic-libdix01ml2\"><em>Dixit<\/em><\/a>\u00a0como si eres de los que nunca ha tenido ocasi\u00f3n de probarlo, tenemos una noticia de vital importancia para ti: \u00a1Dixit vuelve renovado!<\/p>\n","protected":false},"featured_media":2512,"comment_status":"open","ping_status":"closed","template":"","meta":{"_themeisle_gutenberg_block_has_review":false},"product_brand":[],"product_cat":[123,29],"product_tag":[124,367,368],"class_list":{"0":"post-2511","1":"product","2":"type-product","3":"status-publish","4":"has-post-thumbnail","6":"product_cat-otros-juegos","7":"product_cat-juegos-de-mesa","8":"product_tag-dixit","9":"product_tag-dixitbase","10":"product_tag-nuevaedicion","12":"first","13":"instock","14":"sold-individually","15":"shipping-taxable","16":"purchasable","17":"product-type-simple"},"_links":{"self":[{"href":"https:\/\/magicgamesbolivia.com\/index.php\/wp-json\/wp\/v2\/product\/2511","targetHints":{"allow":["GET"]}}],"collection":[{"href":"https:\/\/magicgamesbolivia.com\/index.php\/wp-json\/wp\/v2\/product"}],"about":[{"href":"https:\/\/magicgamesbolivia.com\/index.php\/wp-json\/wp\/v2\/types\/product"}],"replies":[{"embeddable":true,"href":"https:\/\/magicgamesbolivia.com\/index.php\/wp-json\/wp\/v2\/comments?post=2511"}],"version-history":[{"count":1,"href":"https:\/\/magicgamesbolivia.com\/index.php\/wp-json\/wp\/v2\/product\/2511\/revisions"}],"predecessor-version":[{"id":2515,"href":"https:\/\/magicgamesbolivia.com\/index.php\/wp-json\/wp\/v2\/product\/2511\/revisions\/2515"}],"wp:featuredmedia":[{"embeddable":true,"href":"https:\/\/magicgamesbolivia.com\/index.php\/wp-json\/wp\/v2\/media\/2512"}],"wp:attachment":[{"href":"https:\/\/magicgamesbolivia.com\/index.php\/wp-json\/wp\/v2\/media?parent=2511"}],"wp:term":[{"taxonomy":"product_brand","embeddable":true,"href":"https:\/\/magicgamesbolivia.com\/index.php\/wp-json\/wp\/v2\/product_brand?post=2511"},{"taxonomy":"product_cat","embeddable":true,"href":"https:\/\/magicgamesbolivia.com\/index.php\/wp-json\/wp\/v2\/product_cat?post=2511"},{"taxonomy":"product_tag","embeddable":true,"href":"https:\/\/magicgamesbolivia.com\/index.php\/wp-json\/wp\/v2\/product_tag?post=2511"}],"curies":[{"name":"wp","href":"https:\/\/api.w.org\/{rel}","templated":true}]}}