{"id":2500,"date":"2022-06-22T15:42:56","date_gmt":"2022-06-22T15:42:56","guid":{"rendered":"http:\/\/magicgamesbolivia.com\/?post_type=product&#038;p=2500"},"modified":"2025-07-01T19:48:02","modified_gmt":"2025-07-01T19:48:02","slug":"2500","status":"publish","type":"product","link":"https:\/\/magicgamesbolivia.com\/index.php\/product\/2500\/","title":{"rendered":"Dixit Mirrors"},"content":{"rendered":"<div><strong>Dixit Mirrors<\/strong><\/div>\n<div>de\u00a0<strong>Jean-Louis Roubira<\/strong><\/div>\n<div>Ilustraciones<strong>:\u00a0<span class=\"ng-scope\">S\u00e9bastien Telleschi<\/span><br \/>\n<\/strong><\/div>\n<div><\/div>\n<div>\u00a1A\u00f1ade diversi\u00f3n a tu Dixit con\u00a0<em>Dixit Mirrors<\/em>! Utiliza las cartas del juego b\u00e1sico o las que incluye esta expansi\u00f3n. Tambi\u00e9n puedes mezclar ambos mazos de cartas. El juego termina cuando un jugador alcance los 30 puntos.<br \/>\n<strong>CONTENIDO:\u00a0<\/strong>84 cartas ilustradas.<br \/>\n<strong>NOTAS:\u00a0<\/strong>Para jugar con esta expansi\u00f3n se necesita el juego b\u00e1sico Dixit.<\/div>\n","protected":false},"excerpt":{"rendered":"<div><strong>Dixit Mirrors<\/strong><\/div>\n<div>de\u00a0<strong>Jean-Louis Roubira<\/strong><\/div>\n<div>Ilustraciones<strong>:\u00a0<span class=\"ng-scope\">S\u00e9bastien Telleschi<\/span><br \/>\n<\/strong><\/div>\n<div><\/div>\n<div>\u00a1A\u00f1ade diversi\u00f3n a tu Dixit con\u00a0<em>Dixit Mirrors<\/em>! Utiliza las cartas del juego b\u00e1sico o las que incluye esta expansi\u00f3n. Tambi\u00e9n puedes mezclar ambos mazos de cartas. El juego termina cuando un jugador alcance los 30 puntos.<br \/>\n<strong>CONTENIDO:\u00a0<\/strong>84 cartas ilustradas.<br \/>\n<strong>NOTAS:\u00a0<\/strong>Para jugar con esta expansi\u00f3n se necesita el juego b\u00e1sico Dixit.<\/div>\n","protected":false},"featured_media":2501,"comment_status":"open","ping_status":"closed","template":"","meta":{"_themeisle_gutenberg_block_has_review":false},"product_brand":[],"product_cat":[29,123],"product_tag":[124,288,365],"class_list":{"0":"post-2500","1":"product","2":"type-product","3":"status-publish","4":"has-post-thumbnail","6":"product_cat-juegos-de-mesa","7":"product_cat-otros-juegos","8":"product_tag-dixit","9":"product_tag-expansion","10":"product_tag-mirrors","12":"first","13":"outofstock","14":"sold-individually","15":"shipping-taxable","16":"purchasable","17":"product-type-simple"},"_links":{"self":[{"href":"https:\/\/magicgamesbolivia.com\/index.php\/wp-json\/wp\/v2\/product\/2500","targetHints":{"allow":["GET"]}}],"collection":[{"href":"https:\/\/magicgamesbolivia.com\/index.php\/wp-json\/wp\/v2\/product"}],"about":[{"href":"https:\/\/magicgamesbolivia.com\/index.php\/wp-json\/wp\/v2\/types\/product"}],"replies":[{"embeddable":true,"href":"https:\/\/magicgamesbolivia.com\/index.php\/wp-json\/wp\/v2\/comments?post=2500"}],"version-history":[{"count":2,"href":"https:\/\/magicgamesbolivia.com\/index.php\/wp-json\/wp\/v2\/product\/2500\/revisions"}],"predecessor-version":[{"id":2504,"href":"https:\/\/magicgamesbolivia.com\/index.php\/wp-json\/wp\/v2\/product\/2500\/revisions\/2504"}],"wp:featuredmedia":[{"embeddable":true,"href":"https:\/\/magicgamesbolivia.com\/index.php\/wp-json\/wp\/v2\/media\/2501"}],"wp:attachment":[{"href":"https:\/\/magicgamesbolivia.com\/index.php\/wp-json\/wp\/v2\/media?parent=2500"}],"wp:term":[{"taxonomy":"product_brand","embeddable":true,"href":"https:\/\/magicgamesbolivia.com\/index.php\/wp-json\/wp\/v2\/product_brand?post=2500"},{"taxonomy":"product_cat","embeddable":true,"href":"https:\/\/magicgamesbolivia.com\/index.php\/wp-json\/wp\/v2\/product_cat?post=2500"},{"taxonomy":"product_tag","embeddable":true,"href":"https:\/\/magicgamesbolivia.com\/index.php\/wp-json\/wp\/v2\/product_tag?post=2500"}],"curies":[{"name":"wp","href":"https:\/\/api.w.org\/{rel}","templated":true}]}}