{"id":2473,"date":"2022-05-17T14:46:07","date_gmt":"2022-05-17T14:46:07","guid":{"rendered":"http:\/\/magicgamesbolivia.com\/?post_type=product&#038;p=2473"},"modified":"2022-05-25T20:03:10","modified_gmt":"2022-05-25T20:03:10","slug":"2473","status":"publish","type":"product","link":"https:\/\/magicgamesbolivia.com\/index.php\/product\/2473\/","title":{"rendered":"Munchkin Dungeon"},"content":{"rendered":"<p><em>Entra a la Mazmorra en busca de aventura, gloria y, por supuesto, \u00a1la oportunidad de traicionar a tus amigos!<\/em><\/p>\n<p><strong>Munchkin Dungeon<\/strong>\u00a0es un\u00a0<strong>juego de mesa<\/strong>\u00a0basado en el\u00a0<strong>exitoso juego de cartas\u00a0<\/strong><strong>Munchkin<\/strong>,\u00a0Munchkin Dungeon\u00a0es un\u00a0<strong>juego competitivo<\/strong>\u00a0en el que tendr\u00e1s que\u00a0<strong>tentar tu suerte<\/strong>.<\/p>\n<p>El\u00a0<strong>objetivo<\/strong>\u00a0del juego es conseguir\u00a0<strong>ser el h\u00e9roe m\u00e1s famoso<\/strong>. Esto se consigue consiguiendo bot\u00edn y matando muchos monstruos, y cuanto m\u00e1s peligrosos mejor, hasta llegar al jefe final. As\u00ed de f\u00e1cil: habr\u00e1 que\u00a0<strong>ir consiguiendo tesoros y creciendo en nive<\/strong>l para poder afrontar esos desaf\u00edos.<\/p>\n<p>En primer lugar, debes de\u00a0<strong>elegir tu h\u00e9roe favorito<\/strong>. \u00bfSer\u00e1s un Guerrero, un Mago, un Cl\u00e9rigo? En su panel de h\u00e9roe encontrar\u00e1s toda la informaci\u00f3n que necesitas: su clase, Nivel, Puntos de H\u00e9roe, Dados de combate y Puntos de Vida, Armas y su manera de puntura. Todo resumidito y muy claro.<\/p>\n<p>Despu\u00e9s podemos fijarnos en la mazmorra. Esta\u00a0<strong>consta de un mont\u00f3n de habitaciones<\/strong>\u00a0y cuevas, cuyo nivel de peligro va creciendo a medida que descendemos en las profundidades.\u00a0 En las mazmorras se indica el\u00a0<strong>Nivel de dificultad y las recompensas que conseguimos, y colocaremos all\u00ed una cara de Habitaci\u00f3n<\/strong>, que nos indicar\u00e1 que esconde. En los laterales, del tablero encontramos el indicador de Fama (\u00bfqu\u00e9 h\u00e9roe conseguir\u00e1 ser m\u00e1s famoso?), la reserva de bot\u00edn (con premios que nos llevaremos al matar a los monstruos) y el cementerio de Monstruos.<\/p>\n<p>\u00a1Comencemos! Tras preparar adecuadamente el tablero, ser\u00e1 el turno del primer jugador. En cada turno\u00a0<strong>se puede hacer estas cuatro cosas, en este orden: Derribar una puerta, Meterse en L\u00edos, Resolver la Habitaci\u00f3n y Saquear y descansar.<\/strong><\/p>\n<p>Al Derribar la puerta, entras en una nueva habitaci\u00f3n,<strong>\u00a0siguiendo los caminos o escaleras del mapa<\/strong>. Nada m\u00e1s entrar dar\u00e1s la vuelta a la carta, revelando su contenido. Despu\u00e9s recibir\u00e1s las recompensas, y\u00a0<strong>a\u00f1adir\u00e1s contadores de Amenaza<\/strong>\u00a0correspondientes, para indicar que la cosas se ponen cada vez m\u00e1s dif\u00edcil. Podr\u00e1s avanzar las habitaciones que quieras (m\u00ednimo una) hasta que te encuentres a un monstruo u otro h\u00e9roe.<\/p>\n<p>Despu\u00e9s,\u00a0<strong>te Meter\u00e1s en l\u00edos:<\/strong>\u00a0el resto de jugadores<strong>\u00a0te lanzar\u00e1n sus cartas de Amenaza<\/strong>, para tratar de fastidiarte. Cada carta lanzada restar\u00e1 un contador de Amenaza. \u00a1Tus rivales pueden discutir como hacer combos para dejarte fuera de combate!\u00a0<strong>Los efectos de las cartas se resolver\u00e1n de inmediato.<\/strong><\/p>\n<p>En caso de que haya un Monstruo en la habitaci\u00f3n, o\u00a0<strong>que alguien juegue una carta de Amenaza de Monstruo<\/strong>, no podr\u00e1s avanzar y es el momento de luchar. Para ello,\u00a0<strong>tirar\u00e1s tus dados de combate<\/strong>\u00a0(teniendo en cuenta tu nivel, armas, etc&#8230;)\u00a0 Los dados tienen varios s\u00edmbolos: las Espadas significan 1 impacto, los escudos te protegen de 1 impacto rival y los Rayos activan un objeto, arma o poder especial (una vez por lucha).<\/p>\n<p>Los monstruos har\u00e1n lo mismo,<strong>\u00a0sumando todos sus datos<\/strong>. Se contar\u00e1n los impactos y las defensas y se restar\u00e1 del total de Puntos de Vida. Para derrotar a un Monstruo debes de quitarle todos los puntos de Vida en un \u00fanico turno:\u00a0<strong>las heridas se regeneran y no se acumulan de turno a turno<\/strong>.\u00a0Los monstruos eliminados ir\u00e1n al cementerio de Monstruos, pero solo puede haber dos figuras ah\u00ed: seg\u00fan entren nuevos monstruos derrotados, los primeros volver\u00e1n a su habitaci\u00f3n de origen.<\/p>\n<p>\u00bfY si eres t\u00fa el que muere? No te preocupes, tu partida sigue. Recibir\u00e1s un\u00a0<strong>contador de Verg\u00fcenza<\/strong>\u00a0(ay), pero volver\u00e1s a la entrada de la mazmorra con tu equipo y puntuaciones intactas.<\/p>\n<p>\u00a1Tras esto llegar\u00e1 el momento de conseguir tu bot\u00edn! Incluso si t\u00fa tambi\u00e9n eres derrotado,\u00a0<strong>conseguir\u00e1s los premios indicados en la habitaci\u00f3n<\/strong>, normalmente alg\u00fan tipo de carta de Bot\u00edn y puntos de Fama. Por \u00faltimo, recibir\u00e1s nuevas cartas de Amenaza, en caso de que no tengas 4 y podr\u00e1s usar tu Oro para subir de nivel, si has acumulado los puntos de fama necesarios.<\/p>\n<p>As\u00ed, ir\u00e1s aumentando de Nivel y de poder, consiguiendo equipo y puntos de fama mientras evitas los ataques de los otros jugadores y tratas de conseguir que\u00a0<strong>los dem\u00e1s H\u00e9roes se hagan m\u00e1s fuerte<\/strong>. Eventualmente luchar\u00e1s contra el jefe final. \u00a1Es una amenaza dif\u00edcil, pero te otorgar\u00e1 8 puntos de fama si le derrotas! \u00c9l volver\u00e1 del a muerte para afrontar a otro jugador, en una versi\u00f3n a\u00fan m\u00e1s dura. \u00a1Te conviene llegar el primero!<\/p>\n<p><strong>El juego termina<\/strong>\u00a0cuando el Jefe ha sido\u00a0<strong>derrotado 3 veces o un jugador llega a 20 puntos de fama<\/strong>. Para saber qui\u00e9n gana, sumaremos esa Fama con la que nos otorgue las cartas de Bot\u00edn, y restaremos los puntos de Verg\u00fcenza.<\/p>\n","protected":false},"excerpt":{"rendered":"<p><strong>Munchkin Dungeon<\/strong>\u00a0es un\u00a0<strong>juego de mesa<\/strong>\u00a0que\u00a0coge todo lo<strong>\u00a0bueno del rol cl\u00e1sico<\/strong>\u00a0y lo simplifica para que cada partida sea un\u00a0<strong>no parar de acci\u00f3n y diversi\u00f3n<\/strong><\/p>\n<table class=\"table-data-sheet\">\n<tbody>\n<tr class=\"odd\">\n<td>N\u00famero de jugadores:<\/td>\n<td>De 2 a 5 jugadores<\/td>\n<\/tr>\n<tr class=\"even\">\n<td>Duraci\u00f3n aproximada del juego:<\/td>\n<td>75 minutos<\/td>\n<\/tr>\n<tr class=\"odd\">\n<td>Edad m\u00ednima recomendada:<\/td>\n<td>14 a\u00f1os<\/td>\n<\/tr>\n<tr class=\"even\">\n<td>Tipo:<\/td>\n<td>Juego de tablero<\/td>\n<\/tr>\n<tr class=\"odd\">\n<td>G\u00e9nero:<\/td>\n<td>Estrategia<\/td>\n<\/tr>\n<tr class=\"even\">\n<td>Idioma:<\/td>\n<td>Espa\u00f1ol<\/td>\n<\/tr>\n<tr class=\"odd\">\n<td>Marca:<\/td>\n<td>Edge Entertainment<\/td>\n<\/tr>\n<\/tbody>\n<\/table>\n","protected":false},"featured_media":2474,"comment_status":"open","ping_status":"closed","template":"","meta":{"_themeisle_gutenberg_block_has_review":false},"product_brand":[],"product_cat":[29,104],"product_tag":[357,181,155,358,227],"class_list":{"0":"post-2473","1":"product","2":"type-product","3":"status-publish","4":"has-post-thumbnail","6":"product_cat-juegos-de-mesa","7":"product_cat-edge","8":"product_tag-dungeon","9":"product_tag-edge","10":"product_tag-juegosdemesa","11":"product_tag-miniaturas","12":"product_tag-rol","14":"first","15":"outofstock","16":"shipping-taxable","17":"purchasable","18":"product-type-simple"},"_links":{"self":[{"href":"https:\/\/magicgamesbolivia.com\/index.php\/wp-json\/wp\/v2\/product\/2473","targetHints":{"allow":["GET"]}}],"collection":[{"href":"https:\/\/magicgamesbolivia.com\/index.php\/wp-json\/wp\/v2\/product"}],"about":[{"href":"https:\/\/magicgamesbolivia.com\/index.php\/wp-json\/wp\/v2\/types\/product"}],"replies":[{"embeddable":true,"href":"https:\/\/magicgamesbolivia.com\/index.php\/wp-json\/wp\/v2\/comments?post=2473"}],"version-history":[{"count":2,"href":"https:\/\/magicgamesbolivia.com\/index.php\/wp-json\/wp\/v2\/product\/2473\/revisions"}],"predecessor-version":[{"id":2477,"href":"https:\/\/magicgamesbolivia.com\/index.php\/wp-json\/wp\/v2\/product\/2473\/revisions\/2477"}],"wp:featuredmedia":[{"embeddable":true,"href":"https:\/\/magicgamesbolivia.com\/index.php\/wp-json\/wp\/v2\/media\/2474"}],"wp:attachment":[{"href":"https:\/\/magicgamesbolivia.com\/index.php\/wp-json\/wp\/v2\/media?parent=2473"}],"wp:term":[{"taxonomy":"product_brand","embeddable":true,"href":"https:\/\/magicgamesbolivia.com\/index.php\/wp-json\/wp\/v2\/product_brand?post=2473"},{"taxonomy":"product_cat","embeddable":true,"href":"https:\/\/magicgamesbolivia.com\/index.php\/wp-json\/wp\/v2\/product_cat?post=2473"},{"taxonomy":"product_tag","embeddable":true,"href":"https:\/\/magicgamesbolivia.com\/index.php\/wp-json\/wp\/v2\/product_tag?post=2473"}],"curies":[{"name":"wp","href":"https:\/\/api.w.org\/{rel}","templated":true}]}}