{"id":2461,"date":"2022-05-16T21:28:47","date_gmt":"2022-05-16T21:28:47","guid":{"rendered":"http:\/\/magicgamesbolivia.com\/?post_type=product&#038;p=2461"},"modified":"2024-10-07T01:37:00","modified_gmt":"2024-10-07T01:37:00","slug":"exploding-minions","status":"publish","type":"product","link":"https:\/\/magicgamesbolivia.com\/index.php\/product\/exploding-minions\/","title":{"rendered":"EXPLOIDING MINIONS"},"content":{"rendered":"<p>Si hay algo que caracteriza a la marca de\u00a0<strong><a href=\"https:\/\/www.explodingkittens.com\/\">Exploding Kittens<\/a>,<\/strong>\u00a0es su afici\u00f3n por los juegos de humor. Fruto de esto no hab\u00eda mejor mezcla que combinarlos con los felices seres amarillos para presentar\u00a0<em><strong>Exploding Minions<\/strong><\/em>.<\/p>\n<p><em><strong>Exploding Minions<\/strong><\/em>\u00a0es un juego de cartas que utiliza el sistema de su antecesor a\u00f1adiendo algunas peque\u00f1as modificaciones. Pl\u00e1tanos m\u00e1gicos, cartas que cambien la situaci\u00f3n de la partida y otros efectos, ser\u00e1n los alicientes que veamos en esta nueva caja.<\/p>\n<p>Los dise\u00f1adores\u00a0<strong>Matthew Inman<\/strong>\u00a0y\u00a0<strong>Elan Lee<\/strong>\u00a0no han querido alejarse del sello que caracteriza a la l\u00ednea, por lo que este nuevo t\u00edtulo seguir\u00e1 con el mismo esp\u00edritu.<\/p>\n","protected":false},"excerpt":{"rendered":"<p><em><strong>\u00a1Exploding Minions!<\/strong><\/em>\u00a0una nueva versi\u00f3n de tu querido Exploding Kittens en el que ahora jugaras con los incre\u00edbles Minions.<\/p>\n<p>Nuevos tipos de cartas y\u2026 \u00a1pl\u00e1tanos m\u00e1gicos!\u00a0<em><strong>Exploding Minions<\/strong><\/em>\u00a0es una suerte de ruleta rusa impulsada por Minions en la que los jugadores se turnan para robar cartas hasta que alguien roba un Minion explosivo y pierde la partida.<\/p>\n<p>El mazo est\u00e1 formado por cartas que te permiten evitar explotar mirando las cartas antes de robarlas, obligando a tu oponente a robar varias cartas o barajando el mazo.<\/p>\n<p>Cada partida se vuelve cada vez m\u00e1s intensa con cada carta que robas, cada carta que robes significar\u00e1 un mazo m\u00e1s peque\u00f1o y m\u00e1s posibilidades de robar el Minion explosivo.<\/p>\n<p>Esta nueva reimplementaci\u00f3n trae consigo una nueva carta que cambia el juego y que permite a los jugadores clonar cartas.<\/p>\n<p>7 o +<\/p>\n<p>de 2 a 5 jugadores<\/p>\n<p>&nbsp;<\/p>\n","protected":false},"featured_media":2462,"comment_status":"open","ping_status":"closed","template":"","meta":{"_themeisle_gutenberg_block_has_review":false},"product_brand":[],"product_cat":[123,29],"product_tag":[350,219,349,351,330],"class_list":{"0":"post-2461","1":"product","2":"type-product","3":"status-publish","4":"has-post-thumbnail","6":"product_cat-otros-juegos","7":"product_cat-juegos-de-mesa","8":"product_tag-exploiding","9":"product_tag-juegodecartas","10":"product_tag-minion","11":"product_tag-partygames","12":"product_tag-tematico","14":"first","15":"outofstock","16":"sold-individually","17":"shipping-taxable","18":"purchasable","19":"product-type-simple"},"_links":{"self":[{"href":"https:\/\/magicgamesbolivia.com\/index.php\/wp-json\/wp\/v2\/product\/2461","targetHints":{"allow":["GET"]}}],"collection":[{"href":"https:\/\/magicgamesbolivia.com\/index.php\/wp-json\/wp\/v2\/product"}],"about":[{"href":"https:\/\/magicgamesbolivia.com\/index.php\/wp-json\/wp\/v2\/types\/product"}],"replies":[{"embeddable":true,"href":"https:\/\/magicgamesbolivia.com\/index.php\/wp-json\/wp\/v2\/comments?post=2461"}],"version-history":[{"count":3,"href":"https:\/\/magicgamesbolivia.com\/index.php\/wp-json\/wp\/v2\/product\/2461\/revisions"}],"predecessor-version":[{"id":3663,"href":"https:\/\/magicgamesbolivia.com\/index.php\/wp-json\/wp\/v2\/product\/2461\/revisions\/3663"}],"wp:featuredmedia":[{"embeddable":true,"href":"https:\/\/magicgamesbolivia.com\/index.php\/wp-json\/wp\/v2\/media\/2462"}],"wp:attachment":[{"href":"https:\/\/magicgamesbolivia.com\/index.php\/wp-json\/wp\/v2\/media?parent=2461"}],"wp:term":[{"taxonomy":"product_brand","embeddable":true,"href":"https:\/\/magicgamesbolivia.com\/index.php\/wp-json\/wp\/v2\/product_brand?post=2461"},{"taxonomy":"product_cat","embeddable":true,"href":"https:\/\/magicgamesbolivia.com\/index.php\/wp-json\/wp\/v2\/product_cat?post=2461"},{"taxonomy":"product_tag","embeddable":true,"href":"https:\/\/magicgamesbolivia.com\/index.php\/wp-json\/wp\/v2\/product_tag?post=2461"}],"curies":[{"name":"wp","href":"https:\/\/api.w.org\/{rel}","templated":true}]}}