{"id":2454,"date":"2022-05-16T21:13:07","date_gmt":"2022-05-16T21:13:07","guid":{"rendered":"http:\/\/magicgamesbolivia.com\/?post_type=product&#038;p=2454"},"modified":"2026-01-07T17:14:48","modified_gmt":"2026-01-07T17:14:48","slug":"gloomhaven","status":"publish","type":"product","link":"https:\/\/magicgamesbolivia.com\/index.php\/product\/gloomhaven\/","title":{"rendered":"GLOOMHAVEN"},"content":{"rendered":"<p><em><strong>\u00a1Bienvenidos a Gloomhaven!<\/strong><\/em><\/p>\n<p><em>Ser un mercenario en la frontera de la civilizaci\u00f3n no es nada f\u00e1cil. A aquellos lo suficientemente est\u00fapidos o valientes como para dejar la relativa seguridad de los muros de Gloomhaven, la aventura, la riqueza y la fama les esperan en los bosques salvajes y sombr\u00edos, las cuevas nevadas de las monta\u00f1as y las criptas largo tiempo olvidadas. Simplemente no esperes que nadie pague por tus servicios por adelantado, porque nadie espera que vuelvas.<\/em><\/p>\n<p><strong>Gloomhaven\u00a0<\/strong>es un juego de mesa cooperativo de<strong>\u00a0combate t\u00e1ctico en un mundo de fantas\u00eda \u00fanico y en evoluci\u00f3n.<\/strong>\u00a0Cada jugador asumir\u00e1 el papel de un mercenario curtido con sus propios intereses personales. Juntos, los jugadores<strong>\u00a0luchar\u00e1n a trav\u00e9s de una campa\u00f1a de escenarios<\/strong>\u00a0que reaccionan y cambian en funci\u00f3n de las acciones de los jugadores, creando un exclusivo tipo de juego lleno de tesoros descubiertos, aventureros retirados y opciones permanentes. Cada escenario ofrece a los jugadores decisiones t\u00e1cticas profundas, donde las cartas de habilidad tienen m\u00faltiples usos, y usar la habilidad correcta en el momento adecuado puede significar la diferencia entre el \u00e9xito y el fracaso.<\/p>\n<p>Gloomhaven\u00a0ofrece\u00a0<strong>un combate t\u00e1ctico sin dados contra enemigos totalmente automatizados,<\/strong>\u00a0cada uno con sus propios patrones de comportamiento. En esta caja, los jugadores encontrar\u00e1n una experiencia de campa\u00f1a de fantas\u00eda totalmente desarrollada de un alcance y profundidad sin precedentes.<\/p>\n","protected":false},"excerpt":{"rendered":"<p><strong>Gloomhaven\u00a0<\/strong>es un juego de mesa cooperativo de<strong>\u00a0combate t\u00e1ctico en un mundo de fantas\u00eda \u00fanico y en evoluci\u00f3n.<\/strong>\u00a0Cada jugador asumir\u00e1 el papel de un mercenario curtido con sus propios intereses personales. Juntos, los jugadores<strong>\u00a0luchar\u00e1n a trav\u00e9s de una campa\u00f1a de escenarios<\/strong>\u00a0que reaccionan y cambian en funci\u00f3n de las acciones de los jugadores, creando un exclusivo tipo de juego<\/p>\n<table class=\"table-data-sheet\">\n<tbody>\n<tr class=\"odd\">\n<td>N\u00famero de jugadores:<\/td>\n<td>De 1 a 4 jugadores<\/td>\n<\/tr>\n<tr class=\"even\">\n<td>Duraci\u00f3n aproximada del juego:<\/td>\n<td>90 minutos<\/td>\n<\/tr>\n<tr class=\"odd\">\n<td>Edad m\u00ednima recomendada:<\/td>\n<td>14 a\u00f1os<\/td>\n<\/tr>\n<tr class=\"even\">\n<td>Tipo:<\/td>\n<td>Juego de tablero<\/td>\n<\/tr>\n<tr class=\"odd\">\n<td>G\u00e9nero:<\/td>\n<td>Estrategia<\/td>\n<\/tr>\n<tr class=\"even\">\n<td>Idioma:<\/td>\n<td>Espa\u00f1ol<\/td>\n<\/tr>\n<tr class=\"odd\">\n<td>Marca:<\/td>\n<td>Asmodee<\/td>\n<\/tr>\n<\/tbody>\n<\/table>\n","protected":false},"featured_media":2455,"comment_status":"open","ping_status":"closed","template":"","meta":{"_themeisle_gutenberg_block_has_review":false},"product_brand":[],"product_cat":[123,29],"product_tag":[344,345,343,155,346],"class_list":{"0":"post-2454","1":"product","2":"type-product","3":"status-publish","4":"has-post-thumbnail","6":"product_cat-otros-juegos","7":"product_cat-juegos-de-mesa","8":"product_tag-bgg","9":"product_tag-boargames","10":"product_tag-gloomhaven","11":"product_tag-juegosdemesa","12":"product_tag-top1","14":"first","15":"outofstock","16":"sold-individually","17":"shipping-taxable","18":"purchasable","19":"product-type-simple"},"_links":{"self":[{"href":"https:\/\/magicgamesbolivia.com\/index.php\/wp-json\/wp\/v2\/product\/2454","targetHints":{"allow":["GET"]}}],"collection":[{"href":"https:\/\/magicgamesbolivia.com\/index.php\/wp-json\/wp\/v2\/product"}],"about":[{"href":"https:\/\/magicgamesbolivia.com\/index.php\/wp-json\/wp\/v2\/types\/product"}],"replies":[{"embeddable":true,"href":"https:\/\/magicgamesbolivia.com\/index.php\/wp-json\/wp\/v2\/comments?post=2454"}],"version-history":[{"count":2,"href":"https:\/\/magicgamesbolivia.com\/index.php\/wp-json\/wp\/v2\/product\/2454\/revisions"}],"predecessor-version":[{"id":2487,"href":"https:\/\/magicgamesbolivia.com\/index.php\/wp-json\/wp\/v2\/product\/2454\/revisions\/2487"}],"wp:featuredmedia":[{"embeddable":true,"href":"https:\/\/magicgamesbolivia.com\/index.php\/wp-json\/wp\/v2\/media\/2455"}],"wp:attachment":[{"href":"https:\/\/magicgamesbolivia.com\/index.php\/wp-json\/wp\/v2\/media?parent=2454"}],"wp:term":[{"taxonomy":"product_brand","embeddable":true,"href":"https:\/\/magicgamesbolivia.com\/index.php\/wp-json\/wp\/v2\/product_brand?post=2454"},{"taxonomy":"product_cat","embeddable":true,"href":"https:\/\/magicgamesbolivia.com\/index.php\/wp-json\/wp\/v2\/product_cat?post=2454"},{"taxonomy":"product_tag","embeddable":true,"href":"https:\/\/magicgamesbolivia.com\/index.php\/wp-json\/wp\/v2\/product_tag?post=2454"}],"curies":[{"name":"wp","href":"https:\/\/api.w.org\/{rel}","templated":true}]}}