{"id":2446,"date":"2022-05-16T16:23:45","date_gmt":"2022-05-16T16:23:45","guid":{"rendered":"http:\/\/magicgamesbolivia.com\/?post_type=product&#038;p=2446"},"modified":"2025-05-10T12:35:58","modified_gmt":"2025-05-10T12:35:58","slug":"dune-un-juego-de-conquista-y-diplomacia","status":"publish","type":"product","link":"https:\/\/magicgamesbolivia.com\/index.php\/product\/dune-un-juego-de-conquista-y-diplomacia\/","title":{"rendered":"DUNE: Un juego de conquista y diplomacia"},"content":{"rendered":"<p>UN JUEGO DE CONQUISTA Y DIPLOMACIA<\/p>\n<p>DESTRUYE A TUS ENEMIGOS TRAICIONA A TUS ALIADOS CONQUISTA DUNE<\/p>\n<p>Forma parte de una de las sagas de ciencia ficci\u00f3n m\u00e1s famosas de todos los tiempos.<\/p>\n<p>En DUNE, te pondr\u00e1s al mando de una de las cuatro facciones (Atreides, Harkonnen, Fremen o el Imperio) que pugnan por el control del recurso m\u00e1s valioso del universo: la especia melange, una sustancia misteriosa que solo puede extraerse con un tremendo esfuerzo en el planeta Dune.<\/p>\n<p>Transporta tus huestes a Dune, cosecha especia, toma el control de las fortalezas del desierto y acaba con tus enemigos.<\/p>\n<p>\u00bfQui\u00e9n controlar\u00e1 DUNE? \u00a1T\u00fa decides!<\/p>\n","protected":false},"excerpt":{"rendered":"<p>En DUNE, te pondr\u00e1s al mando de una de las cuatro facciones (Atreides, Harkonnen, Fremen o el Imperio) que pugnan por el control del recurso m\u00e1s valioso del universo: la especia melange, una sustancia misteriosa que solo puede extraerse con un tremendo esfuerzo en el planeta Dune.<\/p>\n<p>Duraci\u00f3n M\u00ednima (Min.) 20 Duraci\u00f3n M\u00e1xima (Min.)60<\/p>\n<p>N\u00ba De Jugadores M\u00ednimo2 N\u00ba De Jugadores M\u00e1ximo 4<\/p>\n<p>Idioma Castellano Edad M\u00ednima 14<\/p>\n","protected":false},"featured_media":2447,"comment_status":"open","ping_status":"closed","template":"","meta":{"_themeisle_gutenberg_block_has_review":false},"product_brand":[],"product_cat":[123,29],"product_tag":[156,339,155],"class_list":{"0":"post-2446","1":"product","2":"type-product","3":"status-publish","4":"has-post-thumbnail","6":"product_cat-otros-juegos","7":"product_cat-juegos-de-mesa","8":"product_tag-boardgames","9":"product_tag-dune","10":"product_tag-juegosdemesa","12":"first","13":"outofstock","14":"sold-individually","15":"shipping-taxable","16":"purchasable","17":"product-type-simple"},"_links":{"self":[{"href":"https:\/\/magicgamesbolivia.com\/index.php\/wp-json\/wp\/v2\/product\/2446","targetHints":{"allow":["GET"]}}],"collection":[{"href":"https:\/\/magicgamesbolivia.com\/index.php\/wp-json\/wp\/v2\/product"}],"about":[{"href":"https:\/\/magicgamesbolivia.com\/index.php\/wp-json\/wp\/v2\/types\/product"}],"replies":[{"embeddable":true,"href":"https:\/\/magicgamesbolivia.com\/index.php\/wp-json\/wp\/v2\/comments?post=2446"}],"version-history":[{"count":2,"href":"https:\/\/magicgamesbolivia.com\/index.php\/wp-json\/wp\/v2\/product\/2446\/revisions"}],"predecessor-version":[{"id":3664,"href":"https:\/\/magicgamesbolivia.com\/index.php\/wp-json\/wp\/v2\/product\/2446\/revisions\/3664"}],"wp:featuredmedia":[{"embeddable":true,"href":"https:\/\/magicgamesbolivia.com\/index.php\/wp-json\/wp\/v2\/media\/2447"}],"wp:attachment":[{"href":"https:\/\/magicgamesbolivia.com\/index.php\/wp-json\/wp\/v2\/media?parent=2446"}],"wp:term":[{"taxonomy":"product_brand","embeddable":true,"href":"https:\/\/magicgamesbolivia.com\/index.php\/wp-json\/wp\/v2\/product_brand?post=2446"},{"taxonomy":"product_cat","embeddable":true,"href":"https:\/\/magicgamesbolivia.com\/index.php\/wp-json\/wp\/v2\/product_cat?post=2446"},{"taxonomy":"product_tag","embeddable":true,"href":"https:\/\/magicgamesbolivia.com\/index.php\/wp-json\/wp\/v2\/product_tag?post=2446"}],"curies":[{"name":"wp","href":"https:\/\/api.w.org\/{rel}","templated":true}]}}