{"id":2436,"date":"2022-05-12T21:30:05","date_gmt":"2022-05-12T21:30:05","guid":{"rendered":"http:\/\/magicgamesbolivia.com\/?post_type=product&#038;p=2436"},"modified":"2024-07-01T15:35:28","modified_gmt":"2024-07-01T15:35:28","slug":"micromacro-crime-city","status":"publish","type":"product","link":"https:\/\/magicgamesbolivia.com\/index.php\/product\/micromacro-crime-city\/","title":{"rendered":"MICRO MACRO : CRIME CITY"},"content":{"rendered":"<p><em>Bienvenidos a Crime City, una ciudad donde el crimen acecha en cada rinc\u00f3n.<\/em><\/p>\n<p><em>Aqu\u00ed, los secretos mortales, robos sigilosos y asesinatos a sangre fr\u00eda son el pan de cada d\u00eda. La polic\u00eda local ha perdido el control sobre la situaci\u00f3n. \u00a1Por eso, vuestras habilidades detectivescas son indispensables!<\/em><\/p>\n<p><strong>MicroMacro Crime City<\/strong>\u00a0es un\u00a0<strong>juego de mesa<\/strong>\u00a0<strong>cooperativo<\/strong>\u00a0de\u00a0<strong>detectives<\/strong>. Juntos resolver\u00e9is\u00a0<strong>intrincados casos criminales<\/strong>, averiguar\u00e9is cu\u00e1les han sido los\u00a0<strong>motivos<\/strong>, encontrar\u00e9is pruebas y\u00a0<strong>encarcelar\u00e9is a los culpables.<\/strong><\/p>\n<p>Un ojo perspicaz es\u00a0<strong>igual de importante que una deducci\u00f3n ingeniosa<\/strong>. \u00a1Este es un trabajo para\u00a0<strong>verdaderos detectives<\/strong>!<\/p>\n","protected":false},"excerpt":{"rendered":"<p>edad 10 o +<\/p>\n<p>15 a 45 minutos<\/p>\n<p>1 a 4 jugadores<\/p>\n<p>Coperativo<\/p>\n","protected":false},"featured_media":2437,"comment_status":"open","ping_status":"closed","template":"","meta":{"_themeisle_gutenberg_block_has_review":false},"product_brand":[],"product_cat":[123,29],"product_tag":[291,337,155,336],"class_list":{"0":"post-2436","1":"product","2":"type-product","3":"status-publish","4":"has-post-thumbnail","6":"product_cat-otros-juegos","7":"product_cat-juegos-de-mesa","8":"product_tag-coperativo","9":"product_tag-crimecity","10":"product_tag-juegosdemesa","11":"product_tag-micromacro","13":"first","14":"outofstock","15":"sold-individually","16":"shipping-taxable","17":"purchasable","18":"product-type-simple"},"_links":{"self":[{"href":"https:\/\/magicgamesbolivia.com\/index.php\/wp-json\/wp\/v2\/product\/2436","targetHints":{"allow":["GET"]}}],"collection":[{"href":"https:\/\/magicgamesbolivia.com\/index.php\/wp-json\/wp\/v2\/product"}],"about":[{"href":"https:\/\/magicgamesbolivia.com\/index.php\/wp-json\/wp\/v2\/types\/product"}],"replies":[{"embeddable":true,"href":"https:\/\/magicgamesbolivia.com\/index.php\/wp-json\/wp\/v2\/comments?post=2436"}],"version-history":[{"count":2,"href":"https:\/\/magicgamesbolivia.com\/index.php\/wp-json\/wp\/v2\/product\/2436\/revisions"}],"predecessor-version":[{"id":3609,"href":"https:\/\/magicgamesbolivia.com\/index.php\/wp-json\/wp\/v2\/product\/2436\/revisions\/3609"}],"wp:featuredmedia":[{"embeddable":true,"href":"https:\/\/magicgamesbolivia.com\/index.php\/wp-json\/wp\/v2\/media\/2437"}],"wp:attachment":[{"href":"https:\/\/magicgamesbolivia.com\/index.php\/wp-json\/wp\/v2\/media?parent=2436"}],"wp:term":[{"taxonomy":"product_brand","embeddable":true,"href":"https:\/\/magicgamesbolivia.com\/index.php\/wp-json\/wp\/v2\/product_brand?post=2436"},{"taxonomy":"product_cat","embeddable":true,"href":"https:\/\/magicgamesbolivia.com\/index.php\/wp-json\/wp\/v2\/product_cat?post=2436"},{"taxonomy":"product_tag","embeddable":true,"href":"https:\/\/magicgamesbolivia.com\/index.php\/wp-json\/wp\/v2\/product_tag?post=2436"}],"curies":[{"name":"wp","href":"https:\/\/api.w.org\/{rel}","templated":true}]}}