{"id":2424,"date":"2022-05-12T20:58:36","date_gmt":"2022-05-12T20:58:36","guid":{"rendered":"http:\/\/magicgamesbolivia.com\/?post_type=product&#038;p=2424"},"modified":"2025-07-17T13:42:30","modified_gmt":"2025-07-17T13:42:30","slug":"everdell","status":"publish","type":"product","link":"https:\/\/magicgamesbolivia.com\/index.php\/product\/everdell\/","title":{"rendered":"EVERDELL"},"content":{"rendered":"<p>En el interior del valle encantado de\u00a0<em>Everdell<\/em>, bajo las ramas de los imponentes \u00e1rboles, riachuelos sinuosos y cavidades musgosas, una civilizaci\u00f3n de criaturas del bosque est\u00e1 floreciendo y expandi\u00e9ndose. Desde Everfrost hasta Bellsong, los a\u00f1os han ido pasando y ha llegado la hora de asentarse en nuevos territorios y de establecer nuevas ciudades. En Everdell te convertir\u00e1s en el l\u00edder de un grupo de criaturas que intentar\u00e1n tener \u00e9xito en esta misi\u00f3n. Hay edificios que construir, alegres personajes que conocer y eventos que organizar. Tienes un a\u00f1o ajetreado por delante. \u00bfBrillar\u00e1 m\u00e1s el sol en tu ciudad antes de que la luna del invierno se alce?<\/p>\n<p><em>Everdell<\/em>\u00a0es un juego din\u00e1mico de colocaci\u00f3n de trabajadores. Coloca tus trabajadores para reunir recursos, conseguir cartas y realizar acciones especiales; y juega cartas que permitir\u00e1n desarrollar y poblar tu ciudad. Las combinaciones de cartas te permitir\u00e1n desarrollar numerosas estrategias y tendr\u00e1s una infinidad de posibilidades para trabajar en tu ciudad. El jugador que construya la ciudad con m\u00e1s puntos antes del siguiente invierno habr\u00e1 ganado.<\/p>\n","protected":false},"excerpt":{"rendered":"<div class=\"fusion-layout-column fusion_builder_column_inner fusion-builder-nested-column-0 fusion_builder_column_inner_1_2 1_2 fusion-one-half fusion-column-first\">\n<div class=\"fusion-column-wrapper fusion-flex-column-wrapper-legacy\">\n<div class=\"fusion-text fusion-text-3\">\n<div class=\"cl-juego-ii-autor\"><strong>Autor:<\/strong>\u00a0James A. Wilson<\/div>\n<div class=\"cl-juego-ii-jug\"><strong>Jugadores:<\/strong>\u00a01-4<\/div>\n<div class=\"cl-juego-ii-dur\"><strong>Duraci\u00f3n:<\/strong>\u00a040-80 minutos<\/div>\n<\/div>\n<div class=\"fusion-clearfix\"><\/div>\n<\/div>\n<\/div>\n<div class=\"fusion-layout-column fusion_builder_column_inner fusion-builder-nested-column-1 fusion_builder_column_inner_1_2 1_2 fusion-one-half fusion-column-last\">\n<div class=\"fusion-column-wrapper fusion-flex-column-wrapper-legacy\">\n<div class=\"fusion-text fusion-text-4\">\n<div class=\"cl-juego-ii-edad\"><strong>Edad:<\/strong>\u00a0a partir de 13 a\u00f1os<\/div>\n<\/div>\n<\/div>\n<\/div>\n","protected":false},"featured_media":2425,"comment_status":"open","ping_status":"closed","template":"","meta":{"_themeisle_gutenberg_block_has_review":false},"product_brand":[],"product_cat":[29,93],"product_tag":[335,218,197],"class_list":{"0":"post-2424","1":"product","2":"type-product","3":"status-publish","4":"has-post-thumbnail","6":"product_cat-juegos-de-mesa","7":"product_cat-maldito-games","8":"product_tag-everdell","9":"product_tag-juegodemesa","10":"product_tag-malditogames","12":"first","13":"outofstock","14":"sold-individually","15":"shipping-taxable","16":"purchasable","17":"product-type-simple"},"_links":{"self":[{"href":"https:\/\/magicgamesbolivia.com\/index.php\/wp-json\/wp\/v2\/product\/2424","targetHints":{"allow":["GET"]}}],"collection":[{"href":"https:\/\/magicgamesbolivia.com\/index.php\/wp-json\/wp\/v2\/product"}],"about":[{"href":"https:\/\/magicgamesbolivia.com\/index.php\/wp-json\/wp\/v2\/types\/product"}],"replies":[{"embeddable":true,"href":"https:\/\/magicgamesbolivia.com\/index.php\/wp-json\/wp\/v2\/comments?post=2424"}],"version-history":[{"count":1,"href":"https:\/\/magicgamesbolivia.com\/index.php\/wp-json\/wp\/v2\/product\/2424\/revisions"}],"predecessor-version":[{"id":2429,"href":"https:\/\/magicgamesbolivia.com\/index.php\/wp-json\/wp\/v2\/product\/2424\/revisions\/2429"}],"wp:featuredmedia":[{"embeddable":true,"href":"https:\/\/magicgamesbolivia.com\/index.php\/wp-json\/wp\/v2\/media\/2425"}],"wp:attachment":[{"href":"https:\/\/magicgamesbolivia.com\/index.php\/wp-json\/wp\/v2\/media?parent=2424"}],"wp:term":[{"taxonomy":"product_brand","embeddable":true,"href":"https:\/\/magicgamesbolivia.com\/index.php\/wp-json\/wp\/v2\/product_brand?post=2424"},{"taxonomy":"product_cat","embeddable":true,"href":"https:\/\/magicgamesbolivia.com\/index.php\/wp-json\/wp\/v2\/product_cat?post=2424"},{"taxonomy":"product_tag","embeddable":true,"href":"https:\/\/magicgamesbolivia.com\/index.php\/wp-json\/wp\/v2\/product_tag?post=2424"}],"curies":[{"name":"wp","href":"https:\/\/api.w.org\/{rel}","templated":true}]}}