{"id":2383,"date":"2022-04-26T21:50:33","date_gmt":"2022-04-26T21:50:33","guid":{"rendered":"http:\/\/magicgamesbolivia.com\/?post_type=product&#038;p=2383"},"modified":"2025-10-19T14:35:09","modified_gmt":"2025-10-19T14:35:09","slug":"castle-party","status":"publish","type":"product","link":"https:\/\/magicgamesbolivia.com\/index.php\/product\/castle-party\/","title":{"rendered":"CASTLE PARTY"},"content":{"rendered":"<p>Se trata de un juego de \u00abvoltear y escribir\u00bb, es decir, que se roban cartas y se escriben en un tablero. El jugador activo da la vuelta a una carta con una forma polin\u00f3mica y, a continuaci\u00f3n, todos colocan una carta de monstruo sobre la mesa para intentar que coincida con la forma de la carta. Finalmente, y en correspondencia con su propio lugar en la mesa y su perspectiva de la forma, los jugadores dibujan los monstruos en sus tableros personales e intentan agrupar los monstruos en familias para obtener la mejor puntuaci\u00f3n.<\/p>\n<p><strong>Castle Party<\/strong>\u00a0tiene tres fases de puntuaci\u00f3n durante las cuales los jugadores obtienen puntos en funci\u00f3n de c\u00f3mo hayan organizado a sus invitados. Cuando el viejo reloj de cuco suena por tercera y terror\u00edfica vez. En ese momento todos tienen que despedirse hasta el pr\u00f3ximo a\u00f1o y abandonar la fiesta. Sin embargo, quien haya organizado la Fiesta del Castillo m\u00e1s salvaje y divertida se ganar\u00e1 un lugar especial en el coraz\u00f3n del Rey Calabaza y ganar\u00e1 el juego.<\/p>\n","protected":false},"excerpt":{"rendered":"<p>Cada a\u00f1o el Rey Calabaza nos invita a su castillo para celebrar el baile de oto\u00f1o en su honor.\u00a0<strong>Castle Party<\/strong> es la fiesta m\u00e1s loca de la ciudad y, sin duda, la v.elada m\u00e1s imperdible para cualquier monstruo que se precie de serlo. \u00a1No te la puedes perder por nada del mundo! Los invitados van llegando al castillo del Rey Calabaza. Como es habitual, se re\u00fanen en grupos.<\/p>\n<div class=\"atributo bg-primary col-xs-4\">Cantidad de Jugadores 2-4<\/div>\n<div class=\"atributo bg-primary col-xs-4\"><i class=\"fas fa-clock\" aria-hidden=\"true\"><\/i>Tiempo de Juego 30<\/div>\n<div class=\"atributo bg-primary col-xs-4\"><i class=\"fas fa-child\" aria-hidden=\"true\"><\/i>Edad recomendada 8<\/div>\n","protected":false},"featured_media":2384,"comment_status":"open","ping_status":"closed","template":"","meta":{"_themeisle_gutenberg_block_has_review":false},"product_brand":[],"product_cat":[29,30,57],"product_tag":[31,267,278,155,308],"class_list":{"0":"post-2383","1":"product","2":"type-product","3":"status-publish","4":"has-post-thumbnail","6":"product_cat-juegos-de-mesa","7":"product_cat-devir","8":"product_cat-juegos-infantiles","9":"product_tag-devir","10":"product_tag-familiar","11":"product_tag-infantil","12":"product_tag-juegosdemesa","13":"product_tag-partygame","15":"first","16":"outofstock","17":"sold-individually","18":"shipping-taxable","19":"purchasable","20":"product-type-simple"},"_links":{"self":[{"href":"https:\/\/magicgamesbolivia.com\/index.php\/wp-json\/wp\/v2\/product\/2383","targetHints":{"allow":["GET"]}}],"collection":[{"href":"https:\/\/magicgamesbolivia.com\/index.php\/wp-json\/wp\/v2\/product"}],"about":[{"href":"https:\/\/magicgamesbolivia.com\/index.php\/wp-json\/wp\/v2\/types\/product"}],"replies":[{"embeddable":true,"href":"https:\/\/magicgamesbolivia.com\/index.php\/wp-json\/wp\/v2\/comments?post=2383"}],"version-history":[{"count":2,"href":"https:\/\/magicgamesbolivia.com\/index.php\/wp-json\/wp\/v2\/product\/2383\/revisions"}],"predecessor-version":[{"id":3611,"href":"https:\/\/magicgamesbolivia.com\/index.php\/wp-json\/wp\/v2\/product\/2383\/revisions\/3611"}],"wp:featuredmedia":[{"embeddable":true,"href":"https:\/\/magicgamesbolivia.com\/index.php\/wp-json\/wp\/v2\/media\/2384"}],"wp:attachment":[{"href":"https:\/\/magicgamesbolivia.com\/index.php\/wp-json\/wp\/v2\/media?parent=2383"}],"wp:term":[{"taxonomy":"product_brand","embeddable":true,"href":"https:\/\/magicgamesbolivia.com\/index.php\/wp-json\/wp\/v2\/product_brand?post=2383"},{"taxonomy":"product_cat","embeddable":true,"href":"https:\/\/magicgamesbolivia.com\/index.php\/wp-json\/wp\/v2\/product_cat?post=2383"},{"taxonomy":"product_tag","embeddable":true,"href":"https:\/\/magicgamesbolivia.com\/index.php\/wp-json\/wp\/v2\/product_tag?post=2383"}],"curies":[{"name":"wp","href":"https:\/\/api.w.org\/{rel}","templated":true}]}}