{"id":2374,"date":"2022-04-26T21:35:50","date_gmt":"2022-04-26T21:35:50","guid":{"rendered":"http:\/\/magicgamesbolivia.com\/?post_type=product&#038;p=2374"},"modified":"2023-07-21T17:06:29","modified_gmt":"2023-07-21T17:06:29","slug":"fallout-shelter","status":"publish","type":"product","link":"https:\/\/magicgamesbolivia.com\/index.php\/product\/fallout-shelter\/","title":{"rendered":"Fallout Shelter"},"content":{"rendered":"<p>En Fallout Shelter, juegas como uno de los oficiales de tu propio refugio, que busca la felicidad de sus Moradores y mantenerlos a salvo de la radiaci\u00f3n y las monstruosidades del Yermo que te esperan fuera de tu peque\u00f1a utop\u00eda. Tendr\u00e1s que asignar tareas a tus Moradores, gestionar los recursos del refugio y mantener a todo el mundo a salvo de las amenazas. Tengan en cuenta que aquel de ustedes que logre concitar la mayor felicidad, \u00a1se ganara\u0301 los corazones y el apoyo de sus moradores, de cara a las pro\u0301ximas elecciones!<\/p>\n<p>Las bombas han ca\u00eddo, pero por debajo de m\u00e1s de seiscientos metros de terreno rocoso, tu refugio VAULT-TEC alberga una pr\u00f3spera y dichosa comunidad&#8230; al menos, hasta la inoportuna muerte del supervisor. Ahora, tus compa\u00f1eros oficiales y t\u00fa deben mantener a los moradores de su refugio a salvo, productivos y felices. \u00a1Compite con los dem\u00e1s jugadores para ver qui\u00e9n logra concitar mayor felicidad para ser elegido nuevo supervisor!<\/p>\n","protected":false},"excerpt":{"rendered":"<p>En este juego de mesa ambientado en el videojuego Fallout podr\u00e1s descubrir lo amena que resulta la vida en un bunker \u00a1Compite con los dem\u00e1s jugadores para ver qui\u00e9n logra concitar mayor felicidad para ser elegido nuevo supervisor!<\/p>\n<table id=\"product-attribute-specs-table\" class=\"data table additional-attributes\">\n<caption class=\"table-caption\">M\u00e1s Informaci\u00f3n<\/caption>\n<tbody>\n<tr>\n<th class=\"col label\" scope=\"row\">Autor<\/th>\n<td class=\"col data\" data-th=\"Autor\">Andrew Fischer<\/td>\n<\/tr>\n<tr>\n<th class=\"col label\" scope=\"row\">BGG<\/th>\n<td class=\"col data\" data-th=\"BGG\">293889<\/td>\n<\/tr>\n<tr>\n<th class=\"col label\" scope=\"row\">Mec\u00e1nica<\/th>\n<td class=\"col data\" data-th=\"Mec\u00e1nica\">Colocaci\u00f3n de trabajadores<\/td>\n<\/tr>\n<tr>\n<th class=\"col label\" scope=\"row\">Tem\u00e1tica<\/th>\n<td class=\"col data\" data-th=\"Tem\u00e1tica\">Ciencia Ficci\u00f3n, Postapocal\u00edptico, Videojuegos<\/td>\n<\/tr>\n<tr>\n<th class=\"col label\" scope=\"row\">Si buscas&#8230;<\/th>\n<td class=\"col data\" data-th=\"Si buscas...\">Ameritrash<\/td>\n<\/tr>\n<tr>\n<th class=\"col label\" scope=\"row\">Edad<\/th>\n<td class=\"col data\" data-th=\"Edad\">de 14 a 18 a\u00f1os, m\u00e1s de 18 a\u00f1os<\/td>\n<\/tr>\n<tr>\n<th class=\"col label\" scope=\"row\">N\u00fam. jugadores<\/th>\n<td class=\"col data\" data-th=\"N\u00fam. jugadores\">2, 3, 4<\/td>\n<\/tr>\n<tr>\n<th class=\"col label\" scope=\"row\">Tiempo de juego<\/th>\n<td class=\"col data\" data-th=\"Tiempo de juego\">60 &#8211; 90 min<\/td>\n<\/tr>\n<\/tbody>\n<\/table>\n","protected":false},"featured_media":2375,"comment_status":"open","ping_status":"closed","template":"","meta":{"_themeisle_gutenberg_block_has_review":false},"product_brand":[],"product_cat":[123,29],"product_tag":[156,116,218],"class_list":{"0":"post-2374","1":"product","2":"type-product","3":"status-publish","4":"has-post-thumbnail","6":"product_cat-otros-juegos","7":"product_cat-juegos-de-mesa","8":"product_tag-boardgames","9":"product_tag-fallout","10":"product_tag-juegodemesa","12":"first","13":"outofstock","14":"sold-individually","15":"shipping-taxable","16":"purchasable","17":"product-type-simple"},"_links":{"self":[{"href":"https:\/\/magicgamesbolivia.com\/index.php\/wp-json\/wp\/v2\/product\/2374","targetHints":{"allow":["GET"]}}],"collection":[{"href":"https:\/\/magicgamesbolivia.com\/index.php\/wp-json\/wp\/v2\/product"}],"about":[{"href":"https:\/\/magicgamesbolivia.com\/index.php\/wp-json\/wp\/v2\/types\/product"}],"replies":[{"embeddable":true,"href":"https:\/\/magicgamesbolivia.com\/index.php\/wp-json\/wp\/v2\/comments?post=2374"}],"version-history":[{"count":2,"href":"https:\/\/magicgamesbolivia.com\/index.php\/wp-json\/wp\/v2\/product\/2374\/revisions"}],"predecessor-version":[{"id":2378,"href":"https:\/\/magicgamesbolivia.com\/index.php\/wp-json\/wp\/v2\/product\/2374\/revisions\/2378"}],"wp:featuredmedia":[{"embeddable":true,"href":"https:\/\/magicgamesbolivia.com\/index.php\/wp-json\/wp\/v2\/media\/2375"}],"wp:attachment":[{"href":"https:\/\/magicgamesbolivia.com\/index.php\/wp-json\/wp\/v2\/media?parent=2374"}],"wp:term":[{"taxonomy":"product_brand","embeddable":true,"href":"https:\/\/magicgamesbolivia.com\/index.php\/wp-json\/wp\/v2\/product_brand?post=2374"},{"taxonomy":"product_cat","embeddable":true,"href":"https:\/\/magicgamesbolivia.com\/index.php\/wp-json\/wp\/v2\/product_cat?post=2374"},{"taxonomy":"product_tag","embeddable":true,"href":"https:\/\/magicgamesbolivia.com\/index.php\/wp-json\/wp\/v2\/product_tag?post=2374"}],"curies":[{"name":"wp","href":"https:\/\/api.w.org\/{rel}","templated":true}]}}