{"id":2302,"date":"2022-03-28T13:59:36","date_gmt":"2022-03-28T13:59:36","guid":{"rendered":"http:\/\/magicgamesbolivia.com\/?post_type=product&#038;p=2302"},"modified":"2025-01-04T15:48:42","modified_gmt":"2025-01-04T15:48:42","slug":"llamaland","status":"publish","type":"product","link":"https:\/\/magicgamesbolivia.com\/index.php\/product\/llamaland\/","title":{"rendered":"LLAMALAND"},"content":{"rendered":"<p>Siembra tus campos de cultivo en alturas de v\u00e9rtigo para conseguir las ansiadas cartas de Llama. Con ellas, podr\u00e1s colocar Llamas en tu tablero de jugador y sumar puntos de victoria al final de la partida. Presta atenci\u00f3n a los objetos para sumar puntos de victoria adicionales antes que tus oponentes, \u00a1y no dudes en pedir ayuda a los campesinos de la zona! El granjero que consiga la mejor cosecha ser\u00e1 el ganador.<\/p>\n<p>Idioma Esp<\/p>\n<div class=\"clGa-mainIcon\">\u00a02-4<span class=\"clGa-mainIcons-smTxt\">\u00a0jugadores<\/span><\/div>\n<p>30-60<span class=\"clGa-mainIcons-smTxt\">\u00a0minutos<\/span><\/p>\n<div class=\"clGa-mainIcon\">\u00a010+<span class=\"clGa-mainIcons-smTxt\">\u00a0a\u00f1os<\/span><\/div>\n","protected":false},"excerpt":{"rendered":"<p><em>Tantas colinas y monta\u00f1as en los alrededores hace que ser granjero no sea tarea f\u00e1cil. Sin embargo, cultivar patatas, ma\u00edz y cacao es tu verdadera pasi\u00f3n. El paisaje silvestre es de una belleza espectacular, y est\u00e1\u2026 \u00bf\u00a1lleno de llamas!?<\/em><\/p>\n<div class=\"clGa-mainIcon\">\u00a02-4<span class=\"clGa-mainIcons-smTxt\">\u00a0jugadores<\/span><\/div>\n<p>30-60<span class=\"clGa-mainIcons-smTxt\">\u00a0minutos<\/span><\/p>\n<div class=\"clGa-mainIcon\">\u00a010+<span class=\"clGa-mainIcons-smTxt\">\u00a0a\u00f1os<\/span><\/div>\n","protected":false},"featured_media":2303,"comment_status":"open","ping_status":"closed","template":"","meta":{"_themeisle_gutenberg_block_has_review":false},"product_brand":[],"product_cat":[29,93],"product_tag":[157,158,267,155,307,197],"class_list":{"0":"post-2302","1":"product","2":"type-product","3":"status-publish","4":"has-post-thumbnail","6":"product_cat-juegos-de-mesa","7":"product_cat-maldito-games","8":"product_tag-bolivia","9":"product_tag-cochabamba","10":"product_tag-familiar","11":"product_tag-juegosdemesa","12":"product_tag-llamaland","13":"product_tag-malditogames","15":"first","16":"outofstock","17":"sold-individually","18":"shipping-taxable","19":"purchasable","20":"product-type-simple"},"_links":{"self":[{"href":"https:\/\/magicgamesbolivia.com\/index.php\/wp-json\/wp\/v2\/product\/2302","targetHints":{"allow":["GET"]}}],"collection":[{"href":"https:\/\/magicgamesbolivia.com\/index.php\/wp-json\/wp\/v2\/product"}],"about":[{"href":"https:\/\/magicgamesbolivia.com\/index.php\/wp-json\/wp\/v2\/types\/product"}],"replies":[{"embeddable":true,"href":"https:\/\/magicgamesbolivia.com\/index.php\/wp-json\/wp\/v2\/comments?post=2302"}],"version-history":[{"count":2,"href":"https:\/\/magicgamesbolivia.com\/index.php\/wp-json\/wp\/v2\/product\/2302\/revisions"}],"predecessor-version":[{"id":3618,"href":"https:\/\/magicgamesbolivia.com\/index.php\/wp-json\/wp\/v2\/product\/2302\/revisions\/3618"}],"wp:featuredmedia":[{"embeddable":true,"href":"https:\/\/magicgamesbolivia.com\/index.php\/wp-json\/wp\/v2\/media\/2303"}],"wp:attachment":[{"href":"https:\/\/magicgamesbolivia.com\/index.php\/wp-json\/wp\/v2\/media?parent=2302"}],"wp:term":[{"taxonomy":"product_brand","embeddable":true,"href":"https:\/\/magicgamesbolivia.com\/index.php\/wp-json\/wp\/v2\/product_brand?post=2302"},{"taxonomy":"product_cat","embeddable":true,"href":"https:\/\/magicgamesbolivia.com\/index.php\/wp-json\/wp\/v2\/product_cat?post=2302"},{"taxonomy":"product_tag","embeddable":true,"href":"https:\/\/magicgamesbolivia.com\/index.php\/wp-json\/wp\/v2\/product_tag?post=2302"}],"curies":[{"name":"wp","href":"https:\/\/api.w.org\/{rel}","templated":true}]}}