{"id":2264,"date":"2022-03-10T16:49:43","date_gmt":"2022-03-10T16:49:43","guid":{"rendered":"http:\/\/magicgamesbolivia.com\/?post_type=product&#038;p=2264"},"modified":"2025-04-04T15:38:43","modified_gmt":"2025-04-04T15:38:43","slug":"laberinto-magicolaber","status":"publish","type":"product","link":"https:\/\/magicgamesbolivia.com\/index.php\/product\/laberinto-magicolaber\/","title":{"rendered":"Laberinto Magico"},"content":{"rendered":"<p><strong><em>El Laberinto M\u00e1gico<\/em><\/strong>\u00a0es un juego infantil en el que los jugadores toman el control de j\u00f3venes magos representados mediante peones de colores. Estos magos tendr\u00e1n como objetivo capturar unas fichas, que se encuentran sobre determinadas casillas de un tablero cuadriculado, desplaz\u00e1ndose en cada turno un n\u00famero de casillas delimitado por el valor de una tirada de dado. Bajo el tablero se encuentra un laberinto de paredes que, en ocasiones, impedir\u00e1 a los magos pasar a una casilla desde otra y deber\u00e1n volver a la casilla de salida (los peones est\u00e1n imantados y, bajo el tablero, una bola seguir\u00e1 a los peones en su movimiento, no pudiendo atravesar las barreras que se encuentren a su paso). Cada vez que un jugador consiga una ficha, se sacara una nueva de la bolsa. Ganar\u00e1 aquel que antes consiga reunir cinco fichas.<\/p>\n","protected":false},"excerpt":{"rendered":"<p>\u00a1Paf! \u00a1Ay! El peque\u00f1o mago se frota los ojos con sorpresa. \u00bfHay un muro delante de \u00e9l? Los aprendices de mago exploran con curiosidad\u00a0<strong><em>El Laberinto M\u00e1gico<\/em><\/strong>. Hoy tienen una tarea importante que cumplir: \u00a1buscar los s\u00edmbolos m\u00e1gicos! Esto resultar\u00eda muy sencillo si no fuera porque los grandes magos siempre les est\u00e1n gastando bromas a los ni\u00f1os. Los caminos se van abriendo y cerrando, como por arte de magia\u2026<\/p>\n<p>2 a 4 jugadores<\/p>\n<p>edad 6 o +<\/p>\n","protected":false},"featured_media":2265,"comment_status":"open","ping_status":"closed","template":"","meta":{"_themeisle_gutenberg_block_has_review":false},"product_brand":[],"product_cat":[15],"product_tag":[31,278,303],"class_list":{"0":"post-2264","1":"product","2":"type-product","3":"status-publish","4":"has-post-thumbnail","6":"product_cat-uncategorized","7":"product_tag-devir","8":"product_tag-infantil","9":"product_tag-laberintomagico","11":"first","12":"instock","13":"sold-individually","14":"shipping-taxable","15":"purchasable","16":"product-type-simple"},"_links":{"self":[{"href":"https:\/\/magicgamesbolivia.com\/index.php\/wp-json\/wp\/v2\/product\/2264","targetHints":{"allow":["GET"]}}],"collection":[{"href":"https:\/\/magicgamesbolivia.com\/index.php\/wp-json\/wp\/v2\/product"}],"about":[{"href":"https:\/\/magicgamesbolivia.com\/index.php\/wp-json\/wp\/v2\/types\/product"}],"replies":[{"embeddable":true,"href":"https:\/\/magicgamesbolivia.com\/index.php\/wp-json\/wp\/v2\/comments?post=2264"}],"version-history":[{"count":2,"href":"https:\/\/magicgamesbolivia.com\/index.php\/wp-json\/wp\/v2\/product\/2264\/revisions"}],"predecessor-version":[{"id":2268,"href":"https:\/\/magicgamesbolivia.com\/index.php\/wp-json\/wp\/v2\/product\/2264\/revisions\/2268"}],"wp:featuredmedia":[{"embeddable":true,"href":"https:\/\/magicgamesbolivia.com\/index.php\/wp-json\/wp\/v2\/media\/2265"}],"wp:attachment":[{"href":"https:\/\/magicgamesbolivia.com\/index.php\/wp-json\/wp\/v2\/media?parent=2264"}],"wp:term":[{"taxonomy":"product_brand","embeddable":true,"href":"https:\/\/magicgamesbolivia.com\/index.php\/wp-json\/wp\/v2\/product_brand?post=2264"},{"taxonomy":"product_cat","embeddable":true,"href":"https:\/\/magicgamesbolivia.com\/index.php\/wp-json\/wp\/v2\/product_cat?post=2264"},{"taxonomy":"product_tag","embeddable":true,"href":"https:\/\/magicgamesbolivia.com\/index.php\/wp-json\/wp\/v2\/product_tag?post=2264"}],"curies":[{"name":"wp","href":"https:\/\/api.w.org\/{rel}","templated":true}]}}