{"id":2256,"date":"2022-03-03T19:56:11","date_gmt":"2022-03-03T19:56:11","guid":{"rendered":"http:\/\/magicgamesbolivia.com\/?post_type=product&#038;p=2256"},"modified":"2024-02-21T21:54:36","modified_gmt":"2024-02-21T21:54:36","slug":"war","status":"publish","type":"product","link":"https:\/\/magicgamesbolivia.com\/index.php\/product\/war\/","title":{"rendered":"WAR"},"content":{"rendered":"<p><span class=\"VIiyi\" lang=\"es\"><span class=\"JLqJ4b ChMk0b\" data-language-for-alternatives=\"es\" data-language-to-translate-into=\"pt\" data-phrase-index=\"0\" data-number-of-phrases=\"12\">\u00a1El mejor juego de estrategia de todos los tiempos!<\/span> <span class=\"JLqJ4b ChMk0b\" data-language-for-alternatives=\"es\" data-language-to-translate-into=\"pt\" data-phrase-index=\"1\" data-number-of-phrases=\"12\">Con War, una batalla nunca es igual a otra, y cada jugador debe usar todas sus habilidades militares para conquistar territorios y continentes y derrotar a sus oponentes.<\/span> <span class=\"JLqJ4b ChMk0b\" data-language-for-alternatives=\"es\" data-language-to-translate-into=\"pt\" data-phrase-index=\"3\" data-number-of-phrases=\"12\">Si\u00e9ntete en el papel de un verdadero general.<\/span> <span class=\"JLqJ4b ChMk0b\" data-language-for-alternatives=\"es\" data-language-to-translate-into=\"pt\" data-phrase-index=\"4\" data-number-of-phrases=\"12\">Dibuja tu objetivo y define tu estrategia.<\/span> <span class=\"JLqJ4b ChMk0b\" data-language-for-alternatives=\"es\" data-language-to-translate-into=\"pt\" data-phrase-index=\"5\" data-number-of-phrases=\"12\">Ataca en el momento adecuado, defiende tus territorios y protege tus fronteras.<\/span> <span class=\"JLqJ4b ChMk0b\" data-language-for-alternatives=\"es\" data-language-to-translate-into=\"pt\" data-phrase-index=\"7\" data-number-of-phrases=\"12\">Domina continentes enteros, invade y conquista territorios enemigos.<\/span> <span class=\"JLqJ4b ChMk0b\" data-language-for-alternatives=\"es\" data-language-to-translate-into=\"pt\" data-phrase-index=\"9\" data-number-of-phrases=\"12\">Pero conoce bien el poder de tus tropas, porque, al igual que en las grandes guerras, los ataques mal planificados pueden derribar grandes potencias, mientras que los ej\u00e9rcitos m\u00e1s peque\u00f1os pueden convertirse en imperios poderosos si usan la estrategia correcta.<\/span> <span class=\"JLqJ4b ChMk0b\" data-language-for-alternatives=\"es\" data-language-to-translate-into=\"pt\" data-phrase-index=\"11\" data-number-of-phrases=\"12\">\u00a1Desaf\u00eda a tus amigos y descubre por qu\u00e9 War es el juego de estrategia m\u00e1s jugado en Brasil!<\/span><\/span><\/p>\n","protected":false},"excerpt":{"rendered":"<p>El Cl\u00e1sico juego de mesa.<\/p>\n<p>Edad 10 para adelante<\/p>\n<p>de 3 a 6 jugadores<\/p>\n<p>120 inutos aproximados<\/p>\n<p>Idioma Portugues.<\/p>\n","protected":false},"featured_media":2257,"comment_status":"open","ping_status":"closed","template":"","meta":{"_themeisle_gutenberg_block_has_review":false},"product_brand":[],"product_cat":[123,29],"product_tag":[157,158,218,302],"class_list":{"0":"post-2256","1":"product","2":"type-product","3":"status-publish","4":"has-post-thumbnail","6":"product_cat-otros-juegos","7":"product_cat-juegos-de-mesa","8":"product_tag-bolivia","9":"product_tag-cochabamba","10":"product_tag-juegodemesa","11":"product_tag-war","13":"first","14":"outofstock","15":"sold-individually","16":"shipping-taxable","17":"purchasable","18":"product-type-simple"},"_links":{"self":[{"href":"https:\/\/magicgamesbolivia.com\/index.php\/wp-json\/wp\/v2\/product\/2256","targetHints":{"allow":["GET"]}}],"collection":[{"href":"https:\/\/magicgamesbolivia.com\/index.php\/wp-json\/wp\/v2\/product"}],"about":[{"href":"https:\/\/magicgamesbolivia.com\/index.php\/wp-json\/wp\/v2\/types\/product"}],"replies":[{"embeddable":true,"href":"https:\/\/magicgamesbolivia.com\/index.php\/wp-json\/wp\/v2\/comments?post=2256"}],"version-history":[{"count":2,"href":"https:\/\/magicgamesbolivia.com\/index.php\/wp-json\/wp\/v2\/product\/2256\/revisions"}],"predecessor-version":[{"id":3619,"href":"https:\/\/magicgamesbolivia.com\/index.php\/wp-json\/wp\/v2\/product\/2256\/revisions\/3619"}],"wp:featuredmedia":[{"embeddable":true,"href":"https:\/\/magicgamesbolivia.com\/index.php\/wp-json\/wp\/v2\/media\/2257"}],"wp:attachment":[{"href":"https:\/\/magicgamesbolivia.com\/index.php\/wp-json\/wp\/v2\/media?parent=2256"}],"wp:term":[{"taxonomy":"product_brand","embeddable":true,"href":"https:\/\/magicgamesbolivia.com\/index.php\/wp-json\/wp\/v2\/product_brand?post=2256"},{"taxonomy":"product_cat","embeddable":true,"href":"https:\/\/magicgamesbolivia.com\/index.php\/wp-json\/wp\/v2\/product_cat?post=2256"},{"taxonomy":"product_tag","embeddable":true,"href":"https:\/\/magicgamesbolivia.com\/index.php\/wp-json\/wp\/v2\/product_tag?post=2256"}],"curies":[{"name":"wp","href":"https:\/\/api.w.org\/{rel}","templated":true}]}}