{"id":2248,"date":"2022-02-21T17:46:04","date_gmt":"2022-02-21T17:46:04","guid":{"rendered":"http:\/\/magicgamesbolivia.com\/?post_type=product&#038;p=2248"},"modified":"2025-12-22T15:03:24","modified_gmt":"2025-12-22T15:03:24","slug":"survive-space-attack","status":"publish","type":"product","link":"https:\/\/magicgamesbolivia.com\/index.php\/product\/survive-space-attack\/","title":{"rendered":"SURVIVE: SPACE ATTACK"},"content":{"rendered":"<p><strong>Survive: Space Attack!<\/strong>\u00a0Es un juego de mesa que utiliza las\u00a0<strong>mec\u00e1nicas b\u00e1sicas<\/strong>\u00a0del exitoso juego\u00a0<strong>The Island<\/strong>\u00a0y ha sido redise\u00f1ado y ambientado conforme a los\u00a0<strong>conflictos gal\u00e1cticos con alien\u00edgenas.<\/strong>\u00a0Ahora, seremos\u00a0<strong>astronautas<\/strong>\u00a0que tendremos que escapar de una estaci\u00f3n espacial\u00a0<strong>atacada por aliens de todo tipo.<\/strong><\/p>\n<p>&nbsp;<\/p>\n<p>Adem\u00e1s, tiene ligeras variaciones de reglas.\u00a0<strong>Los humanos tendr\u00e1n ca\u00f1ones y naves para neutralizar los aliens, adem\u00e1s de otros poderes.<\/strong><\/p>\n<p>&nbsp;<\/p>\n<p><strong>Survive: space attack!<\/strong>\u00a0incluye un tablero a doble cara, nuevas naves de batalla que permitir\u00e1n a los jugadores la habilidad para capturar y desplegar criaturas aliens, torretas l\u00e1ser, nuevas habilidades en las losetas y nuevas criaturas aliens.<\/p>\n","protected":false},"excerpt":{"rendered":"<p>El juego de mesa\u00a0<strong>The Island<\/strong>\u00a0se reinventa en una nueva versi\u00f3n espacial.\u00a0<strong>Survive: space attack<\/strong>\u00a0nos transporta a los\u00a0<strong>conflictos gal\u00e1cticos con alien\u00edgenas.<\/strong>\u00a0Convi\u00e9rtete en un intr\u00e9pido astronauta y escapa de una estaci\u00f3n espacial antes de que\u00a0<strong>te capturen aliens de todo tipo.<\/strong><\/p>\n<p>Idioma Ingles ( 100 porciento independiente del idioma)<\/p>\n<table class=\"table-data-sheet\">\n<tbody>\n<tr class=\"odd\">\n<td>N\u00famero de jugadores:<\/td>\n<td>De 2 a 4 jugadores<\/td>\n<\/tr>\n<tr class=\"even\">\n<td>Duraci\u00f3n aproximada del juego:<\/td>\n<td>45 minutos<\/td>\n<\/tr>\n<tr class=\"odd\">\n<td>Edad m\u00ednima recomendada:<\/td>\n<td>8 a\u00f1os<\/td>\n<\/tr>\n<tr class=\"even\">\n<td>Tipo:<\/td>\n<td>Juego de tablero<\/td>\n<\/tr>\n<tr class=\"odd\">\n<td>G\u00e9nero:<\/td>\n<td>Humor<\/td>\n<\/tr>\n<tr class=\"even\">\n<td>Idioma:<\/td>\n<td>Ingl\u00e9s<\/td>\n<\/tr>\n<tr class=\"odd\">\n<td>Marca:<\/td>\n<td>Stronghold Games<\/td>\n<\/tr>\n<tr class=\"even\">\n<td>Dependencia del idioma:<\/td>\n<td>Nula (Instrucciones)<\/td>\n<\/tr>\n<\/tbody>\n<\/table>\n","protected":false},"featured_media":2251,"comment_status":"open","ping_status":"closed","template":"","meta":{"_themeisle_gutenberg_block_has_review":false},"product_brand":[],"product_cat":[123,29],"product_tag":[],"class_list":{"0":"post-2248","1":"product","2":"type-product","3":"status-publish","4":"has-post-thumbnail","6":"product_cat-otros-juegos","7":"product_cat-juegos-de-mesa","9":"first","10":"outofstock","11":"sold-individually","12":"shipping-taxable","13":"purchasable","14":"product-type-simple"},"_links":{"self":[{"href":"https:\/\/magicgamesbolivia.com\/index.php\/wp-json\/wp\/v2\/product\/2248","targetHints":{"allow":["GET"]}}],"collection":[{"href":"https:\/\/magicgamesbolivia.com\/index.php\/wp-json\/wp\/v2\/product"}],"about":[{"href":"https:\/\/magicgamesbolivia.com\/index.php\/wp-json\/wp\/v2\/types\/product"}],"replies":[{"embeddable":true,"href":"https:\/\/magicgamesbolivia.com\/index.php\/wp-json\/wp\/v2\/comments?post=2248"}],"version-history":[{"count":1,"href":"https:\/\/magicgamesbolivia.com\/index.php\/wp-json\/wp\/v2\/product\/2248\/revisions"}],"predecessor-version":[{"id":2252,"href":"https:\/\/magicgamesbolivia.com\/index.php\/wp-json\/wp\/v2\/product\/2248\/revisions\/2252"}],"wp:featuredmedia":[{"embeddable":true,"href":"https:\/\/magicgamesbolivia.com\/index.php\/wp-json\/wp\/v2\/media\/2251"}],"wp:attachment":[{"href":"https:\/\/magicgamesbolivia.com\/index.php\/wp-json\/wp\/v2\/media?parent=2248"}],"wp:term":[{"taxonomy":"product_brand","embeddable":true,"href":"https:\/\/magicgamesbolivia.com\/index.php\/wp-json\/wp\/v2\/product_brand?post=2248"},{"taxonomy":"product_cat","embeddable":true,"href":"https:\/\/magicgamesbolivia.com\/index.php\/wp-json\/wp\/v2\/product_cat?post=2248"},{"taxonomy":"product_tag","embeddable":true,"href":"https:\/\/magicgamesbolivia.com\/index.php\/wp-json\/wp\/v2\/product_tag?post=2248"}],"curies":[{"name":"wp","href":"https:\/\/api.w.org\/{rel}","templated":true}]}}