{"id":2238,"date":"2022-02-21T16:56:56","date_gmt":"2022-02-21T16:56:56","guid":{"rendered":"http:\/\/magicgamesbolivia.com\/?post_type=product&#038;p=2238"},"modified":"2023-05-28T18:59:21","modified_gmt":"2023-05-28T18:59:21","slug":"caverna","status":"publish","type":"product","link":"https:\/\/magicgamesbolivia.com\/index.php\/product\/caverna\/","title":{"rendered":"CAVERNA 7 jugadores"},"content":{"rendered":"<p><strong>Caverna<\/strong>\u00a0de\u00a0<strong>Uwe Rosenberg<\/strong>\u00a0nos lleva a las monta\u00f1as, a una\u00a0<strong>peque\u00f1a cueva<\/strong>\u00a0donde seremos el l\u00edder barbudo de una\u00a0<strong>familia de enanos<\/strong>\u00a0que tendr\u00e1 que trabajar en el bosque, avanzar hacia las profundidades de la monta\u00f1a, construir vallados y est<\/p>\n<p>ablos, criar animales, construir minas de mineral y rub\u00edes, ampliar nuestro hogar con nuevas habitaciones\u00a0<strong>\u00a1y mucho m\u00e1s!<\/strong><\/p>\n<table class=\"table-data-sheet\">\n<tbody>\n<tr class=\"odd\">\n<td>N\u00famero de jugadores:<\/td>\n<td>De 1 a 7 jugadores<\/td>\n<\/tr>\n<tr class=\"even\">\n<td>Duraci\u00f3n aproximada del juego:<\/td>\n<td>120 minutos<\/td>\n<\/tr>\n<tr class=\"odd\">\n<td>Edad m\u00ednima recomendada:<\/td>\n<td>12 a\u00f1os<\/td>\n<\/tr>\n<tr class=\"even\">\n<td>Tipo:<\/td>\n<td>Juego de tablero<\/td>\n<\/tr>\n<tr class=\"odd\">\n<td>G\u00e9nero:<\/td>\n<td>Estrategia<\/td>\n<\/tr>\n<tr class=\"even\">\n<td>Idioma:<\/td>\n<td>Espa\u00f1ol<\/td>\n<\/tr>\n<tr class=\"odd\">\n<td>Marca:<\/td>\n<td>Devir<\/td>\n<\/tr>\n<\/tbody>\n<\/table>\n","protected":false},"excerpt":{"rendered":"<p><em><strong>\u00bfEst\u00e1s listo para convertirte en el l\u00edder barbudo de una familia de enanos que vive apaciblemente en una peque\u00f1a cueva junto a las monta\u00f1as?<\/strong><\/em><\/p>\n<p>&nbsp;<\/p>\n<p>Prep\u00e1rate para trabajar en el\u00a0<strong>bosque<\/strong>\u00a0que se extiende m\u00e1s all\u00e1 de tu hogar y avanzar hacia las profundidades de la\u00a0<strong>monta\u00f1a<\/strong>\u00a0que habitas.<\/p>\n<p>&nbsp;<\/p>\n<p><strong>Caverna<\/strong>\u00a0de<strong>\u00a0Uwe Rosenberg<\/strong>\u00a0nos trae un nuevo\u00a0<a href=\"https:\/\/juegosdelamesaredonda.com\/juegosdelamesaredonda.com\/69-agr%C3%ADcola.html\" target=\"_blank\" rel=\"noopener\"><strong>Agr\u00edcola<\/strong><\/a>\u00a0mejorado y con novedades muy interesantes.<\/p>\n<p>&nbsp;<\/p>\n<p><strong>Caverna<\/strong>\u00a0se presenta de forma majestuosa con\u00a0 gran cantidad de contenido: una gran caja con gran cantidad de losetas, animeeples, vegemeeples y todo tipo de meeples. Adem\u00e1s, permite participar hasta a\u00a0<strong>\u00a17 jugadores! \u00a1Y podremos ampliar el interior de la monta\u00f1a!<\/strong><\/p>\n<p>&nbsp;<\/p>\n<p>El tablero del juego se presenta dividido en dos mitades claramente diferenciadas: un\u00a0<strong>bosque,<\/strong>\u00a0y el interior de una\u00a0<strong>monta\u00f1a,<\/strong>\u00a0que es donde habitan nuestros\u00a0<strong>dos enanos<\/strong>\u00a0iniciales en su peque\u00f1o hogar. Adem\u00e1s de construir vallados y establos, de criar animales en ellos y de sembrar grano y hortalizas, en\u00a0<strong>Caverna<\/strong>\u00a0tambi\u00e9n iremos\u00a0<strong>excavando en la monta\u00f1a<\/strong>\u00a0para construir minas de mineral y rub\u00edes y para ampliar nuestro hogar con nuevas habitaciones de infinitos usos (producir m\u00e1s materiales, otorgar bonificaciones al final de la partida, y por supuesto albergar a nuestra progenie).<\/p>\n<p>&nbsp;<\/p>\n<p>El juego se divide en\u00a0<strong>12 turnos,<\/strong>\u00a0en cada uno de los cuales los jugadores, alternativamente, ir\u00e1n eligiendo una de las acciones disponibles en el tablero y colocando una de sus fichas de enanos sobre ella. Se comienza con una serie de \u00e9stas ya elegibles, y cada turno se va sacando una nueva. Estas opciones, nos van a permitir reunir materiales, ampliar nuestros terrenos y, en general, progresar de cara a intentar ganar la partida, lo que se consigue teniendo el tablero m\u00e1s completo al final de \u00e9sta. Entre las novedades m\u00e1s importantes de\u00a0<strong>Caverna<\/strong>\u00a0est\u00e1n las\u00a0<strong>expediciones:<\/strong>\u00a0gastando mineral, podremos armar a nuestros enanos para que emprendan estas aventuras y se hagan con un bot\u00edn que variar\u00e1 en funci\u00f3n del nivel de la aventura y del de la armadura del enano explorador (una ficha que se coloca sobre la pieza de madera).<\/p>\n<p>&nbsp;<\/p>\n<p>En\u00a0<strong>Caverna<\/strong>\u00a0aparecen\u00a0<strong>2 nuevas especies:<\/strong>\u00a0<strong>los burros<\/strong>, que pueden dejarse dentro de las minas, y\u00a0<strong>los perros,<\/strong>\u00a0que vigilan a otros animales en los prados sin vallado. No todas las cosechas ser\u00e1n est\u00e1ndar, y algunas, a veces de manera fija, otras aleatoria, nos pedir\u00e1n requisitos diferentes, como pagar una sola comida por enano o tener que prescindir de la recogida de la siembra o de la crianza de animales.<\/p>\n<p>&nbsp;<\/p>\n<p>Tambi\u00e9n aparecen las\u00a0<strong>Minas, las galer\u00edas y las losetas dobles.<\/strong><\/p>\n<p>&nbsp;<\/p>\n<p>Otra gran baza que tenemos en el juego son los\u00a0<strong>rub\u00edes<\/strong>, comodines que se pueden cambiar pr\u00e1cticamente por cualquier cosa cuando la necesitemos. Adem\u00e1s, una acci\u00f3n llamada\u00a0<strong>\u201cImitar\u201d<\/strong>\u00a0nos permitir\u00e1 escoger una casilla que ya haya sido ocupada por otro jugador.<\/p>\n<p>&nbsp;<\/p>\n<p><strong>Caverna<\/strong>\u00a0incluye tambi\u00e9n una variante en solitario para familiarizarte con las\u00a0<strong>48 losetas de mobiliario<\/strong>\u00a0con las que mejorar tu cueva.<\/p>\n","protected":false},"featured_media":2239,"comment_status":"open","ping_status":"closed","template":"","meta":{"_themeisle_gutenberg_block_has_review":false},"product_brand":[],"product_cat":[29,30],"product_tag":[156,300,31],"class_list":{"0":"post-2238","1":"product","2":"type-product","3":"status-publish","4":"has-post-thumbnail","6":"product_cat-juegos-de-mesa","7":"product_cat-devir","8":"product_tag-boardgames","9":"product_tag-caverna","10":"product_tag-devir","12":"first","13":"instock","14":"sold-individually","15":"shipping-taxable","16":"purchasable","17":"product-type-simple"},"_links":{"self":[{"href":"https:\/\/magicgamesbolivia.com\/index.php\/wp-json\/wp\/v2\/product\/2238","targetHints":{"allow":["GET"]}}],"collection":[{"href":"https:\/\/magicgamesbolivia.com\/index.php\/wp-json\/wp\/v2\/product"}],"about":[{"href":"https:\/\/magicgamesbolivia.com\/index.php\/wp-json\/wp\/v2\/types\/product"}],"replies":[{"embeddable":true,"href":"https:\/\/magicgamesbolivia.com\/index.php\/wp-json\/wp\/v2\/comments?post=2238"}],"version-history":[{"count":3,"href":"https:\/\/magicgamesbolivia.com\/index.php\/wp-json\/wp\/v2\/product\/2238\/revisions"}],"predecessor-version":[{"id":4233,"href":"https:\/\/magicgamesbolivia.com\/index.php\/wp-json\/wp\/v2\/product\/2238\/revisions\/4233"}],"wp:featuredmedia":[{"embeddable":true,"href":"https:\/\/magicgamesbolivia.com\/index.php\/wp-json\/wp\/v2\/media\/2239"}],"wp:attachment":[{"href":"https:\/\/magicgamesbolivia.com\/index.php\/wp-json\/wp\/v2\/media?parent=2238"}],"wp:term":[{"taxonomy":"product_brand","embeddable":true,"href":"https:\/\/magicgamesbolivia.com\/index.php\/wp-json\/wp\/v2\/product_brand?post=2238"},{"taxonomy":"product_cat","embeddable":true,"href":"https:\/\/magicgamesbolivia.com\/index.php\/wp-json\/wp\/v2\/product_cat?post=2238"},{"taxonomy":"product_tag","embeddable":true,"href":"https:\/\/magicgamesbolivia.com\/index.php\/wp-json\/wp\/v2\/product_tag?post=2238"}],"curies":[{"name":"wp","href":"https:\/\/api.w.org\/{rel}","templated":true}]}}