{"id":2219,"date":"2022-01-31T01:03:57","date_gmt":"2022-01-31T01:03:57","guid":{"rendered":"http:\/\/magicgamesbolivia.com\/?post_type=product&#038;p=2219"},"modified":"2023-12-08T19:22:15","modified_gmt":"2023-12-08T19:22:15","slug":"root-los-riberenos","status":"publish","type":"product","link":"https:\/\/magicgamesbolivia.com\/index.php\/product\/root-los-riberenos\/","title":{"rendered":"ROOT LOS  RIBERENOS"},"content":{"rendered":"<div class=\"qodef-section-title-holder qodef-st-standard qodef-st-title-left qodef-st-normal-space \">\n<div class=\"qodef-st-inner\">\n<p class=\"qodef-st-text\">La expansi\u00f3n para Root Los Ribere\u00f1os a\u00f1ade dos nuevas facciones: El Culto Reptiliano y La Compa\u00f1\u00eda del R\u00edo, as\u00ed como nuevos vagabundos y nuevos modos de juego y variantes, incluyendo el modo cooperativo, en solitario y contra el aut\u00f3mata.<br \/>\n\u00a1Docenas de nuevas combinaciones de facciones!<\/p>\n<\/div>\n<\/div>\n<div class=\"vc_empty_space\"><\/div>\n<div class=\"wpb_single_image wpb_content_element vc_align_center wpb_animate_when_almost_visible wpb_fadeInUp fadeInUp wpb_start_animation animated\">\n<figure class=\"wpb_wrapper vc_figure\">\n<div class=\"vc_single_image-wrapper vc_box_border_grey\"><img decoding=\"async\" class=\"vc_single_image-img attachment-full\" src=\"https:\/\/2tomatoesgames.com\/wp-content\/uploads\/2020\/04\/root-datos-exp.png\" sizes=\"(max-width: 633px) 100vw, 633px\" srcset=\"https:\/\/2tomatoesgames.com\/wp-content\/uploads\/2020\/04\/root-datos-exp.png 633w, https:\/\/2tomatoesgames.com\/wp-content\/uploads\/2020\/04\/root-datos-exp-300x28.png 300w\" alt=\"\" width=\"633\" height=\"60\" \/><\/div>\n<\/figure>\n<\/div>\n","protected":false},"excerpt":{"rendered":"<div class=\"qodef-section-title-holder qodef-st-standard qodef-st-title-left qodef-st-normal-space \">\n<div class=\"qodef-st-inner\">\n<p class=\"qodef-st-text\">La expansi\u00f3n para Root Los Ribere\u00f1os a\u00f1ade dos nuevas facciones: El Culto Reptiliano y La Compa\u00f1\u00eda del R\u00edo, as\u00ed como nuevos vagabundos y nuevos modos de juego y variantes, incluyendo el modo cooperativo, en solitario y contra el aut\u00f3mata.<br \/>\n\u00a1Docenas de nuevas combinaciones de facciones!<\/p>\n<\/div>\n<\/div>\n<div class=\"vc_empty_space\"><\/div>\n<div class=\"wpb_single_image wpb_content_element vc_align_center wpb_animate_when_almost_visible wpb_fadeInUp fadeInUp wpb_start_animation animated\">\n<figure class=\"wpb_wrapper vc_figure\">\n<div class=\"vc_single_image-wrapper vc_box_border_grey\"><img decoding=\"async\" class=\"vc_single_image-img attachment-full\" src=\"https:\/\/2tomatoesgames.com\/wp-content\/uploads\/2020\/04\/root-datos-exp.png\" sizes=\"(max-width: 633px) 100vw, 633px\" srcset=\"https:\/\/2tomatoesgames.com\/wp-content\/uploads\/2020\/04\/root-datos-exp.png 633w, https:\/\/2tomatoesgames.com\/wp-content\/uploads\/2020\/04\/root-datos-exp-300x28.png 300w\" alt=\"\" width=\"633\" height=\"60\" \/><\/div>\n<\/figure>\n<\/div>\n","protected":false},"featured_media":2220,"comment_status":"open","ping_status":"closed","template":"","meta":{"_themeisle_gutenberg_block_has_review":false},"product_brand":[],"product_cat":[123,29],"product_tag":[288,155,298],"class_list":{"0":"post-2219","1":"product","2":"type-product","3":"status-publish","4":"has-post-thumbnail","6":"product_cat-otros-juegos","7":"product_cat-juegos-de-mesa","8":"product_tag-expansion","9":"product_tag-juegosdemesa","10":"product_tag-root","12":"first","13":"outofstock","14":"sold-individually","15":"shipping-taxable","16":"purchasable","17":"product-type-simple"},"_links":{"self":[{"href":"https:\/\/magicgamesbolivia.com\/index.php\/wp-json\/wp\/v2\/product\/2219","targetHints":{"allow":["GET"]}}],"collection":[{"href":"https:\/\/magicgamesbolivia.com\/index.php\/wp-json\/wp\/v2\/product"}],"about":[{"href":"https:\/\/magicgamesbolivia.com\/index.php\/wp-json\/wp\/v2\/types\/product"}],"replies":[{"embeddable":true,"href":"https:\/\/magicgamesbolivia.com\/index.php\/wp-json\/wp\/v2\/comments?post=2219"}],"version-history":[{"count":2,"href":"https:\/\/magicgamesbolivia.com\/index.php\/wp-json\/wp\/v2\/product\/2219\/revisions"}],"predecessor-version":[{"id":3668,"href":"https:\/\/magicgamesbolivia.com\/index.php\/wp-json\/wp\/v2\/product\/2219\/revisions\/3668"}],"wp:featuredmedia":[{"embeddable":true,"href":"https:\/\/magicgamesbolivia.com\/index.php\/wp-json\/wp\/v2\/media\/2220"}],"wp:attachment":[{"href":"https:\/\/magicgamesbolivia.com\/index.php\/wp-json\/wp\/v2\/media?parent=2219"}],"wp:term":[{"taxonomy":"product_brand","embeddable":true,"href":"https:\/\/magicgamesbolivia.com\/index.php\/wp-json\/wp\/v2\/product_brand?post=2219"},{"taxonomy":"product_cat","embeddable":true,"href":"https:\/\/magicgamesbolivia.com\/index.php\/wp-json\/wp\/v2\/product_cat?post=2219"},{"taxonomy":"product_tag","embeddable":true,"href":"https:\/\/magicgamesbolivia.com\/index.php\/wp-json\/wp\/v2\/product_tag?post=2219"}],"curies":[{"name":"wp","href":"https:\/\/api.w.org\/{rel}","templated":true}]}}