{"id":2215,"date":"2022-01-30T22:39:56","date_gmt":"2022-01-30T22:39:56","guid":{"rendered":"http:\/\/magicgamesbolivia.com\/?post_type=product&#038;p=2215"},"modified":"2026-03-16T20:02:12","modified_gmt":"2026-03-16T20:02:12","slug":"2215","status":"publish","type":"product","link":"https:\/\/magicgamesbolivia.com\/index.php\/product\/2215\/","title":{"rendered":"ROOT"},"content":{"rendered":"<p>Hoy te vamos a presentar el juego de mesa\u00a0<em>Root<\/em>, un eurogame muy bien dise\u00f1ado que est\u00e1 dise\u00f1ado para\u00a0<strong>2 a 4 jugadores y partidas de 60 a 90 minutos<\/strong>. Eso s\u00ed, deben ser jugadores de m\u00e1s de\u00a0<strong>10 a\u00f1os de edad<\/strong>\u00a0porque, aunque\u00a0<em>Root\u00a0<\/em>tiene un aspecto fresco y ligero, tiene un alto nivel de dificultad.<\/p>\n<p>Que no te enga\u00f1e su look tan relajado,\u00a0<em>Root\u00a0<\/em>es un juego con una tem\u00e1tica de aventuras, pero con alma de guerra.<\/p>\n<p>La\u00a0<strong>din\u00e1mica de juego de mesa\u00a0<\/strong><strong><em>Root\u00a0<\/em><\/strong>tiene una l\u00f3gica muy lograda. Esto \u00faltimo habla muy bien de \u00e9l porque a nadie le gusta comprar un\u00a0<strong>juego de mesa<\/strong>\u00a0que termina siendo aburrido, o est\u00e9 lleno de incongruencias y mec\u00e1nicas forzadas.<\/p>\n<p>Nos referimos a esas mec\u00e1nicas que dejan huecos, causando una p\u00e9sima sensaci\u00f3n de\u00a0<em>sinsentido<\/em>\u00a0y\u00a0<em>esfuerzo desperdiciado<\/em>. Sabes a qu\u00e9 nos referimos \u00bfno? Pues\u00a0<em>Root\u00a0<\/em>est\u00e1 libre de todo eso.<\/p>\n<p><strong>Se trata de un juego rejugable<\/strong><\/p>\n<p>En\u00a0<strong>Root<\/strong>\u00a0se enfrentan cuatro\u00a0<strong>facciones<\/strong>\u00a0y cada jugador va a controlar una de ellas. Pueden quedar facciones sin usar si no est\u00e1n los 4 jugadores. No hay problema con eso.<\/p>\n<div class=\"banner desktop\">\n<div class=\" \"><\/div>\n<\/div>\n<p>Ahora bien, cada facci\u00f3n tiene una forma particular de conseguir la victoria. Es decir, que el\u00a0<strong>objetivo central del juego<\/strong>\u00a0puede ser alcanzado por todos, pero cada quien de una manera diferente, ya que cada uno tiene su propia\u00a0<strong>mec\u00e1nica de juego<\/strong>.<\/p>\n<p>As\u00ed que, como\u00a0<em>Root\u00a0<\/em>se juega de manera distinta seg\u00fan la posici\u00f3n que se ocupe, puedes\u00a0<strong>jugar diferentes partidas intercambiando facciones<\/strong>\u00a0y ser\u00e1 como un juego completamente nuevo. Genial \u00bfno?.<\/p>\n","protected":false},"excerpt":{"rendered":"<p>Root es el juego de guerra y aventura asim\u00e9trico definitivo, en el que de 2 a 4 intrepidos jugadores se enfrentan por el dominio de un bosque poblado por simp\u00e1ticas criaturas.<br \/>\nLas reglas del juego est\u00e1n actualizadas seg\u00fan la 2\u00aa edici\u00f3n.<\/p>\n","protected":false},"featured_media":2216,"comment_status":"open","ping_status":"closed","template":"","meta":{"_themeisle_gutenberg_block_has_review":false},"product_brand":[],"product_cat":[123,29],"product_tag":[157,158,299,218,298],"class_list":{"0":"post-2215","1":"product","2":"type-product","3":"status-publish","4":"has-post-thumbnail","6":"product_cat-otros-juegos","7":"product_cat-juegos-de-mesa","8":"product_tag-bolivia","9":"product_tag-cochabamba","10":"product_tag-espanol","11":"product_tag-juegodemesa","12":"product_tag-root","14":"first","15":"instock","16":"sold-individually","17":"shipping-taxable","18":"purchasable","19":"product-type-simple"},"_links":{"self":[{"href":"https:\/\/magicgamesbolivia.com\/index.php\/wp-json\/wp\/v2\/product\/2215","targetHints":{"allow":["GET"]}}],"collection":[{"href":"https:\/\/magicgamesbolivia.com\/index.php\/wp-json\/wp\/v2\/product"}],"about":[{"href":"https:\/\/magicgamesbolivia.com\/index.php\/wp-json\/wp\/v2\/types\/product"}],"replies":[{"embeddable":true,"href":"https:\/\/magicgamesbolivia.com\/index.php\/wp-json\/wp\/v2\/comments?post=2215"}],"version-history":[{"count":3,"href":"https:\/\/magicgamesbolivia.com\/index.php\/wp-json\/wp\/v2\/product\/2215\/revisions"}],"predecessor-version":[{"id":3621,"href":"https:\/\/magicgamesbolivia.com\/index.php\/wp-json\/wp\/v2\/product\/2215\/revisions\/3621"}],"wp:featuredmedia":[{"embeddable":true,"href":"https:\/\/magicgamesbolivia.com\/index.php\/wp-json\/wp\/v2\/media\/2216"}],"wp:attachment":[{"href":"https:\/\/magicgamesbolivia.com\/index.php\/wp-json\/wp\/v2\/media?parent=2215"}],"wp:term":[{"taxonomy":"product_brand","embeddable":true,"href":"https:\/\/magicgamesbolivia.com\/index.php\/wp-json\/wp\/v2\/product_brand?post=2215"},{"taxonomy":"product_cat","embeddable":true,"href":"https:\/\/magicgamesbolivia.com\/index.php\/wp-json\/wp\/v2\/product_cat?post=2215"},{"taxonomy":"product_tag","embeddable":true,"href":"https:\/\/magicgamesbolivia.com\/index.php\/wp-json\/wp\/v2\/product_tag?post=2215"}],"curies":[{"name":"wp","href":"https:\/\/api.w.org\/{rel}","templated":true}]}}