{"id":2193,"date":"2022-01-26T21:43:18","date_gmt":"2022-01-26T21:43:18","guid":{"rendered":"http:\/\/magicgamesbolivia.com\/?post_type=product&#038;p=2193"},"modified":"2024-12-07T20:31:59","modified_gmt":"2024-12-07T20:31:59","slug":"7-wonders-architects","status":"publish","type":"product","link":"https:\/\/magicgamesbolivia.com\/index.php\/product\/7-wonders-architects\/","title":{"rendered":"7 Wonders Architects"},"content":{"rendered":"<ul>\n<li>Un juego con reglas simples y partidas r\u00e1pidas, ideal para nuevos jugadores.<\/li>\n<li>Un nuevo dise\u00f1o para jugar con amigos y familia dentro del universo 7 Wonders, el juego m\u00e1s premiado del mundo.<\/li>\n<li>Prepar\u00e1 y rec\u00f3gelo r\u00e1pidamente, gracias a sus bandejas de componentes, incluidas en la caja.<\/li>\n<li>Jugable a partir de 8 a\u00f1os, de 2 a 7 jugadores.<\/li>\n<li>Adaptado para dalt\u00f3nicos, con un s\u00edmbolo asociado a cada color del juego.<\/li>\n<\/ul>\n","protected":false},"excerpt":{"rendered":"<h2 class=\"text-3xl md:text-4xl font-heading mb-5\">Construye una maravilla tan magn\u00edfica que deje tu marca en la historia!<\/h2>\n<div>\n<p>En 7 Wonders Architects, tendr\u00e1s que construir una de las 7 maravillas del mundo, y conseguir todos los puntos de victoria que puedas para ganar la partida.<\/p>\n<p>&nbsp;<\/p>\n<\/div>\n","protected":false},"featured_media":2194,"comment_status":"open","ping_status":"closed","template":"","meta":{"_themeisle_gutenberg_block_has_review":false},"product_brand":[],"product_cat":[123,29],"product_tag":[292,293,155],"class_list":{"0":"post-2193","1":"product","2":"type-product","3":"status-publish","4":"has-post-thumbnail","6":"product_cat-otros-juegos","7":"product_cat-juegos-de-mesa","8":"product_tag-7wonders","9":"product_tag-arquitectos","10":"product_tag-juegosdemesa","12":"first","13":"outofstock","14":"sold-individually","15":"shipping-taxable","16":"purchasable","17":"product-type-simple"},"_links":{"self":[{"href":"https:\/\/magicgamesbolivia.com\/index.php\/wp-json\/wp\/v2\/product\/2193","targetHints":{"allow":["GET"]}}],"collection":[{"href":"https:\/\/magicgamesbolivia.com\/index.php\/wp-json\/wp\/v2\/product"}],"about":[{"href":"https:\/\/magicgamesbolivia.com\/index.php\/wp-json\/wp\/v2\/types\/product"}],"replies":[{"embeddable":true,"href":"https:\/\/magicgamesbolivia.com\/index.php\/wp-json\/wp\/v2\/comments?post=2193"}],"version-history":[{"count":1,"href":"https:\/\/magicgamesbolivia.com\/index.php\/wp-json\/wp\/v2\/product\/2193\/revisions"}],"predecessor-version":[{"id":2196,"href":"https:\/\/magicgamesbolivia.com\/index.php\/wp-json\/wp\/v2\/product\/2193\/revisions\/2196"}],"wp:featuredmedia":[{"embeddable":true,"href":"https:\/\/magicgamesbolivia.com\/index.php\/wp-json\/wp\/v2\/media\/2194"}],"wp:attachment":[{"href":"https:\/\/magicgamesbolivia.com\/index.php\/wp-json\/wp\/v2\/media?parent=2193"}],"wp:term":[{"taxonomy":"product_brand","embeddable":true,"href":"https:\/\/magicgamesbolivia.com\/index.php\/wp-json\/wp\/v2\/product_brand?post=2193"},{"taxonomy":"product_cat","embeddable":true,"href":"https:\/\/magicgamesbolivia.com\/index.php\/wp-json\/wp\/v2\/product_cat?post=2193"},{"taxonomy":"product_tag","embeddable":true,"href":"https:\/\/magicgamesbolivia.com\/index.php\/wp-json\/wp\/v2\/product_tag?post=2193"}],"curies":[{"name":"wp","href":"https:\/\/api.w.org\/{rel}","templated":true}]}}