{"id":2158,"date":"2022-01-17T22:11:10","date_gmt":"2022-01-17T22:11:10","guid":{"rendered":"http:\/\/magicgamesbolivia.com\/?post_type=product&#038;p=2158"},"modified":"2024-11-20T01:52:11","modified_gmt":"2024-11-20T01:52:11","slug":"blood-rage","status":"publish","type":"product","link":"https:\/\/magicgamesbolivia.com\/index.php\/product\/blood-rage\/","title":{"rendered":"BLOOD RAGE"},"content":{"rendered":"<blockquote><p>Od\u00edn, el Padre de Todos, vaticin\u00f3 en su sabidur\u00eda la llegada del Ragnar\u00f6k. Jam\u00e1s hall\u00f3 el modo de evitar la destrucci\u00f3n de Midgard. Los seres inferiores no pueden hacer otra cosa que aguardar temerosos el fin de sus d\u00edas.<\/p><\/blockquote>\n<p>Pero t\u00fa no. T\u00fa eres un vikingo, el caudillo de un clan antiguo y orgulloso. Aun en la faz del cataclismo definitivo liderar\u00e1s a tus guerreros en el campo de batalla, conquistando y saqueando, pues para eso hab\u00e9is nacido. Los dioses son generosos en su hora postrera y os otorgan dones y favores. Incluso las m\u00e1s monstruosas criaturas de Midgard ans\u00edan alcanzar la gloria en el poco tiempo que les resta, por lo que tambi\u00e9n ellas participar\u00e1n de tus incursiones. Utiliza todo cuanto est\u00e9 a tu disposici\u00f3n para ganarte un lugar en el Valhalla superando a los dem\u00e1s clanes y alz\u00e1ndote con la \u00faltima victoria que jam\u00e1s conocer\u00e1 el mundo. La vida es \u00a0ef\u00edmera, pero eterna es la gloria. \u00a1Ha llegado la hora de dar rienda suelta a tu furia!<\/p>\n<p>&nbsp;<\/p>\n<p>El objetivo del juego consiste en obtener la mayor cantidad de Gloria antes de que se produzca el apocalipsis final y el mundo entero quede reducido a cenizas. La Gloria se consigue triunfando en batallas, saqueando, completando misiones encomendadas por los dioses y pereciendo valerosamente en combate. La partida transcurre a lo largo de tres Edades durante las cuales el Ragnar\u00f6k ir\u00e1 consumiendo gradualmente el mundo. Gana la partida el jugador que haya acumulado m\u00e1s Gloria en el fin de los tiempos.<\/p>\n<p>&nbsp;<\/p>\n<div class=\"image_footer\">Clan de la serpiente. El juego incluye 10 miniaturas de cada uno de los cuatro clanes<\/div>\n<p>Para un vikingo existen numerosos caminos hacia la gloria. Puedes conquistar y saquear la regi\u00f3n para apoderarte de su bot\u00edn, aplastar a tus rivales en combate, completar misiones divinas o incluso perecer gloriosamente. Los jugadores eligen cartas que representan dones de los dioses para ayudarles en sus cometidos. Estos dones brindan diversas estrategias: pueden otorgarte ventajas en las batallas, plantear ingeniosas t\u00e1cticas o penalizar a quienes te derroten en combate. \u00a1Mejora tu clan con poderosos vikingos, aprende habilidades exclusivas y recluta criaturas legendarias de la mitolog\u00eda n\u00f3rdica para que luchen a tu lado!<\/p>\n<p>&nbsp;<\/p>\n<p>El tablero de juego de Blood Rage es un mapa que representa los territorios m\u00edticos que rodean Yggdrasil, el \u00e1rbol gigante que mantiene unidos los nueve reinos. Estos territorios est\u00e1n formados por nueve provincias. La provincia central es Yggdrasil, y en torno a ella se extienden ocho provincias exteriores divididas en tres regiones: Manheim, Al\u2011 eim y Jotunheim. Las provincias lim\u00edtrofes se consideran adyacentes entre s\u00ed (Yggdrasil est\u00e1 adyacente a todas las dem\u00e1s provincias).<\/p>\n<p>&nbsp;<\/p>\n<p>Para alcanzar la gloria debes conquistar territorios enemigos, completar misiones y enviar al Valhalla a todos los hombres que seas capaz.<\/p>\n<p>&nbsp;<\/p>\n<div class=\"image_footer\">Algunas de las miniaturas del Clan del Lobo<\/div>\n<p>Blood Rage no es un simple juego de control de territorios. Aunque ganar batallas es sin duda un m\u00e9todo perfectamente viable para alcanzar la victoria, en ocasiones la derrota entra\u00f1a tambi\u00e9n beneficios considerables. En una batalla suicida puedes conseguir Gloria cuando tus hordas sean enviadas al Valhalla, y al mismo tiempo est\u00e1s privando al vencedor de cartas, con lo cual lo debilitas de cara a futuras batallas.<\/p>\n<p>Las Misiones pueden proporcionar cantidades ingentes de Gloria. Son demasiado provechosas para ignorarlas sin m\u00e1s, pero si intentas abarcar demasiadas quiz\u00e1 no seas lo bastante poderoso para completarlas con \u00e9xito. Procura buscar el equilibrio.<\/p>\n<p>Tambi\u00e9n es importante observar las invasiones y saqueos de los dem\u00e1s jugadores. Si logras adivinar qu\u00e9 Misiones tratan de completar, tendr\u00e1s m\u00e1s posibilidades de imped\u00edrselo.<\/p>\n","protected":false},"excerpt":{"rendered":"<p>En\u00a0<em>Blood Rage<\/em>, los jugadores controlan formidables clanes vikingos que se disputan la gloria antes de que el mundo sea engullido por un cataclismo apocal\u00edptico. A medida que el Ragnar\u00f6k consume los reinos, los vikingos pugnan por hacer lo que mejor saben: invadir y saquear, matar y morir en batallas \u00e9picas. \u00a1La vida es ef\u00edmera, pero la gloria es eterna!<\/p>\n<p>\u00a1Cuando llegue el fin de los tiempos, tan s\u00f3lo la gloria ser\u00e1 recordada!<\/p>\n<p><span class=\"add-left three columns add-top add-bottom col_characteristics_right\"><img decoding=\"async\" src=\"http:\/\/www.edgeent.com\/static\/img\/char_num_players.png\" \/><span class=\"float_right\">2-4<\/span><\/span><span class=\"add-right-padding add-left-padding remove-left remove-right three columns add-top add-bottom col_characteristics_central\"><img decoding=\"async\" src=\"http:\/\/www.edgeent.com\/static\/img\/char_duration.png\" \/><span class=\"float_right char_time_fix\">60&#8242;-90&#8242;<\/span><\/span><span class=\"add-left three columns add-top add-bottom col_characteristics_left\"><img decoding=\"async\" src=\"http:\/\/www.edgeent.com\/static\/img\/char_ages.png\" \/><span class=\"float_right\">14<\/span><\/span><\/p>\n","protected":false},"featured_media":2159,"comment_status":"open","ping_status":"closed","template":"","meta":{"_themeisle_gutenberg_block_has_review":false},"product_brand":[],"product_cat":[29,104],"product_tag":[284,181,155,285],"class_list":{"0":"post-2158","1":"product","2":"type-product","3":"status-publish","4":"has-post-thumbnail","6":"product_cat-juegos-de-mesa","7":"product_cat-edge","8":"product_tag-bloodrage","9":"product_tag-edge","10":"product_tag-juegosdemesa","11":"product_tag-vikingos","13":"first","14":"outofstock","15":"sold-individually","16":"shipping-taxable","17":"purchasable","18":"product-type-simple"},"_links":{"self":[{"href":"https:\/\/magicgamesbolivia.com\/index.php\/wp-json\/wp\/v2\/product\/2158","targetHints":{"allow":["GET"]}}],"collection":[{"href":"https:\/\/magicgamesbolivia.com\/index.php\/wp-json\/wp\/v2\/product"}],"about":[{"href":"https:\/\/magicgamesbolivia.com\/index.php\/wp-json\/wp\/v2\/types\/product"}],"replies":[{"embeddable":true,"href":"https:\/\/magicgamesbolivia.com\/index.php\/wp-json\/wp\/v2\/comments?post=2158"}],"version-history":[{"count":3,"href":"https:\/\/magicgamesbolivia.com\/index.php\/wp-json\/wp\/v2\/product\/2158\/revisions"}],"predecessor-version":[{"id":3622,"href":"https:\/\/magicgamesbolivia.com\/index.php\/wp-json\/wp\/v2\/product\/2158\/revisions\/3622"}],"wp:featuredmedia":[{"embeddable":true,"href":"https:\/\/magicgamesbolivia.com\/index.php\/wp-json\/wp\/v2\/media\/2159"}],"wp:attachment":[{"href":"https:\/\/magicgamesbolivia.com\/index.php\/wp-json\/wp\/v2\/media?parent=2158"}],"wp:term":[{"taxonomy":"product_brand","embeddable":true,"href":"https:\/\/magicgamesbolivia.com\/index.php\/wp-json\/wp\/v2\/product_brand?post=2158"},{"taxonomy":"product_cat","embeddable":true,"href":"https:\/\/magicgamesbolivia.com\/index.php\/wp-json\/wp\/v2\/product_cat?post=2158"},{"taxonomy":"product_tag","embeddable":true,"href":"https:\/\/magicgamesbolivia.com\/index.php\/wp-json\/wp\/v2\/product_tag?post=2158"}],"curies":[{"name":"wp","href":"https:\/\/api.w.org\/{rel}","templated":true}]}}