{"id":2130,"date":"2021-12-20T22:27:44","date_gmt":"2021-12-20T22:27:44","guid":{"rendered":"http:\/\/magicgamesbolivia.com\/?post_type=product&#038;p=2130"},"modified":"2023-01-04T13:02:02","modified_gmt":"2023-01-04T13:02:02","slug":"dark-soul","status":"publish","type":"product","link":"https:\/\/magicgamesbolivia.com\/index.php\/product\/dark-soul\/","title":{"rendered":"DARK SOUL"},"content":{"rendered":"<p>Idioma Ingles<\/p>\n<p>Dark Souls El juego de mesa es un juego de mesa cooperativo para entre 1 y 4 jugadores que consiste en la superaci\u00f3n de mazmorras. Si quieren ganar, los jugadores tendr\u00e1n que elaborar t\u00e1cticas y colaborar entre s\u00ed para conseguir derrotar a los enemigos antes del enfrentamiento final con el jefe<\/p>\n","protected":false},"excerpt":{"rendered":"<p>Idioma Ingles<\/p>\n<p>Dark Souls El juego de mesa es un juego de mesa cooperativo para entre 1 y 4 jugadores que consiste en la superaci\u00f3n de mazmorras. Si quieren ganar, los jugadores tendr\u00e1n que elaborar t\u00e1cticas y colaborar entre s\u00ed para conseguir derrotar a los enemigos antes del enfrentamiento final con el jefe<\/p>\n","protected":false},"featured_media":2132,"comment_status":"open","ping_status":"closed","template":"","meta":{"_themeisle_gutenberg_block_has_review":false},"product_brand":[],"product_cat":[123,29],"product_tag":[281,280,218],"class_list":{"0":"post-2130","1":"product","2":"type-product","3":"status-publish","4":"has-post-thumbnail","6":"product_cat-otros-juegos","7":"product_cat-juegos-de-mesa","8":"product_tag-boardgame","9":"product_tag-darksoul","10":"product_tag-juegodemesa","12":"first","13":"outofstock","14":"sold-individually","15":"shipping-taxable","16":"purchasable","17":"product-type-simple"},"_links":{"self":[{"href":"https:\/\/magicgamesbolivia.com\/index.php\/wp-json\/wp\/v2\/product\/2130","targetHints":{"allow":["GET"]}}],"collection":[{"href":"https:\/\/magicgamesbolivia.com\/index.php\/wp-json\/wp\/v2\/product"}],"about":[{"href":"https:\/\/magicgamesbolivia.com\/index.php\/wp-json\/wp\/v2\/types\/product"}],"replies":[{"embeddable":true,"href":"https:\/\/magicgamesbolivia.com\/index.php\/wp-json\/wp\/v2\/comments?post=2130"}],"version-history":[{"count":2,"href":"https:\/\/magicgamesbolivia.com\/index.php\/wp-json\/wp\/v2\/product\/2130\/revisions"}],"predecessor-version":[{"id":3623,"href":"https:\/\/magicgamesbolivia.com\/index.php\/wp-json\/wp\/v2\/product\/2130\/revisions\/3623"}],"wp:featuredmedia":[{"embeddable":true,"href":"https:\/\/magicgamesbolivia.com\/index.php\/wp-json\/wp\/v2\/media\/2132"}],"wp:attachment":[{"href":"https:\/\/magicgamesbolivia.com\/index.php\/wp-json\/wp\/v2\/media?parent=2130"}],"wp:term":[{"taxonomy":"product_brand","embeddable":true,"href":"https:\/\/magicgamesbolivia.com\/index.php\/wp-json\/wp\/v2\/product_brand?post=2130"},{"taxonomy":"product_cat","embeddable":true,"href":"https:\/\/magicgamesbolivia.com\/index.php\/wp-json\/wp\/v2\/product_cat?post=2130"},{"taxonomy":"product_tag","embeddable":true,"href":"https:\/\/magicgamesbolivia.com\/index.php\/wp-json\/wp\/v2\/product_tag?post=2130"}],"curies":[{"name":"wp","href":"https:\/\/api.w.org\/{rel}","templated":true}]}}