{"id":2127,"date":"2021-12-20T21:51:12","date_gmt":"2021-12-20T21:51:12","guid":{"rendered":"http:\/\/magicgamesbolivia.com\/?post_type=product&#038;p=2127"},"modified":"2022-12-22T23:03:28","modified_gmt":"2022-12-22T23:03:28","slug":"small-world-of-warcraft","status":"publish","type":"product","link":"https:\/\/magicgamesbolivia.com\/index.php\/product\/small-world-of-warcraft\/","title":{"rendered":"Small World of Warcraft"},"content":{"rendered":"<p><em>manece un nuevo d\u00eda en Azeroth. Un d\u00eda como todos los anteriores y como todos los que le seguir\u00e1n. Un d\u00eda de lucha despiadada por el control de World of Warcraft. \u00a1La guerra por Azeroth ha comenzado!<\/em><\/p>\n<p><em>No es s\u00f3lo que este Small World sea un territorio demasiado peque\u00f1o para todos, sino que tambi\u00e9n alberga el interminable conflicto entre las facciones de la Alianza y la Horda. Ya ha amanecido. Ha llegado la hora de luchar a la vanguardia de esta batalla.<\/em><\/p>\n<p><strong>Small World of Warcraft<\/strong>\u00a0es un\u00a0<strong>juego de mesa<\/strong>\u00a0independiente\u00a0<strong>ambientado en el glorioso universo de Azeroth<\/strong>, en el que los jugadores\u00a0<strong>competir\u00e1n por el control<\/strong>\u00a0de varias islas de este mundo hostil.\u00a0Tu \u00fanica esperanza ser\u00e1\u00a0<strong>elegir la combinaci\u00f3n adecuada de razas y poderes<\/strong>\u00a0especiales.<\/p>\n<p>Cuando hayas<strong>\u00a0reclamado un pedazo de tierra<\/strong>, derrota a tus enemigos y expande tu territorio. Si consigues\u00a0<strong>ocupar lugares legendarios<\/strong>\u00a0y controlar poderosos artefactos m\u00e1gicos, alcanzar\u00e1s nuevas cotas de dominaci\u00f3n.<\/p>\n<p>Con el tiempo, sin embargo, todo imperio tiene que caer, as\u00ed que prep\u00e1rate para\u00a0<strong>poner en declive a las razas que se hayan extendido demasiado<\/strong>\u00a0y lidera a otra nueva hacia la gloria. S\u00f3lo as\u00ed podr\u00e1s acabar gobernando Azeroth.<\/p>\n","protected":false},"excerpt":{"rendered":"<div id=\"short_description_block\">\n<div id=\"short_description_content\" class=\"rte align_justify\">\n<p><strong>Small World of Warcraft<\/strong>\u00a0es un\u00a0<strong>juego de mesa<\/strong>\u00a0independiente\u00a0<strong>ambientado en el glorioso universo de Azeroth<\/strong>, en el que los jugadores\u00a0<strong>competir\u00e1n por el control<\/strong>\u00a0de varias islas de este mundo hostil.<\/p>\n<\/div>\n<\/div>\n<div class=\"pb-right-column\">\n<form id=\"buy_block\" action=\"https:\/\/juegosdelamesaredonda.com\/carro-de-la-compra\" method=\"post\">\n<div class=\"box-info-product\">\n<div class=\"content_prices clearfix\">\n<div>\n<table class=\"table-data-sheet\">\n<tbody>\n<tr class=\"odd\">\n<td>N\u00famero de jugadores:<\/td>\n<td>De 2 a 5 jugadores<\/td>\n<\/tr>\n<tr class=\"even\">\n<td>Duraci\u00f3n aproximada del juego:<\/td>\n<td>60 minutos<\/td>\n<\/tr>\n<tr class=\"odd\">\n<td>Edad m\u00ednima recomendada:<\/td>\n<td>10 a\u00f1os<\/td>\n<\/tr>\n<tr class=\"even\">\n<td>Tipo:<\/td>\n<td>Juego de tablero<\/td>\n<\/tr>\n<tr class=\"odd\">\n<td>G\u00e9nero:<\/td>\n<td>Estrategia<\/td>\n<\/tr>\n<tr class=\"even\">\n<td>Idioma:<\/td>\n<td>Espa\u00f1ol<\/td>\n<\/tr>\n<tr class=\"odd\">\n<td>Marca:<\/td>\n<td>Asmodee<\/td>\n<\/tr>\n<\/tbody>\n<\/table>\n<\/div>\n<\/div>\n<\/div>\n<\/form>\n<\/div>\n","protected":false},"featured_media":2128,"comment_status":"open","ping_status":"closed","template":"","meta":{"_themeisle_gutenberg_block_has_review":false},"product_brand":[],"product_cat":[123,29],"product_tag":[279,156,155,274],"class_list":{"0":"post-2127","1":"product","2":"type-product","3":"status-publish","4":"has-post-thumbnail","6":"product_cat-otros-juegos","7":"product_cat-juegos-de-mesa","8":"product_tag-asmodee","9":"product_tag-boardgames","10":"product_tag-juegosdemesa","11":"product_tag-worldofwarcraft","13":"first","14":"outofstock","15":"sold-individually","16":"shipping-taxable","17":"purchasable","18":"product-type-simple"},"_links":{"self":[{"href":"https:\/\/magicgamesbolivia.com\/index.php\/wp-json\/wp\/v2\/product\/2127","targetHints":{"allow":["GET"]}}],"collection":[{"href":"https:\/\/magicgamesbolivia.com\/index.php\/wp-json\/wp\/v2\/product"}],"about":[{"href":"https:\/\/magicgamesbolivia.com\/index.php\/wp-json\/wp\/v2\/types\/product"}],"replies":[{"embeddable":true,"href":"https:\/\/magicgamesbolivia.com\/index.php\/wp-json\/wp\/v2\/comments?post=2127"}],"version-history":[{"count":2,"href":"https:\/\/magicgamesbolivia.com\/index.php\/wp-json\/wp\/v2\/product\/2127\/revisions"}],"predecessor-version":[{"id":2131,"href":"https:\/\/magicgamesbolivia.com\/index.php\/wp-json\/wp\/v2\/product\/2127\/revisions\/2131"}],"wp:featuredmedia":[{"embeddable":true,"href":"https:\/\/magicgamesbolivia.com\/index.php\/wp-json\/wp\/v2\/media\/2128"}],"wp:attachment":[{"href":"https:\/\/magicgamesbolivia.com\/index.php\/wp-json\/wp\/v2\/media?parent=2127"}],"wp:term":[{"taxonomy":"product_brand","embeddable":true,"href":"https:\/\/magicgamesbolivia.com\/index.php\/wp-json\/wp\/v2\/product_brand?post=2127"},{"taxonomy":"product_cat","embeddable":true,"href":"https:\/\/magicgamesbolivia.com\/index.php\/wp-json\/wp\/v2\/product_cat?post=2127"},{"taxonomy":"product_tag","embeddable":true,"href":"https:\/\/magicgamesbolivia.com\/index.php\/wp-json\/wp\/v2\/product_tag?post=2127"}],"curies":[{"name":"wp","href":"https:\/\/api.w.org\/{rel}","templated":true}]}}