{"id":2109,"date":"2021-12-20T20:02:20","date_gmt":"2021-12-20T20:02:20","guid":{"rendered":"http:\/\/magicgamesbolivia.com\/?post_type=product&#038;p=2109"},"modified":"2022-07-12T15:00:52","modified_gmt":"2022-07-12T15:00:52","slug":"cielos-de-metal","status":"publish","type":"product","link":"https:\/\/magicgamesbolivia.com\/index.php\/product\/cielos-de-metal\/","title":{"rendered":"Cielos de Metal"},"content":{"rendered":"<p>Los extraterrestres han llegado para conquistar la Tierra.\u00a0Los barcos enemigos llenan los cielos.\u00a0La humanidad se retira a b\u00fankeres subterr\u00e1neos ubicados debajo de ciudades de todo el mundo.\u00a0\u00a1Lucha contra la amenaza com\u00fan!\u00a0Lucha contra los invasores ciudad por ciudad.\u00a0\u00a1Forma un equipo de todo el mundo para salvar tu planeta y derrotar a los alien\u00edgenas!<\/p>\n","protected":false},"excerpt":{"rendered":"<div class=\"atributo col-md-4 col-sm-4 col-xs-4\">Cantidad de Jugadores 1<\/div>\n<div class=\"atributo col-md-4 col-sm-4 col-xs-4\">Tiempo de Juego 20-40<\/div>\n<div class=\"atributo col-md-4 col-sm-4 col-xs-4\">Edad recomendada 12<\/div>\n<div>\n<p><strong>Celos de Metal<\/strong>\u00a0es un juego en solitario con una campa\u00f1a de m\u00faltiples misiones.\u00a0En cada misi\u00f3n, te haces cargo de defender una ciudad sitiada.<\/p>\n<p>Tus acciones est\u00e1n impulsadas por una innovadora mec\u00e1nica de colocaci\u00f3n de dados.\u00a0Cuando eliges una acci\u00f3n, tambi\u00e9n est\u00e1s eligiendo qu\u00e9 barcos enemigos descender\u00e1n.\u00a0Los n\u00fameros m\u00e1s grandes dan mejores efectos, pero tambi\u00e9n hacen que los barcos desciendan m\u00e1s r\u00e1pido.<\/p>\n<p>Expanda su base subterr\u00e1nea para obtener acceso a acciones m\u00e1s poderosas, lo que le permitir\u00e1 derribar barcos enemigos o desplegar robots para aumentar su fuerza laboral, pero no olvide trabajar en su investigaci\u00f3n y vigilar su suministro de energ\u00eda.<\/p>\n<p>La nave nodriza se acerca cada vez m\u00e1s, aumentando la tensi\u00f3n.<\/p>\n<p>\u00bfPuedes completar tu misi\u00f3n antes de que tu base sea destruida?<\/p>\n<\/div>\n","protected":false},"featured_media":2111,"comment_status":"open","ping_status":"closed","template":"","meta":{"_themeisle_gutenberg_block_has_review":false},"product_brand":[],"product_cat":[29,30],"product_tag":[276,31,155],"class_list":{"0":"post-2109","1":"product","2":"type-product","3":"status-publish","4":"has-post-thumbnail","6":"product_cat-juegos-de-mesa","7":"product_cat-devir","8":"product_tag-cielosdemetal","9":"product_tag-devir","10":"product_tag-juegosdemesa","12":"first","13":"outofstock","14":"sold-individually","15":"shipping-taxable","16":"purchasable","17":"product-type-simple"},"_links":{"self":[{"href":"https:\/\/magicgamesbolivia.com\/index.php\/wp-json\/wp\/v2\/product\/2109","targetHints":{"allow":["GET"]}}],"collection":[{"href":"https:\/\/magicgamesbolivia.com\/index.php\/wp-json\/wp\/v2\/product"}],"about":[{"href":"https:\/\/magicgamesbolivia.com\/index.php\/wp-json\/wp\/v2\/types\/product"}],"replies":[{"embeddable":true,"href":"https:\/\/magicgamesbolivia.com\/index.php\/wp-json\/wp\/v2\/comments?post=2109"}],"version-history":[{"count":1,"href":"https:\/\/magicgamesbolivia.com\/index.php\/wp-json\/wp\/v2\/product\/2109\/revisions"}],"predecessor-version":[{"id":2114,"href":"https:\/\/magicgamesbolivia.com\/index.php\/wp-json\/wp\/v2\/product\/2109\/revisions\/2114"}],"wp:featuredmedia":[{"embeddable":true,"href":"https:\/\/magicgamesbolivia.com\/index.php\/wp-json\/wp\/v2\/media\/2111"}],"wp:attachment":[{"href":"https:\/\/magicgamesbolivia.com\/index.php\/wp-json\/wp\/v2\/media?parent=2109"}],"wp:term":[{"taxonomy":"product_brand","embeddable":true,"href":"https:\/\/magicgamesbolivia.com\/index.php\/wp-json\/wp\/v2\/product_brand?post=2109"},{"taxonomy":"product_cat","embeddable":true,"href":"https:\/\/magicgamesbolivia.com\/index.php\/wp-json\/wp\/v2\/product_cat?post=2109"},{"taxonomy":"product_tag","embeddable":true,"href":"https:\/\/magicgamesbolivia.com\/index.php\/wp-json\/wp\/v2\/product_tag?post=2109"}],"curies":[{"name":"wp","href":"https:\/\/api.w.org\/{rel}","templated":true}]}}