{"id":2082,"date":"2021-12-14T22:23:09","date_gmt":"2021-12-14T22:23:09","guid":{"rendered":"http:\/\/magicgamesbolivia.com\/?post_type=product&#038;p=2082"},"modified":"2025-01-11T20:25:41","modified_gmt":"2025-01-11T20:25:41","slug":"pandemic-world-of-warcraft-wrath-of-the-lich-king-espanol","status":"publish","type":"product","link":"https:\/\/magicgamesbolivia.com\/index.php\/product\/pandemic-world-of-warcraft-wrath-of-the-lich-king-espanol\/","title":{"rendered":"Pandemic &#8211; World of Warcraft: Wrath of the Lich King &#8211; Espa\u00f1ol"},"content":{"rendered":"<p>En\u00a0<em><strong>World of Warcraft: Wrath of the Lich King \u2013 Un juego de mesa basado en Pandemic<\/strong><\/em>, encarn\u00e1is a las leyendas del universo de\u00a0<em>World of Warcraft<\/em>\u00a0y dirig\u00eds la invasi\u00f3n de Rasganorte. Manteneos unidos mientras acab\u00e1is con hordas de abyectos no-muertos, neutraliz\u00e1is amenazas acechantes por todo ese territorio y, finalmente, asalt\u00e1is las puertas de la Ciudadela de la Corona de Hielo. \u00bfPodr\u00e9is salvar a Azeroth del despiadado Rey Ex\u00e1nime o Agon\u00eda de Escarcha, su espada maldita, absorber\u00e1 unas cuantas almas m\u00e1s?<\/p>\n<p><strong>CONTENIDO<\/strong><br \/>\n7 H\u00e9roes, 1 Rey Ex\u00e1nime, 3 Abominaciones, 36 Necr\u00f3fagos, 1 Ciudadela de la Corona de Hielo, 3 Bastiones, m\u00e1s de 100 cartas \u00a1y mucho m\u00e1s!<\/p>\n","protected":false},"excerpt":{"rendered":"<p><label class=\"form-control-label\">Descripci\u00f3n<\/label><\/p>\n<p>Durante demasiado tiempo, el mal\u00e9volo Rey Ex\u00e1nime y su Plaga no-muerta han amenazado al mundo de Azeroth desde el continente helado de Rasganorte. Ahora, un grupo de h\u00e9roes legendarios se ha reunido para desafiar al Rey Ex\u00e1nime en su poderosa fortaleza y destruirlo de una vez por todas.<\/p>\n","protected":false},"featured_media":2083,"comment_status":"open","ping_status":"closed","template":"","meta":{"_themeisle_gutenberg_block_has_review":false},"product_brand":[],"product_cat":[123,29],"product_tag":[155,173,274,273],"class_list":{"0":"post-2082","1":"product","2":"type-product","3":"status-publish","4":"has-post-thumbnail","6":"product_cat-otros-juegos","7":"product_cat-juegos-de-mesa","8":"product_tag-juegosdemesa","9":"product_tag-pandemic","10":"product_tag-worldofwarcraft","11":"product_tag-wow","13":"first","14":"outofstock","15":"sold-individually","16":"shipping-taxable","17":"purchasable","18":"product-type-simple"},"_links":{"self":[{"href":"https:\/\/magicgamesbolivia.com\/index.php\/wp-json\/wp\/v2\/product\/2082","targetHints":{"allow":["GET"]}}],"collection":[{"href":"https:\/\/magicgamesbolivia.com\/index.php\/wp-json\/wp\/v2\/product"}],"about":[{"href":"https:\/\/magicgamesbolivia.com\/index.php\/wp-json\/wp\/v2\/types\/product"}],"replies":[{"embeddable":true,"href":"https:\/\/magicgamesbolivia.com\/index.php\/wp-json\/wp\/v2\/comments?post=2082"}],"version-history":[{"count":2,"href":"https:\/\/magicgamesbolivia.com\/index.php\/wp-json\/wp\/v2\/product\/2082\/revisions"}],"predecessor-version":[{"id":2140,"href":"https:\/\/magicgamesbolivia.com\/index.php\/wp-json\/wp\/v2\/product\/2082\/revisions\/2140"}],"wp:featuredmedia":[{"embeddable":true,"href":"https:\/\/magicgamesbolivia.com\/index.php\/wp-json\/wp\/v2\/media\/2083"}],"wp:attachment":[{"href":"https:\/\/magicgamesbolivia.com\/index.php\/wp-json\/wp\/v2\/media?parent=2082"}],"wp:term":[{"taxonomy":"product_brand","embeddable":true,"href":"https:\/\/magicgamesbolivia.com\/index.php\/wp-json\/wp\/v2\/product_brand?post=2082"},{"taxonomy":"product_cat","embeddable":true,"href":"https:\/\/magicgamesbolivia.com\/index.php\/wp-json\/wp\/v2\/product_cat?post=2082"},{"taxonomy":"product_tag","embeddable":true,"href":"https:\/\/magicgamesbolivia.com\/index.php\/wp-json\/wp\/v2\/product_tag?post=2082"}],"curies":[{"name":"wp","href":"https:\/\/api.w.org\/{rel}","templated":true}]}}