{"id":2062,"date":"2021-12-07T15:19:51","date_gmt":"2021-12-07T15:19:51","guid":{"rendered":"http:\/\/magicgamesbolivia.com\/?post_type=product&#038;p=2062"},"modified":"2025-09-03T19:55:41","modified_gmt":"2025-09-03T19:55:41","slug":"no-sin-mi-gato","status":"publish","type":"product","link":"https:\/\/magicgamesbolivia.com\/index.php\/product\/no-sin-mi-gato\/","title":{"rendered":"NO SIN MI GATO"},"content":{"rendered":"<div>El sue\u00f1o habitual de un gato callejero es el de verse a s\u00ed mismo tumbado en la alfombra de un c\u00e1lido hogar delante de la chimenea, oyendo el crepitar de las llamas y durmiendo fuerte durante horas sin temor a la falta de comida. No todos tienen la suerte de vivir entre paredes, la vida en la calle es especialmente dura para ellos. En este juego tendr\u00e9is la oportunidad de darle un hogar a estos gatos callejeros que han tenido la desafortunada suerte de nacer en el momento menos indicado.<\/div>\n","protected":false},"excerpt":{"rendered":"<table>\n<tbody>\n<tr>\n<td width=\"217\">Tiempo medio de juego:<\/td>\n<td width=\"349\">15\u2019<\/td>\n<\/tr>\n<tr>\n<td width=\"217\">N\u00famero de jugadores:<\/td>\n<td width=\"349\">1-4<\/td>\n<\/tr>\n<tr>\n<td width=\"217\">Edad:<\/td>\n<td width=\"349\">6+<\/td>\n<\/tr>\n<tr>\n<td width=\"217\">Editorial:<\/td>\n<td width=\"349\">Asmodee<\/td>\n<\/tr>\n<tr>\n<td width=\"217\">Dificultad de aprendizaje:<\/td>\n<td width=\"349\">F\u00e1cil<\/td>\n<\/tr>\n<tr>\n<td width=\"217\">Tipo de juego:<\/td>\n<td width=\"349\">Juego de cartas<\/td>\n<\/tr>\n<\/tbody>\n<\/table>\n","protected":false},"featured_media":2063,"comment_status":"open","ping_status":"closed","template":"","meta":{"_themeisle_gutenberg_block_has_review":false},"product_brand":[],"product_cat":[123,29],"product_tag":[267,266,155],"class_list":{"0":"post-2062","1":"product","2":"type-product","3":"status-publish","4":"has-post-thumbnail","6":"product_cat-otros-juegos","7":"product_cat-juegos-de-mesa","8":"product_tag-familiar","9":"product_tag-gatos","10":"product_tag-juegosdemesa","12":"first","13":"instock","14":"sold-individually","15":"shipping-taxable","16":"purchasable","17":"product-type-simple"},"_links":{"self":[{"href":"https:\/\/magicgamesbolivia.com\/index.php\/wp-json\/wp\/v2\/product\/2062","targetHints":{"allow":["GET"]}}],"collection":[{"href":"https:\/\/magicgamesbolivia.com\/index.php\/wp-json\/wp\/v2\/product"}],"about":[{"href":"https:\/\/magicgamesbolivia.com\/index.php\/wp-json\/wp\/v2\/types\/product"}],"replies":[{"embeddable":true,"href":"https:\/\/magicgamesbolivia.com\/index.php\/wp-json\/wp\/v2\/comments?post=2062"}],"version-history":[{"count":3,"href":"https:\/\/magicgamesbolivia.com\/index.php\/wp-json\/wp\/v2\/product\/2062\/revisions"}],"predecessor-version":[{"id":3626,"href":"https:\/\/magicgamesbolivia.com\/index.php\/wp-json\/wp\/v2\/product\/2062\/revisions\/3626"}],"wp:featuredmedia":[{"embeddable":true,"href":"https:\/\/magicgamesbolivia.com\/index.php\/wp-json\/wp\/v2\/media\/2063"}],"wp:attachment":[{"href":"https:\/\/magicgamesbolivia.com\/index.php\/wp-json\/wp\/v2\/media?parent=2062"}],"wp:term":[{"taxonomy":"product_brand","embeddable":true,"href":"https:\/\/magicgamesbolivia.com\/index.php\/wp-json\/wp\/v2\/product_brand?post=2062"},{"taxonomy":"product_cat","embeddable":true,"href":"https:\/\/magicgamesbolivia.com\/index.php\/wp-json\/wp\/v2\/product_cat?post=2062"},{"taxonomy":"product_tag","embeddable":true,"href":"https:\/\/magicgamesbolivia.com\/index.php\/wp-json\/wp\/v2\/product_tag?post=2062"}],"curies":[{"name":"wp","href":"https:\/\/api.w.org\/{rel}","templated":true}]}}