{"id":2047,"date":"2021-11-11T22:17:40","date_gmt":"2021-11-11T22:17:40","guid":{"rendered":"http:\/\/magicgamesbolivia.com\/?post_type=product&#038;p=2047"},"modified":"2025-06-27T19:15:40","modified_gmt":"2025-06-27T19:15:40","slug":"pocimas-y-brebajes","status":"publish","type":"product","link":"https:\/\/magicgamesbolivia.com\/index.php\/product\/pocimas-y-brebajes\/","title":{"rendered":"P\u00f3cimas y Brebajes"},"content":{"rendered":"<p>En P\u00f3cimas y Brebajes, cada jugador tiene su propia bolsa de fichas de ingredientes. Durante cada ronda, simult\u00e1neamente sacan fichas y las agregan a su caldera. Cuanto mayor sea el valor nominal en la ficha, m\u00e1s lejos se colocar\u00e1 en el patr\u00f3n de remolino. Lleva tu suerte tan lejos como puedas, pero si agregas demasiadas bombas de cereza, \u00a1tu olla explota!<\/p>\n<p>Al final de cada ronda, los jugadores ganan puntos de victoria y tambi\u00e9n monedas para gastar en nuevos ingredientes para agregar a sus bolsas.\u00a0Pero los jugadores con botes explotados deben elegir puntos o monedas, \u00a1no ambos!\u00a0El jugador con m\u00e1s puntos de victoria al final de las nueve rondas gana el juego.<\/p>\n<div class=\"atributo col-md-4 col-sm-4 col-xs-4\">Cantidad de Jugadores 2-4<\/div>\n<div class=\"atributo col-md-4 col-sm-4 col-xs-4\">Tiempo de Juego 45<\/div>\n<div class=\"atributo col-md-4 col-sm-4 col-xs-4\">Edad recomendada 10<\/div>\n","protected":false},"excerpt":{"rendered":"<p>En P\u00f3cimas y Brebajes\u00a0, los jugadores son charlatanes, o curanderos, que hacen sus propios brebajes milagrosos que prometen ser la cura para todo malestar que uno pueda tener. Pero como hacen las p\u00f3cimas cada uno es un secreto, agregando ingredientes uno por uno. Sin embargo, hay que tener cuidado con los ingredientes agregados, ya que esto podr\u00eda estropear toda la mezcla y explotar.<\/p>\n","protected":false},"featured_media":2049,"comment_status":"open","ping_status":"closed","template":"","meta":{"_themeisle_gutenberg_block_has_review":false},"product_brand":[],"product_cat":[29,30],"product_tag":[156,31,155],"class_list":{"0":"post-2047","1":"product","2":"type-product","3":"status-publish","4":"has-post-thumbnail","6":"product_cat-juegos-de-mesa","7":"product_cat-devir","8":"product_tag-boardgames","9":"product_tag-devir","10":"product_tag-juegosdemesa","12":"first","13":"outofstock","14":"sold-individually","15":"shipping-taxable","16":"purchasable","17":"product-type-simple"},"_links":{"self":[{"href":"https:\/\/magicgamesbolivia.com\/index.php\/wp-json\/wp\/v2\/product\/2047","targetHints":{"allow":["GET"]}}],"collection":[{"href":"https:\/\/magicgamesbolivia.com\/index.php\/wp-json\/wp\/v2\/product"}],"about":[{"href":"https:\/\/magicgamesbolivia.com\/index.php\/wp-json\/wp\/v2\/types\/product"}],"replies":[{"embeddable":true,"href":"https:\/\/magicgamesbolivia.com\/index.php\/wp-json\/wp\/v2\/comments?post=2047"}],"version-history":[{"count":2,"href":"https:\/\/magicgamesbolivia.com\/index.php\/wp-json\/wp\/v2\/product\/2047\/revisions"}],"predecessor-version":[{"id":2594,"href":"https:\/\/magicgamesbolivia.com\/index.php\/wp-json\/wp\/v2\/product\/2047\/revisions\/2594"}],"wp:featuredmedia":[{"embeddable":true,"href":"https:\/\/magicgamesbolivia.com\/index.php\/wp-json\/wp\/v2\/media\/2049"}],"wp:attachment":[{"href":"https:\/\/magicgamesbolivia.com\/index.php\/wp-json\/wp\/v2\/media?parent=2047"}],"wp:term":[{"taxonomy":"product_brand","embeddable":true,"href":"https:\/\/magicgamesbolivia.com\/index.php\/wp-json\/wp\/v2\/product_brand?post=2047"},{"taxonomy":"product_cat","embeddable":true,"href":"https:\/\/magicgamesbolivia.com\/index.php\/wp-json\/wp\/v2\/product_cat?post=2047"},{"taxonomy":"product_tag","embeddable":true,"href":"https:\/\/magicgamesbolivia.com\/index.php\/wp-json\/wp\/v2\/product_tag?post=2047"}],"curies":[{"name":"wp","href":"https:\/\/api.w.org\/{rel}","templated":true}]}}