{"id":1920,"date":"2021-09-28T15:58:50","date_gmt":"2021-09-28T15:58:50","guid":{"rendered":"http:\/\/magicgamesbolivia.com\/?post_type=product&#038;p=1920"},"modified":"2024-01-14T17:19:24","modified_gmt":"2024-01-14T17:19:24","slug":"catan-navegantes-ampliacion-5-y-6-jugadores","status":"publish","type":"product","link":"https:\/\/magicgamesbolivia.com\/index.php\/product\/catan-navegantes-ampliacion-5-y-6-jugadores\/","title":{"rendered":"Catan: Navegantes Ampliaci\u00f3n \u2013 5 y 6 jugadores"},"content":{"rendered":"","protected":false},"excerpt":{"rendered":"<p>Descubre la sensaci\u00f3n de navegar en Cat\u00e1n con m\u00e1s amigos recreando sus expediciones navales hist\u00f3ricas. Adem\u00e1s, encontrar\u00e1s 8 nuevos lugares que podr\u00e1s visitar durante las expediciones. \u00a1Vive la historia de Cat\u00e1n! La campa\u00f1a se compone de 8 escenarios.<\/p>\n","protected":false},"featured_media":1921,"comment_status":"open","ping_status":"closed","template":"","meta":{"_themeisle_gutenberg_block_has_review":false},"product_brand":[],"product_cat":[29,30,33],"product_tag":[32],"class_list":{"0":"post-1920","1":"product","2":"type-product","3":"status-publish","4":"has-post-thumbnail","6":"product_cat-juegos-de-mesa","7":"product_cat-devir","8":"product_cat-catan","9":"product_tag-catan","11":"first","12":"outofstock","13":"sold-individually","14":"shipping-taxable","15":"purchasable","16":"product-type-simple"},"_links":{"self":[{"href":"https:\/\/magicgamesbolivia.com\/index.php\/wp-json\/wp\/v2\/product\/1920","targetHints":{"allow":["GET"]}}],"collection":[{"href":"https:\/\/magicgamesbolivia.com\/index.php\/wp-json\/wp\/v2\/product"}],"about":[{"href":"https:\/\/magicgamesbolivia.com\/index.php\/wp-json\/wp\/v2\/types\/product"}],"replies":[{"embeddable":true,"href":"https:\/\/magicgamesbolivia.com\/index.php\/wp-json\/wp\/v2\/comments?post=1920"}],"version-history":[{"count":1,"href":"https:\/\/magicgamesbolivia.com\/index.php\/wp-json\/wp\/v2\/product\/1920\/revisions"}],"predecessor-version":[{"id":1922,"href":"https:\/\/magicgamesbolivia.com\/index.php\/wp-json\/wp\/v2\/product\/1920\/revisions\/1922"}],"wp:featuredmedia":[{"embeddable":true,"href":"https:\/\/magicgamesbolivia.com\/index.php\/wp-json\/wp\/v2\/media\/1921"}],"wp:attachment":[{"href":"https:\/\/magicgamesbolivia.com\/index.php\/wp-json\/wp\/v2\/media?parent=1920"}],"wp:term":[{"taxonomy":"product_brand","embeddable":true,"href":"https:\/\/magicgamesbolivia.com\/index.php\/wp-json\/wp\/v2\/product_brand?post=1920"},{"taxonomy":"product_cat","embeddable":true,"href":"https:\/\/magicgamesbolivia.com\/index.php\/wp-json\/wp\/v2\/product_cat?post=1920"},{"taxonomy":"product_tag","embeddable":true,"href":"https:\/\/magicgamesbolivia.com\/index.php\/wp-json\/wp\/v2\/product_tag?post=1920"}],"curies":[{"name":"wp","href":"https:\/\/api.w.org\/{rel}","templated":true}]}}