{"id":1851,"date":"2021-09-18T19:52:33","date_gmt":"2021-09-18T19:52:33","guid":{"rendered":"https:\/\/magicgamesbolivia.com\/?post_type=product&#038;p=1851"},"modified":"2026-01-23T02:11:28","modified_gmt":"2026-01-23T02:11:28","slug":"patchwork","status":"publish","type":"product","link":"https:\/\/magicgamesbolivia.com\/index.php\/product\/patchwork\/","title":{"rendered":"Patchwork"},"content":{"rendered":"<p>Es un juego r\u00e1pido con una duraci\u00f3n aproximada de 30 minutos, para mayores de 8 a\u00f1os. Las instrucciones est\u00e1n en castellano, aunque la dependencia del idioma es muy baja puesto que ni las fichas ni el tablero contienen texto.<\/p>\n","protected":false},"excerpt":{"rendered":"<p>Patchwork juego de mesapara dos jugadores de <strong>Uwe Rosenberg<\/strong>.<\/p>\n<p>Estos dos jugadores compiten por construir la colcha de 9\u00d79 celdas m\u00e1s completa. El que menos huecos tenga al final y m\u00e1s botones tenga en su posesi\u00f3n ser\u00e1 el ganador.<\/p>\n","protected":false},"featured_media":1852,"comment_status":"open","ping_status":"closed","template":"","meta":{"_themeisle_gutenberg_block_has_review":false},"product_brand":[],"product_cat":[29,93],"product_tag":[155,197,233],"class_list":{"0":"post-1851","1":"product","2":"type-product","3":"status-publish","4":"has-post-thumbnail","6":"product_cat-juegos-de-mesa","7":"product_cat-maldito-games","8":"product_tag-juegosdemesa","9":"product_tag-malditogames","10":"product_tag-patchwork","12":"first","13":"outofstock","14":"sold-individually","15":"shipping-taxable","16":"purchasable","17":"product-type-simple"},"_links":{"self":[{"href":"https:\/\/magicgamesbolivia.com\/index.php\/wp-json\/wp\/v2\/product\/1851","targetHints":{"allow":["GET"]}}],"collection":[{"href":"https:\/\/magicgamesbolivia.com\/index.php\/wp-json\/wp\/v2\/product"}],"about":[{"href":"https:\/\/magicgamesbolivia.com\/index.php\/wp-json\/wp\/v2\/types\/product"}],"replies":[{"embeddable":true,"href":"https:\/\/magicgamesbolivia.com\/index.php\/wp-json\/wp\/v2\/comments?post=1851"}],"version-history":[{"count":1,"href":"https:\/\/magicgamesbolivia.com\/index.php\/wp-json\/wp\/v2\/product\/1851\/revisions"}],"predecessor-version":[{"id":1854,"href":"https:\/\/magicgamesbolivia.com\/index.php\/wp-json\/wp\/v2\/product\/1851\/revisions\/1854"}],"wp:featuredmedia":[{"embeddable":true,"href":"https:\/\/magicgamesbolivia.com\/index.php\/wp-json\/wp\/v2\/media\/1852"}],"wp:attachment":[{"href":"https:\/\/magicgamesbolivia.com\/index.php\/wp-json\/wp\/v2\/media?parent=1851"}],"wp:term":[{"taxonomy":"product_brand","embeddable":true,"href":"https:\/\/magicgamesbolivia.com\/index.php\/wp-json\/wp\/v2\/product_brand?post=1851"},{"taxonomy":"product_cat","embeddable":true,"href":"https:\/\/magicgamesbolivia.com\/index.php\/wp-json\/wp\/v2\/product_cat?post=1851"},{"taxonomy":"product_tag","embeddable":true,"href":"https:\/\/magicgamesbolivia.com\/index.php\/wp-json\/wp\/v2\/product_tag?post=1851"}],"curies":[{"name":"wp","href":"https:\/\/api.w.org\/{rel}","templated":true}]}}