{"id":1837,"date":"2021-09-17T21:36:30","date_gmt":"2021-09-17T21:36:30","guid":{"rendered":"http:\/\/magicgamesbolivia.com\/?post_type=product&#038;p=1837"},"modified":"2025-03-25T20:29:21","modified_gmt":"2025-03-25T20:29:21","slug":"exploding-kittens-edicion-nsfw","status":"publish","type":"product","link":"https:\/\/magicgamesbolivia.com\/index.php\/product\/exploding-kittens-edicion-nsfw\/","title":{"rendered":"EXPLODING KITTENS: EDICI\u00d3N NSFW"},"content":{"rendered":"<p>Se trata de una versi\u00f3n gatuna de la ruleta rusa con un gran componente estrat\u00e9gico. Los jugadores van robando cartas hasta que a alguien le sale un Exploding Kitten. Cuando esto sucede, esa persona muere y queda eliminada de la partida. El resto de cartas de la baraja sirven para cambiar de lugar, mitigar o evitar a los Exploding Kittens.<\/p>\n<p>Esta versi\u00f3n de Exploding Kittens contiene el juego completo, pero las ilustraciones y el texto de las cartas han sido reemplazados por contenido demasiado horrible\/alucinante para la versi\u00f3n normal del juego.<\/p>\n<p>Puede jugarse solo con este mazo o combinarlo con otro para acomodar hasta 9 jugadores.<\/p>\n","protected":false},"excerpt":{"rendered":"<table class=\"table-data-sheet table-bordered\">\n<tbody>\n<tr class=\"odd\">\n<td>Idioma<\/td>\n<td>Castellano<\/td>\n<\/tr>\n<tr class=\"even\">\n<td>Idioma<\/td>\n<td>Euskera<\/td>\n<\/tr>\n<tr class=\"odd\">\n<td>N\u00famero Jugadores<\/td>\n<td>2-5<\/td>\n<\/tr>\n<tr class=\"even\">\n<td>Edad m\u00ednima recomendada<\/td>\n<td>18+<\/td>\n<\/tr>\n<tr class=\"odd\">\n<td>Duraci\u00f3n<\/td>\n<td>15 minutos<\/td>\n<\/tr>\n<tr class=\"even\">\n<td>N\u00famero de Cartas<\/td>\n<td>56<\/td>\n<\/tr>\n<tr class=\"odd\">\n<td>Editorial<\/td>\n<td>Exploding Kittens<\/td>\n<\/tr>\n<\/tbody>\n<\/table>\n","protected":false},"featured_media":1838,"comment_status":"open","ping_status":"closed","template":"","meta":{"_themeisle_gutenberg_block_has_review":false},"product_brand":[],"product_cat":[123,29],"product_tag":[230,229,155],"class_list":{"0":"post-1837","1":"product","2":"type-product","3":"status-publish","4":"has-post-thumbnail","6":"product_cat-otros-juegos","7":"product_cat-juegos-de-mesa","8":"product_tag-230","9":"product_tag-exploidingkiitens","10":"product_tag-juegosdemesa","12":"first","13":"outofstock","14":"sold-individually","15":"shipping-taxable","16":"purchasable","17":"product-type-simple"},"_links":{"self":[{"href":"https:\/\/magicgamesbolivia.com\/index.php\/wp-json\/wp\/v2\/product\/1837","targetHints":{"allow":["GET"]}}],"collection":[{"href":"https:\/\/magicgamesbolivia.com\/index.php\/wp-json\/wp\/v2\/product"}],"about":[{"href":"https:\/\/magicgamesbolivia.com\/index.php\/wp-json\/wp\/v2\/types\/product"}],"replies":[{"embeddable":true,"href":"https:\/\/magicgamesbolivia.com\/index.php\/wp-json\/wp\/v2\/comments?post=1837"}],"version-history":[{"count":1,"href":"https:\/\/magicgamesbolivia.com\/index.php\/wp-json\/wp\/v2\/product\/1837\/revisions"}],"predecessor-version":[{"id":1840,"href":"https:\/\/magicgamesbolivia.com\/index.php\/wp-json\/wp\/v2\/product\/1837\/revisions\/1840"}],"wp:featuredmedia":[{"embeddable":true,"href":"https:\/\/magicgamesbolivia.com\/index.php\/wp-json\/wp\/v2\/media\/1838"}],"wp:attachment":[{"href":"https:\/\/magicgamesbolivia.com\/index.php\/wp-json\/wp\/v2\/media?parent=1837"}],"wp:term":[{"taxonomy":"product_brand","embeddable":true,"href":"https:\/\/magicgamesbolivia.com\/index.php\/wp-json\/wp\/v2\/product_brand?post=1837"},{"taxonomy":"product_cat","embeddable":true,"href":"https:\/\/magicgamesbolivia.com\/index.php\/wp-json\/wp\/v2\/product_cat?post=1837"},{"taxonomy":"product_tag","embeddable":true,"href":"https:\/\/magicgamesbolivia.com\/index.php\/wp-json\/wp\/v2\/product_tag?post=1837"}],"curies":[{"name":"wp","href":"https:\/\/api.w.org\/{rel}","templated":true}]}}