{"id":1834,"date":"2021-09-17T20:18:47","date_gmt":"2021-09-17T20:18:47","guid":{"rendered":"http:\/\/magicgamesbolivia.com\/?post_type=product&#038;p=1834"},"modified":"2025-05-12T23:31:09","modified_gmt":"2025-05-12T23:31:09","slug":"pandemic-zona-0-europa","status":"publish","type":"product","link":"https:\/\/magicgamesbolivia.com\/index.php\/product\/pandemic-zona-0-europa\/","title":{"rendered":"Pandemic Zona 0 Europa"},"content":{"rendered":"<p><strong>Pandemic: Zona 0 Europa\u00a0<\/strong>es un\u00a0<strong>juego de mesa<\/strong>\u00a0que te ofrece la aut\u00e9ntica experiencia\u00a0<strong>cooperativa<\/strong>\u00a0de\u00a0<strong>Pandemic<\/strong>, pero en un formato\u00a0<strong>reducido<\/strong>, m\u00e1s\u00a0<strong>\u00e1gil<\/strong>, r\u00e1pido y peque\u00f1o, para que puedas llevarlo f\u00e1cilmente a cualquier parte y jugar\u00a0<strong>partidas<\/strong>\u00a0m\u00e1s cortas pero igualmente\u00a0<strong>intensas<\/strong>. Det\u00e9n los\u00a0<strong>brotes<\/strong>, estudia los virus y haya las\u00a0<strong>curas<\/strong>, y cuidado con el tiempo.<\/p>\n<p>&nbsp;<\/p>\n<p>Como miembros de un\u00a0<strong>equipo<\/strong>\u00a0de\u00a0<strong>\u00e9lite<\/strong>, utilizas las\u00a0<strong>habilidades<\/strong>\u00a0<strong>\u00fanicas<\/strong>\u00a0de tu personaje para tratar los casos, detener los\u00a0<strong>brotes<\/strong>\u00a0e\u00a0<strong>investigar<\/strong>\u00a0las curas. \u00a1Descubre las\u00a0<strong>tres<\/strong>\u00a0<strong>curas<\/strong>\u00a0a tiempo para ganar! Adem\u00e1s, con las nuevas cartas de\u00a0<strong>mutaci\u00f3n<\/strong>, podr\u00e1s a\u00f1adir\u00a0<strong>retos<\/strong>\u00a0<strong>adicionales<\/strong>.<\/p>\n<p>Totalmente recomendado para\u00a0<strong>iniciar a tus amigos a los juegos de mesa.<\/strong><\/p>\n","protected":false},"excerpt":{"rendered":"<table class=\"table-data-sheet\">\n<tbody>\n<tr class=\"odd\">\n<td>N\u00famero de jugadores:<\/td>\n<td>De 2 a 4 jugadores<\/td>\n<\/tr>\n<tr class=\"even\">\n<td>Duraci\u00f3n aproximada del juego:<\/td>\n<td>30 minutos<\/td>\n<\/tr>\n<tr class=\"odd\">\n<td>Edad m\u00ednima recomendada:<\/td>\n<td>8 a\u00f1os<\/td>\n<\/tr>\n<tr class=\"even\">\n<td>Tipo:<\/td>\n<td>Juego de tablero<\/td>\n<\/tr>\n<tr class=\"odd\">\n<td>G\u00e9nero:<\/td>\n<td>Cooperativo<\/td>\n<\/tr>\n<tr class=\"even\">\n<td>Idioma:<\/td>\n<td>Espa\u00f1ol<\/td>\n<\/tr>\n<tr class=\"odd\">\n<td>Marca:<\/td>\n<td>Z-MAN games<\/td>\n<\/tr>\n<\/tbody>\n<\/table>\n","protected":false},"featured_media":1835,"comment_status":"open","ping_status":"closed","template":"","meta":{"_themeisle_gutenberg_block_has_review":false},"product_brand":[],"product_cat":[123,29],"product_tag":[228,155,173],"class_list":{"0":"post-1834","1":"product","2":"type-product","3":"status-publish","4":"has-post-thumbnail","6":"product_cat-otros-juegos","7":"product_cat-juegos-de-mesa","8":"product_tag-coperativos","9":"product_tag-juegosdemesa","10":"product_tag-pandemic","12":"first","13":"instock","14":"sold-individually","15":"shipping-taxable","16":"purchasable","17":"product-type-simple"},"_links":{"self":[{"href":"https:\/\/magicgamesbolivia.com\/index.php\/wp-json\/wp\/v2\/product\/1834","targetHints":{"allow":["GET"]}}],"collection":[{"href":"https:\/\/magicgamesbolivia.com\/index.php\/wp-json\/wp\/v2\/product"}],"about":[{"href":"https:\/\/magicgamesbolivia.com\/index.php\/wp-json\/wp\/v2\/types\/product"}],"replies":[{"embeddable":true,"href":"https:\/\/magicgamesbolivia.com\/index.php\/wp-json\/wp\/v2\/comments?post=1834"}],"version-history":[{"count":2,"href":"https:\/\/magicgamesbolivia.com\/index.php\/wp-json\/wp\/v2\/product\/1834\/revisions"}],"predecessor-version":[{"id":2165,"href":"https:\/\/magicgamesbolivia.com\/index.php\/wp-json\/wp\/v2\/product\/1834\/revisions\/2165"}],"wp:featuredmedia":[{"embeddable":true,"href":"https:\/\/magicgamesbolivia.com\/index.php\/wp-json\/wp\/v2\/media\/1835"}],"wp:attachment":[{"href":"https:\/\/magicgamesbolivia.com\/index.php\/wp-json\/wp\/v2\/media?parent=1834"}],"wp:term":[{"taxonomy":"product_brand","embeddable":true,"href":"https:\/\/magicgamesbolivia.com\/index.php\/wp-json\/wp\/v2\/product_brand?post=1834"},{"taxonomy":"product_cat","embeddable":true,"href":"https:\/\/magicgamesbolivia.com\/index.php\/wp-json\/wp\/v2\/product_cat?post=1834"},{"taxonomy":"product_tag","embeddable":true,"href":"https:\/\/magicgamesbolivia.com\/index.php\/wp-json\/wp\/v2\/product_tag?post=1834"}],"curies":[{"name":"wp","href":"https:\/\/api.w.org\/{rel}","templated":true}]}}