{"id":1825,"date":"2021-09-17T19:49:43","date_gmt":"2021-09-17T19:49:43","guid":{"rendered":"http:\/\/magicgamesbolivia.com\/?post_type=product&#038;p=1825"},"modified":"2024-01-05T23:44:38","modified_gmt":"2024-01-05T23:44:38","slug":"star-wars-al-filo-del-imperio-caja-de-inicio","status":"publish","type":"product","link":"https:\/\/magicgamesbolivia.com\/index.php\/product\/star-wars-al-filo-del-imperio-caja-de-inicio\/","title":{"rendered":"Star Wars: Al Filo del Imperio Caja de inicio"},"content":{"rendered":"<p>\u00a1Re\u00fane a tus amigos y preparaos para vivir una aventura en la galaxia de Star Wars!<\/p>\n<p>Esta Caja de inicio es la introducci\u00f3n perfecta para jugadores de todos los niveles, ya sean reci\u00e9n iniciados en los juegos de rol o veteranos dispuestos a explorar Al filo del Imperio.<\/p>\n<p>\u00a1Con el contenido de esta caja podr\u00e9is empezar a jugar sin necesidad de preparativos!<\/p>\n<p>La\u00a0<em>Caja de inicio de Star Wars: Al Filo del Imperio<\/em>\u00a0contiene una aventura completa que se desarrolla progresivamente para que los jugadores asimilen los fundamentos del sistema de juego sobre la marcha. Los cuadernos de personajes pregenerados incluyen todas las reglas necesarias para su gesti\u00f3n en un formato pr\u00e1ctico y accesible. Los dados especiales y la apasionante mec\u00e1nica narrativa convierten cada tirada en una historia. Las detalladas reglas proporcionan horas de diversi\u00f3n en las que podr\u00e9is crear vuestras propias aventuras y narrar vuestras propias historias.<\/p>\n","protected":false},"excerpt":{"rendered":"<p>Este producto es un juego independiente dise\u00f1ado para grupos de 3 a 5 jugadores.<\/p>\n<p>1 libro de aventura, 1 libro de reglas, 1 hoja introductoria, 1 mapa, 4 cuadernos de personaje, 14 dados especiales, 8 fichas de Destino, 35 indicadores de personaje y 5 indicadores de veh\u00edculo.<\/p>\n","protected":false},"featured_media":1826,"comment_status":"open","ping_status":"closed","template":"","meta":{"_themeisle_gutenberg_block_has_review":false},"product_brand":[],"product_cat":[236,226],"product_tag":[227,121],"class_list":{"0":"post-1825","1":"product","2":"type-product","3":"status-publish","4":"has-post-thumbnail","6":"product_cat-cdi","7":"product_cat-rol","8":"product_tag-rol","9":"product_tag-starwars","11":"first","12":"outofstock","13":"sold-individually","14":"shipping-taxable","15":"purchasable","16":"product-type-simple"},"_links":{"self":[{"href":"https:\/\/magicgamesbolivia.com\/index.php\/wp-json\/wp\/v2\/product\/1825","targetHints":{"allow":["GET"]}}],"collection":[{"href":"https:\/\/magicgamesbolivia.com\/index.php\/wp-json\/wp\/v2\/product"}],"about":[{"href":"https:\/\/magicgamesbolivia.com\/index.php\/wp-json\/wp\/v2\/types\/product"}],"replies":[{"embeddable":true,"href":"https:\/\/magicgamesbolivia.com\/index.php\/wp-json\/wp\/v2\/comments?post=1825"}],"version-history":[{"count":1,"href":"https:\/\/magicgamesbolivia.com\/index.php\/wp-json\/wp\/v2\/product\/1825\/revisions"}],"predecessor-version":[{"id":1828,"href":"https:\/\/magicgamesbolivia.com\/index.php\/wp-json\/wp\/v2\/product\/1825\/revisions\/1828"}],"wp:featuredmedia":[{"embeddable":true,"href":"https:\/\/magicgamesbolivia.com\/index.php\/wp-json\/wp\/v2\/media\/1826"}],"wp:attachment":[{"href":"https:\/\/magicgamesbolivia.com\/index.php\/wp-json\/wp\/v2\/media?parent=1825"}],"wp:term":[{"taxonomy":"product_brand","embeddable":true,"href":"https:\/\/magicgamesbolivia.com\/index.php\/wp-json\/wp\/v2\/product_brand?post=1825"},{"taxonomy":"product_cat","embeddable":true,"href":"https:\/\/magicgamesbolivia.com\/index.php\/wp-json\/wp\/v2\/product_cat?post=1825"},{"taxonomy":"product_tag","embeddable":true,"href":"https:\/\/magicgamesbolivia.com\/index.php\/wp-json\/wp\/v2\/product_tag?post=1825"}],"curies":[{"name":"wp","href":"https:\/\/api.w.org\/{rel}","templated":true}]}}