{"id":1822,"date":"2021-09-17T19:29:43","date_gmt":"2021-09-17T19:29:43","guid":{"rendered":"http:\/\/magicgamesbolivia.com\/?post_type=product&#038;p=1822"},"modified":"2025-05-27T22:03:37","modified_gmt":"2025-05-27T22:03:37","slug":"formula-d","status":"publish","type":"product","link":"https:\/\/magicgamesbolivia.com\/index.php\/product\/formula-d\/","title":{"rendered":"FORMULA D"},"content":{"rendered":"<p>En Formula D, te conviertes en un intr\u00e9pido piloto de Formula 1 con un objetivo claro: ser el primero en cruzar la l\u00ednea de meta. Este emocionante juego de mesa cuenta con un tablero que presenta dos circuitos distintos, uno basado en el ic\u00f3nico Gran Premio de M\u00f3naco de la Formula 1, y otro inspirado en carreras callejeras inventadas.<\/p>\n<p>Para hacer m\u00e1s \u00e1gil la parte del juego que consiste en llevar el control de la marcha y los da\u00f1os del coche, se incluye un ingenioso dispositivo que te permitir\u00e1 hacerlo f\u00e1cilmente. Cada coche incluye su propia carta de piloto, con caracter\u00edsticas \u00fanicas que los diferencian entre s\u00ed. Adem\u00e1s, se incluyen dados espec\u00edficos para cada marcha, desde uno de 1\/2 para la primera hasta uno de 22 a 30 para la sexta.<\/p>\n<p>Con una impresionante variedad de 20 coches entre los que elegir, 10 de Formula 1 y 10 de carreras callejeras, Formula D te ofrece un sinf\u00edn de posibilidades para vivir la emoci\u00f3n de las carreras. Incluso hay elementos para indicar las piezas sueltas que resultan de los choques y los cambios meteorol\u00f3gicos.<\/p>\n<p>Formula D es un juego en el que deber\u00e1s tomar riesgos y anticiparte a las maniobras de tus rivales si quieres llegar a la cima del podio. \u00bfEst\u00e1s listo para desafiar a tus amigos y demostrar que eres el mejor piloto de todos? \u00a1Descubre Formula D!<\/p>\n","protected":false},"excerpt":{"rendered":"<p><strong>Formula D<\/strong>\u00a0es un Juego de Mesa de\u00a0<strong>carreras<\/strong>\u00a0muy sencillo y adictivo. Selecciona marcha, tira el dado y \u00a0sum\u00e9rgete en el mundo de la\u00a0<strong>Formula 1.<\/strong>\u00a0Empuja tu motor hasta sus l\u00edmites, p\u00e9gate a la rueda de tu rival y aprovecha su aspiraci\u00f3n para ponerte en cabeza.<\/p>\n<table class=\"table-data-sheet\">\n<tbody>\n<tr class=\"odd\">\n<td>N\u00famero de jugadores:<\/td>\n<td>De 2 a 10 jugadores<\/td>\n<\/tr>\n<tr class=\"even\">\n<td>Duraci\u00f3n aproximada del juego:<\/td>\n<td>60 minutos<\/td>\n<\/tr>\n<tr class=\"odd\">\n<td>Edad m\u00ednima recomendada:<\/td>\n<td>8 a\u00f1os<\/td>\n<\/tr>\n<tr class=\"even\">\n<td>Tipo:<\/td>\n<td>Juego de tablero<\/td>\n<\/tr>\n<tr class=\"odd\">\n<td>G\u00e9nero:<\/td>\n<td>Estrategia<\/td>\n<\/tr>\n<tr class=\"even\">\n<td>Idioma:<\/td>\n<td>Espa\u00f1ol<\/td>\n<\/tr>\n<tr class=\"odd\">\n<td>Marca:<\/td>\n<td>Asmodee<\/td>\n<\/tr>\n<\/tbody>\n<\/table>\n","protected":false},"featured_media":1823,"comment_status":"open","ping_status":"closed","template":"","meta":{"_themeisle_gutenberg_block_has_review":false},"product_brand":[],"product_cat":[123,29],"product_tag":[225,224,155],"class_list":{"0":"post-1822","1":"product","2":"type-product","3":"status-publish","4":"has-post-thumbnail","6":"product_cat-otros-juegos","7":"product_cat-juegos-de-mesa","8":"product_tag-asmode","9":"product_tag-formulad","10":"product_tag-juegosdemesa","12":"first","13":"outofstock","14":"sold-individually","15":"shipping-taxable","16":"purchasable","17":"product-type-simple"},"_links":{"self":[{"href":"https:\/\/magicgamesbolivia.com\/index.php\/wp-json\/wp\/v2\/product\/1822","targetHints":{"allow":["GET"]}}],"collection":[{"href":"https:\/\/magicgamesbolivia.com\/index.php\/wp-json\/wp\/v2\/product"}],"about":[{"href":"https:\/\/magicgamesbolivia.com\/index.php\/wp-json\/wp\/v2\/types\/product"}],"replies":[{"embeddable":true,"href":"https:\/\/magicgamesbolivia.com\/index.php\/wp-json\/wp\/v2\/comments?post=1822"}],"version-history":[{"count":3,"href":"https:\/\/magicgamesbolivia.com\/index.php\/wp-json\/wp\/v2\/product\/1822\/revisions"}],"predecessor-version":[{"id":4006,"href":"https:\/\/magicgamesbolivia.com\/index.php\/wp-json\/wp\/v2\/product\/1822\/revisions\/4006"}],"wp:featuredmedia":[{"embeddable":true,"href":"https:\/\/magicgamesbolivia.com\/index.php\/wp-json\/wp\/v2\/media\/1823"}],"wp:attachment":[{"href":"https:\/\/magicgamesbolivia.com\/index.php\/wp-json\/wp\/v2\/media?parent=1822"}],"wp:term":[{"taxonomy":"product_brand","embeddable":true,"href":"https:\/\/magicgamesbolivia.com\/index.php\/wp-json\/wp\/v2\/product_brand?post=1822"},{"taxonomy":"product_cat","embeddable":true,"href":"https:\/\/magicgamesbolivia.com\/index.php\/wp-json\/wp\/v2\/product_cat?post=1822"},{"taxonomy":"product_tag","embeddable":true,"href":"https:\/\/magicgamesbolivia.com\/index.php\/wp-json\/wp\/v2\/product_tag?post=1822"}],"curies":[{"name":"wp","href":"https:\/\/api.w.org\/{rel}","templated":true}]}}