{"id":1816,"date":"2021-09-17T15:47:36","date_gmt":"2021-09-17T15:47:36","guid":{"rendered":"http:\/\/magicgamesbolivia.com\/?post_type=product&#038;p=1816"},"modified":"2023-06-18T17:17:14","modified_gmt":"2023-06-18T17:17:14","slug":"paladines-del-reino-del-oeste","status":"publish","type":"product","link":"https:\/\/magicgamesbolivia.com\/index.php\/product\/paladines-del-reino-del-oeste\/","title":{"rendered":"Paladines del Reino del Oeste"},"content":{"rendered":"<p>El Objetivo de Paladines del Reino del Oeste es ser el jugador con mas Puntos de Victoria al final de la partida. Los puntos se ganan construyendo puestos avanzados y fortificaciones, comisionando a Monjes y enfrent\u00e1ndose a Forasteros. En cada ronda los jugadores contar\u00e1n con la ayuda de un Palad\u00edn y reunir\u00e1n un n\u00famero de trabajadores para realizar tareas. A medida que progresa la partida, los jugadores aumentar\u00e1n su Fe, Influencia y fuerza lo que le ayudar\u00e1 en su puntuaci\u00f3n final y aumenta la potencia de sus acciones.\u00a0<strong>La partida termina en 7 rondas.<\/strong><\/p>\n<p>&nbsp;<\/p>\n","protected":false},"excerpt":{"rendered":"<table>\n<tbody>\n<tr>\n<td>N\u00famero de jugadores:<\/td>\n<td>1 a 4<\/td>\n<\/tr>\n<tr>\n<td>Duraci\u00f3n aproximada:<\/td>\n<td>90 \u2013 120 minutos<\/td>\n<\/tr>\n<tr>\n<td>Edad m\u00ednima recomendada:<\/td>\n<td>14+<\/td>\n<\/tr>\n<\/tbody>\n<\/table>\n<p>Paladines del Reino del Oeste se desarrolla en un momento turbulento, alrededor del a\u00f1o 900 dC. A pesar de los esfuerzos para desarrollar la ciudad, los pueblos perif\u00e9ricos siguen amenazados por los invasores. Los sarracenos exploran las fronteras, mientras que los vikingos saquean la riqueza y el ganado. Incluso los bizantinos del este han mostrado su lado m\u00e1s oscuro. Como hombres y mujeres nobles, los jugadores deber\u00e1n reunir trabajadores en la ciudad para defenderse de los enemigos, construir fortificaciones y difundir la fe en toda la tierra.<\/p>\n","protected":false},"featured_media":1817,"comment_status":"open","ping_status":"closed","template":"","meta":{"_themeisle_gutenberg_block_has_review":false},"product_brand":[],"product_cat":[123,29],"product_tag":[155,223],"class_list":{"0":"post-1816","1":"product","2":"type-product","3":"status-publish","4":"has-post-thumbnail","6":"product_cat-otros-juegos","7":"product_cat-juegos-de-mesa","8":"product_tag-juegosdemesa","9":"product_tag-paladines","11":"first","12":"outofstock","13":"sold-individually","14":"shipping-taxable","15":"purchasable","16":"product-type-simple"},"_links":{"self":[{"href":"https:\/\/magicgamesbolivia.com\/index.php\/wp-json\/wp\/v2\/product\/1816","targetHints":{"allow":["GET"]}}],"collection":[{"href":"https:\/\/magicgamesbolivia.com\/index.php\/wp-json\/wp\/v2\/product"}],"about":[{"href":"https:\/\/magicgamesbolivia.com\/index.php\/wp-json\/wp\/v2\/types\/product"}],"replies":[{"embeddable":true,"href":"https:\/\/magicgamesbolivia.com\/index.php\/wp-json\/wp\/v2\/comments?post=1816"}],"version-history":[{"count":1,"href":"https:\/\/magicgamesbolivia.com\/index.php\/wp-json\/wp\/v2\/product\/1816\/revisions"}],"predecessor-version":[{"id":1821,"href":"https:\/\/magicgamesbolivia.com\/index.php\/wp-json\/wp\/v2\/product\/1816\/revisions\/1821"}],"wp:featuredmedia":[{"embeddable":true,"href":"https:\/\/magicgamesbolivia.com\/index.php\/wp-json\/wp\/v2\/media\/1817"}],"wp:attachment":[{"href":"https:\/\/magicgamesbolivia.com\/index.php\/wp-json\/wp\/v2\/media?parent=1816"}],"wp:term":[{"taxonomy":"product_brand","embeddable":true,"href":"https:\/\/magicgamesbolivia.com\/index.php\/wp-json\/wp\/v2\/product_brand?post=1816"},{"taxonomy":"product_cat","embeddable":true,"href":"https:\/\/magicgamesbolivia.com\/index.php\/wp-json\/wp\/v2\/product_cat?post=1816"},{"taxonomy":"product_tag","embeddable":true,"href":"https:\/\/magicgamesbolivia.com\/index.php\/wp-json\/wp\/v2\/product_tag?post=1816"}],"curies":[{"name":"wp","href":"https:\/\/api.w.org\/{rel}","templated":true}]}}