{"id":1813,"date":"2021-09-17T15:27:51","date_gmt":"2021-09-17T15:27:51","guid":{"rendered":"http:\/\/magicgamesbolivia.com\/?post_type=product&#038;p=1813"},"modified":"2026-03-06T14:21:46","modified_gmt":"2026-03-06T14:21:46","slug":"arkham-horror","status":"publish","type":"product","link":"https:\/\/magicgamesbolivia.com\/index.php\/product\/arkham-horror\/","title":{"rendered":"ARKHAM HORROR"},"content":{"rendered":"<div>\n<h2 class=\"claim_collection_big\">\u00a1El fin est\u00e1 cerca!<\/h2>\n<\/div>\n<div class=\"add-top p_collection\">\n<p>\u00a1Bienvenidos a Arkham!<\/p>\n<p>Nos encontramos en 1926, en pleno apogeo de los tumultuosos A\u00f1os Veinte. Chicas fr\u00edvolas danzan hasta el amanecer en garitos clandestinos llenos de humo, consumiendo bebidas alcoh\u00f3licas suministradas por mafiosos y contrabandistas. Son los a\u00f1os posteriores a la guerra que deb\u00eda haber acabado con todas las guerras, y es el momento de celebrar.<\/p>\n<p>Pero una oscura sombra se cierne sobre la ciudad de Arkham. Entidades alien\u00edgenas conocidas como Primigenios acechan en el vac\u00edo m\u00e1s all\u00e1 del tiempo y el espacio, agit\u00e1ndose convulsas en el umbral que separa nuestros mundos. Si nadie detiene los esot\u00e9ricos rituales de quienes los adoran y las ignotas criaturas que les sirven, los Primigenios convertir\u00e1n nuestro mundo en su devastado reino.<\/p>\n<p>Tan s\u00f3lo un pu\u00f1ado de investigadores pueden hacer frente al horror de Arkham. \u00bfTendr\u00e1n \u00e9xito?<\/p>\n<\/div>\n","protected":false},"excerpt":{"rendered":"<p><em>Arkham Horror<\/em>\u00a0es un juego de tablero de terror y acci\u00f3n heroica, con partidas que duran de dos a tres horas y en las que pueden participar de uno a seis jugadores. El juego est\u00e1 ambientado en la ciudad ficticia de Arkham, Massachusetts, inmortalizada en las obras de los mitos de Cthulhu escritas por H. P. Lovecraft.<\/p>\n<p><span class=\"half-left three columns add-top add-bottom col_characteristics_right\"><img decoding=\"async\" src=\"http:\/\/www.edgeent.com\/static\/img\/char_num_players.png\" \/> <span class=\"float_right\">1-6<\/span><\/span><span class=\"add-right-padding half-left-padding remove-left remove-right three columns add-top add-bottom col_characteristics_central\"><img decoding=\"async\" src=\"http:\/\/www.edgeent.com\/static\/img\/char_duration.png\" \/><span class=\"float_right char_time_fix\">2-3h<\/span><\/span><span class=\"add-left three columns add-top add-bottom col_characteristics_left\"><img decoding=\"async\" src=\"http:\/\/www.edgeent.com\/static\/img\/char_ages.png\" \/><span class=\"float_right\">14+<\/span><\/span><\/p>\n","protected":false},"featured_media":1814,"comment_status":"open","ping_status":"closed","template":"","meta":{"_themeisle_gutenberg_block_has_review":false},"product_brand":[],"product_cat":[29,104],"product_tag":[193,222,155,172],"class_list":{"0":"post-1813","1":"product","2":"type-product","3":"status-publish","4":"has-post-thumbnail","6":"product_cat-juegos-de-mesa","7":"product_cat-edge","8":"product_tag-arkhamhorror","9":"product_tag-cooperativos","10":"product_tag-juegosdemesa","11":"product_tag-lovecraft","13":"first","14":"instock","15":"sold-individually","16":"shipping-taxable","17":"purchasable","18":"product-type-simple"},"_links":{"self":[{"href":"https:\/\/magicgamesbolivia.com\/index.php\/wp-json\/wp\/v2\/product\/1813","targetHints":{"allow":["GET"]}}],"collection":[{"href":"https:\/\/magicgamesbolivia.com\/index.php\/wp-json\/wp\/v2\/product"}],"about":[{"href":"https:\/\/magicgamesbolivia.com\/index.php\/wp-json\/wp\/v2\/types\/product"}],"replies":[{"embeddable":true,"href":"https:\/\/magicgamesbolivia.com\/index.php\/wp-json\/wp\/v2\/comments?post=1813"}],"version-history":[{"count":2,"href":"https:\/\/magicgamesbolivia.com\/index.php\/wp-json\/wp\/v2\/product\/1813\/revisions"}],"predecessor-version":[{"id":2416,"href":"https:\/\/magicgamesbolivia.com\/index.php\/wp-json\/wp\/v2\/product\/1813\/revisions\/2416"}],"wp:featuredmedia":[{"embeddable":true,"href":"https:\/\/magicgamesbolivia.com\/index.php\/wp-json\/wp\/v2\/media\/1814"}],"wp:attachment":[{"href":"https:\/\/magicgamesbolivia.com\/index.php\/wp-json\/wp\/v2\/media?parent=1813"}],"wp:term":[{"taxonomy":"product_brand","embeddable":true,"href":"https:\/\/magicgamesbolivia.com\/index.php\/wp-json\/wp\/v2\/product_brand?post=1813"},{"taxonomy":"product_cat","embeddable":true,"href":"https:\/\/magicgamesbolivia.com\/index.php\/wp-json\/wp\/v2\/product_cat?post=1813"},{"taxonomy":"product_tag","embeddable":true,"href":"https:\/\/magicgamesbolivia.com\/index.php\/wp-json\/wp\/v2\/product_tag?post=1813"}],"curies":[{"name":"wp","href":"https:\/\/api.w.org\/{rel}","templated":true}]}}