{"id":1805,"date":"2021-09-15T21:26:57","date_gmt":"2021-09-15T21:26:57","guid":{"rendered":"http:\/\/magicgamesbolivia.com\/?post_type=product&#038;p=1805"},"modified":"2024-09-28T20:12:59","modified_gmt":"2024-09-28T20:12:59","slug":"cortex-challenge-kids-2-verde","status":"publish","type":"product","link":"https:\/\/magicgamesbolivia.com\/index.php\/product\/cortex-challenge-kids-2-verde\/","title":{"rendered":"Cortex Challenge Kids 2 verde"},"content":{"rendered":"<p>Cortex Challenge Kids 2 es un juego de desaf\u00edos para 2-6 jugadores a partir de los 6 a\u00f1os que estimula las habilidades cognitivas.<\/p>\n<h2>\u00a1PON A PRUEBA TU RAZONAMIENTO, MEMORIA Y RAPIDEZ CON 8 NUEVOS DESAF\u00cdOS!<\/h2>\n<p>Un juego sencillo de explicar que pone a prueba tu agilidad visual, tu coordinaci\u00f3n, tu memoria, capacidad de razonamiento&#8230; y tambi\u00e9n la sensibilidad de tu tacto.<\/p>\n<p>Cortex tiene como objetivo ganar la mayor cantidad de cartas reto y completar el puzzle-cerebro. Para conseguirlo tendr\u00e1s que ser el primer jugador en tapar la carta en curso con la mano y dar la respuesta correcta.<\/p>\n<p>Se coloca el mazo de cartas, boca abajo, en el centro de la mesa. El dibujo del reverso de la primera carta indicar\u00e1 el tipo de prueba que se va a jugar: memoria, laberinto,\u00a0color, coordinaci\u00f3n,\u00a0pa\u00eds, bandera, repetici\u00f3n, todos menos uno, poblaci\u00f3n o desaf\u00edo\u00a0t\u00e1cil&#8230; Contad hasta tres y dad la vuelta a la carta. \u00bfqui\u00e9n ser\u00e1 el primero en resolver el acertijo?<\/p>\n<p>Cuando un jugador consiga tener dos cartas del mismo tipo de prueba, podr\u00e1 cambiarlas por una de las 4 piezas del\u00a0puzzle-cerebro que ha de completar, \u00a1si quiere ser el ganador de la partida.<\/p>\n<h3><\/h3>\n<h3>CONTENIDO:<\/h3>\n<ul>\n<li>90 cartas<\/li>\n<li>6 cerebros<\/li>\n<li>Instrucciones en varios idiomas incluido el espa\u00f1ol<\/li>\n<\/ul>\n","protected":false},"excerpt":{"rendered":"<h1>Cortex Challenge Kids 2 verde &#8211; Juego de cartas de habilidad mental y concentraci\u00f3n.<\/h1>\n<div class=\"col-xs-4\">\n<div class=\"row\">\n<div class=\"col-xs-9\">\n<div class=\"info-etiqueta\">\n<p><b>Edad<\/b><\/p>\n<div class=\"contentEdadesHook\">\n<p>&nbsp;<\/p>\n<div class=\"columnright\">6a &#8211; 99a<\/div>\n<\/div>\n<\/div>\n<\/div>\n<\/div>\n<\/div>\n<div class=\"col-xs-4\">\n<div class=\"row\">\n<div class=\"col-xs-3 nopadding\"><img decoding=\"async\" class=\"img-responsive\" src=\"https:\/\/kinuma.com\/themes\/kinuma\/\/img\/jugadores.png\" \/><\/div>\n<div class=\"col-xs-9\">\n<div class=\"info-etiqueta\"><b>Jugadores<\/b><br \/>\n2 a 6<\/div>\n<\/div>\n<\/div>\n<\/div>\n<div class=\"col-xs-4\">\n<div class=\"row\">\n<div class=\"col-xs-3 nopadding\"><img decoding=\"async\" class=\"img-responsive\" src=\"https:\/\/kinuma.com\/themes\/kinuma\/\/img\/tiempo.png\" \/><\/div>\n<div class=\"col-xs-9\">\n<div class=\"info-etiqueta\"><b>Tiempo juego<\/b><br \/>\n15<\/div>\n<\/div>\n<\/div>\n<\/div>\n","protected":false},"featured_media":1806,"comment_status":"open","ping_status":"closed","template":"","meta":{"_themeisle_gutenberg_block_has_review":false},"product_brand":[],"product_cat":[29,57],"product_tag":[220,155,221],"class_list":{"0":"post-1805","1":"product","2":"type-product","3":"status-publish","4":"has-post-thumbnail","6":"product_cat-juegos-de-mesa","7":"product_cat-juegos-infantiles","8":"product_tag-cortex","9":"product_tag-juegosdemesa","10":"product_tag-juegosdemesainfantiles","12":"first","13":"instock","14":"sold-individually","15":"shipping-taxable","16":"purchasable","17":"product-type-simple"},"_links":{"self":[{"href":"https:\/\/magicgamesbolivia.com\/index.php\/wp-json\/wp\/v2\/product\/1805","targetHints":{"allow":["GET"]}}],"collection":[{"href":"https:\/\/magicgamesbolivia.com\/index.php\/wp-json\/wp\/v2\/product"}],"about":[{"href":"https:\/\/magicgamesbolivia.com\/index.php\/wp-json\/wp\/v2\/types\/product"}],"replies":[{"embeddable":true,"href":"https:\/\/magicgamesbolivia.com\/index.php\/wp-json\/wp\/v2\/comments?post=1805"}],"version-history":[{"count":3,"href":"https:\/\/magicgamesbolivia.com\/index.php\/wp-json\/wp\/v2\/product\/1805\/revisions"}],"predecessor-version":[{"id":1808,"href":"https:\/\/magicgamesbolivia.com\/index.php\/wp-json\/wp\/v2\/product\/1805\/revisions\/1808"}],"wp:featuredmedia":[{"embeddable":true,"href":"https:\/\/magicgamesbolivia.com\/index.php\/wp-json\/wp\/v2\/media\/1806"}],"wp:attachment":[{"href":"https:\/\/magicgamesbolivia.com\/index.php\/wp-json\/wp\/v2\/media?parent=1805"}],"wp:term":[{"taxonomy":"product_brand","embeddable":true,"href":"https:\/\/magicgamesbolivia.com\/index.php\/wp-json\/wp\/v2\/product_brand?post=1805"},{"taxonomy":"product_cat","embeddable":true,"href":"https:\/\/magicgamesbolivia.com\/index.php\/wp-json\/wp\/v2\/product_cat?post=1805"},{"taxonomy":"product_tag","embeddable":true,"href":"https:\/\/magicgamesbolivia.com\/index.php\/wp-json\/wp\/v2\/product_tag?post=1805"}],"curies":[{"name":"wp","href":"https:\/\/api.w.org\/{rel}","templated":true}]}}