{"id":1800,"date":"2021-09-15T19:27:46","date_gmt":"2021-09-15T19:27:46","guid":{"rendered":"http:\/\/magicgamesbolivia.com\/?post_type=product&#038;p=1800"},"modified":"2026-03-26T20:40:41","modified_gmt":"2026-03-26T20:40:41","slug":"here-to-slay","status":"publish","type":"product","link":"https:\/\/magicgamesbolivia.com\/index.php\/product\/here-to-slay\/","title":{"rendered":"HERE TO SLAY"},"content":{"rendered":"<p><strong>Here to Slay<\/strong>\u00a0es un\u00a0<strong>juego<\/strong>\u00a0<strong>de<\/strong>\u00a0<strong>cartas<\/strong>\u00a0de\u00a0<strong>estrategia<\/strong>\u00a0y\u00a0<strong>fantas\u00eda<\/strong>\u00a0en el que los jugadores tendremos que competir reuniendo al mejor\u00a0<strong>grupo<\/strong>\u00a0de\u00a0<strong>H\u00e9roes<\/strong>\u00a0y matando todos los\u00a0<strong>monstruos<\/strong>\u00a0que sea posible\u2026 bueno, a veces tambi\u00e9n tendremos que dedicarnos a\u00a0<strong>sabotear<\/strong>\u00a0a nuestros\u00a0<strong>adversarios<\/strong>\u2026 \u00a1Mata\u00a0<strong>monstruos<\/strong>\u00a0y\u00a0<strong>defi\u00e9ndete<\/strong>\u00a0de tus \u00bfamigos?!<\/p>\n<p>Durante las partidas, adem\u00e1s de conseguir las\u00a0<strong>mejores<\/strong>\u00a0<strong>cartas<\/strong>, tendr\u00e1s que\u00a0<strong>equipar<\/strong>\u00a0a tus\u00a0<strong>h\u00e9roes<\/strong>\u00a0de la mejor manera posible, para que est\u00e9n listos para los\u00a0<strong>enfrentamientos<\/strong>. El primero que mate a\u00a0<strong>tres<\/strong>\u00a0<strong>monstruos<\/strong>, o que construya un grupo completo con\u00a0<strong>seis<\/strong>\u00a0<strong>clases<\/strong>\u00a0distintas \u00a1se har\u00e1 con la\u00a0<strong>victoria<\/strong>!<\/p>\n<p>Cada jugador contar\u00e1 con un personaje\u00a0<strong>l\u00edder<\/strong>. Cada carta de l\u00edder tiene una\u00a0<strong>clase<\/strong>\u00a0y una\u00a0<strong>habilidad<\/strong>\u00a0que te da una ventaja sobre tus oponentes. Tanto si te gustan los luchadores, los bardos, los magos o los ladrones, encontrar\u00e1s un l\u00edder de grupo adecuado a tu estilo de juego, pero elige con cuidado, \u00a1porque s\u00f3lo tendr\u00e1s un\u00a0<strong>l\u00edder<\/strong>\u00a0de grupo para toda la\u00a0<strong>partida<\/strong>!<\/p>\n<p>En las filas de tu equipo tendr\u00e1s que reunir a los m\u00e1s valientes\u00a0<strong>aventureros<\/strong>, listos para atacar a los monstruos. El juego incluye m\u00e1s de\u00a0<strong>40 h\u00e9roes \u00fanicos<\/strong>. Cada carta de h\u00e9roe tiene una\u00a0<strong>clase<\/strong>\u00a0y un\u00a0<strong>efecto<\/strong>, y cada efecto de\u00a0<strong>h\u00e9roe<\/strong>\u00a0tiene un requisito. Para usar un efecto de h\u00e9roe, debes tirar dos dados y obtener una puntuaci\u00f3n igual o superior a la requerida para ese efecto.<\/p>\n<p>Para\u00a0<strong>matar<\/strong>\u00a0a los\u00a0<strong>monstruos<\/strong>\u00a0debes\u00a0<strong>tirar<\/strong>\u00a0dos\u00a0<strong>dados<\/strong>\u00a0y obtener una puntuaci\u00f3n igual o superior a la requerida por ese monstruo\u2026 hay distintos\u00a0<strong>niveles<\/strong>,\u00a0<strong>fuerzas<\/strong>\u00a0y\u00a0<strong>destrezas<\/strong>\u2026 mucho cuidado con qui\u00e9n te enfrentas.<\/p>\n<p>Dispondr\u00e1s de\u00a0<strong>cartas<\/strong>\u00a0de\u00a0<strong>armas<\/strong>\u00a0y\u00a0<strong>objetos<\/strong>\u00a0<strong>encantados<\/strong>\u00a0que pueden ser equipados a tus h\u00e9roes para otorgarles\u00a0<strong>ventajas<\/strong>\u00a0y\u00a0<strong>habilidades<\/strong>\u00a0especiales. La mayor\u00eda de los objetos tienen efectos\u00a0<strong>beneficiosos<\/strong>\u00a0y est\u00e1n pensados para equipar a tu propio grupo, pero un pu\u00f1ado de objetos, llamados\u00a0<strong>objetos<\/strong>\u00a0<strong>malditos<\/strong>, pueden equiparse a los h\u00e9roes enemigos para darles desventajas.<\/p>\n<p>\u00bfNo te gusta lo que tu oponente acaba de jugar? \u00a1Lanza un\u00a0<strong>desaf\u00edo<\/strong>! Las cartas de desaf\u00edo pueden ser jugadas al instante para intentar impedir que otro jugador juegue un h\u00e9roe, un objeto o una carta m\u00e1gica. Jugar una carta de desaf\u00edo inicia un desaf\u00edo de\u00a0<strong>jugador vs jugador<\/strong>\u00a0en el que tendr\u00e9is que tirar los dados. Si te ganan el desaf\u00edo, a\u00fan podr\u00e1n jugar su carta, pero si ganas t\u00fa, \u00a1podr\u00e1s enviar su carta directamente a la pila de\u00a0<strong>descartes<\/strong>!<\/p>\n","protected":false},"excerpt":{"rendered":"<table class=\"table-data-sheet\">\n<tbody>\n<tr class=\"odd\">\n<td>mero de jugadores:<\/td>\n<td>De 2 a 6 jugadores<\/td>\n<\/tr>\n<tr class=\"even\">\n<td>Duraci\u00f3n aproximada del juego:<\/td>\n<td>60 minutos<\/td>\n<\/tr>\n<tr class=\"odd\">\n<td>Edad m\u00ednima recomendada:<\/td>\n<td>14 a\u00f1os<\/td>\n<\/tr>\n<tr class=\"even\">\n<td>Tipo:<\/td>\n<td>Juego de cartas<\/td>\n<\/tr>\n<tr class=\"odd\">\n<td>G\u00e9nero:<\/td>\n<td>Estrategia<\/td>\n<\/tr>\n<tr class=\"even\">\n<td>Idioma:<\/td>\n<td>Esp<\/td>\n<\/tr>\n<tr class=\"odd\">\n<td>Marca:<\/td>\n<td>Unstable Unicorns<\/td>\n<\/tr>\n<\/tbody>\n<\/table>\n","protected":false},"featured_media":5046,"comment_status":"open","ping_status":"closed","template":"","meta":{"_themeisle_gutenberg_block_has_review":false},"product_brand":[],"product_cat":[123,29],"product_tag":[217,219,218],"class_list":{"0":"post-1800","1":"product","2":"type-product","3":"status-publish","4":"has-post-thumbnail","6":"product_cat-otros-juegos","7":"product_cat-juegos-de-mesa","8":"product_tag-heretoslay","9":"product_tag-juegodecartas","10":"product_tag-juegodemesa","12":"first","13":"instock","14":"sold-individually","15":"shipping-taxable","16":"purchasable","17":"product-type-simple"},"_links":{"self":[{"href":"https:\/\/magicgamesbolivia.com\/index.php\/wp-json\/wp\/v2\/product\/1800","targetHints":{"allow":["GET"]}}],"collection":[{"href":"https:\/\/magicgamesbolivia.com\/index.php\/wp-json\/wp\/v2\/product"}],"about":[{"href":"https:\/\/magicgamesbolivia.com\/index.php\/wp-json\/wp\/v2\/types\/product"}],"replies":[{"embeddable":true,"href":"https:\/\/magicgamesbolivia.com\/index.php\/wp-json\/wp\/v2\/comments?post=1800"}],"version-history":[{"count":2,"href":"https:\/\/magicgamesbolivia.com\/index.php\/wp-json\/wp\/v2\/product\/1800\/revisions"}],"predecessor-version":[{"id":3630,"href":"https:\/\/magicgamesbolivia.com\/index.php\/wp-json\/wp\/v2\/product\/1800\/revisions\/3630"}],"wp:featuredmedia":[{"embeddable":true,"href":"https:\/\/magicgamesbolivia.com\/index.php\/wp-json\/wp\/v2\/media\/5046"}],"wp:attachment":[{"href":"https:\/\/magicgamesbolivia.com\/index.php\/wp-json\/wp\/v2\/media?parent=1800"}],"wp:term":[{"taxonomy":"product_brand","embeddable":true,"href":"https:\/\/magicgamesbolivia.com\/index.php\/wp-json\/wp\/v2\/product_brand?post=1800"},{"taxonomy":"product_cat","embeddable":true,"href":"https:\/\/magicgamesbolivia.com\/index.php\/wp-json\/wp\/v2\/product_cat?post=1800"},{"taxonomy":"product_tag","embeddable":true,"href":"https:\/\/magicgamesbolivia.com\/index.php\/wp-json\/wp\/v2\/product_tag?post=1800"}],"curies":[{"name":"wp","href":"https:\/\/api.w.org\/{rel}","templated":true}]}}