{"id":1791,"date":"2021-09-11T20:58:26","date_gmt":"2021-09-11T20:58:26","guid":{"rendered":"http:\/\/magicgamesbolivia.com\/?post_type=product&#038;p=1791"},"modified":"2026-03-26T20:14:16","modified_gmt":"2026-03-26T20:14:16","slug":"exploding-kittens-party-pack-espanol","status":"publish","type":"product","link":"https:\/\/magicgamesbolivia.com\/index.php\/product\/exploding-kittens-party-pack-espanol\/","title":{"rendered":"Exploding Kittens &#8211; Party Pack (Espa\u00f1ol)"},"content":{"rendered":"<p>Los jugadores van robando cartas hasta que a alguien le sale un Exploding Kitten . Cuando esto sucede, esa persona muere y queda eliminada de la partida (a no ser que tenga una carta de Desactivaci\u00f3n, que permite desactivar al Exploding Kitten con armas como punteros l\u00e1ser, friegas de barriga o bocatas de menta gatuna). El resto de las cartas de la baraja sirven para cambiar de lugar, mitigar o evitar a los Exploding Kittens<\/p>\n<p>Contenido:<\/p>\n<ul>\n<li>120 cartas: del mazo original de Exploding Kittens, cartas seleccionadas de la expansion Imploding Kittens y nuevas instrucciones<\/li>\n<li>\u00a1La caja emite m\u00fasica al abrirse!<\/li>\n<\/ul>\n<p>Edad +7 Tiempo de duraci\u00f3n 15 min Idioma Espa\u00f1ol M\u00ednimo de Jugadores 2 M\u00e1ximo de Jugadores 10 o mas<\/p>\n","protected":false},"excerpt":{"rendered":"<p><strong>Se trata de una versi\u00f3n gatuna de la ruleta rusa con un gran componente estrat\u00e9gico.<\/strong><\/p>\n<ul>\n<li>N\u00b0 Jugadores: 2-10<\/li>\n<li>Edad: 7+<\/li>\n<li>Duraci\u00f3n: 15 min.<\/li>\n<li>Idioma: Espa\u00f1ol<\/li>\n<\/ul>\n","protected":false},"featured_media":1792,"comment_status":"open","ping_status":"closed","template":"","meta":{"_themeisle_gutenberg_block_has_review":false},"product_brand":[],"product_cat":[123,29],"product_tag":[215,216,155],"class_list":{"0":"post-1791","1":"product","2":"type-product","3":"status-publish","4":"has-post-thumbnail","6":"product_cat-otros-juegos","7":"product_cat-juegos-de-mesa","8":"product_tag-gatosexplosivos","9":"product_tag-juegosdecartas","10":"product_tag-juegosdemesa","12":"first","13":"instock","14":"sold-individually","15":"shipping-taxable","16":"purchasable","17":"product-type-simple"},"_links":{"self":[{"href":"https:\/\/magicgamesbolivia.com\/index.php\/wp-json\/wp\/v2\/product\/1791","targetHints":{"allow":["GET"]}}],"collection":[{"href":"https:\/\/magicgamesbolivia.com\/index.php\/wp-json\/wp\/v2\/product"}],"about":[{"href":"https:\/\/magicgamesbolivia.com\/index.php\/wp-json\/wp\/v2\/types\/product"}],"replies":[{"embeddable":true,"href":"https:\/\/magicgamesbolivia.com\/index.php\/wp-json\/wp\/v2\/comments?post=1791"}],"version-history":[{"count":1,"href":"https:\/\/magicgamesbolivia.com\/index.php\/wp-json\/wp\/v2\/product\/1791\/revisions"}],"predecessor-version":[{"id":1794,"href":"https:\/\/magicgamesbolivia.com\/index.php\/wp-json\/wp\/v2\/product\/1791\/revisions\/1794"}],"wp:featuredmedia":[{"embeddable":true,"href":"https:\/\/magicgamesbolivia.com\/index.php\/wp-json\/wp\/v2\/media\/1792"}],"wp:attachment":[{"href":"https:\/\/magicgamesbolivia.com\/index.php\/wp-json\/wp\/v2\/media?parent=1791"}],"wp:term":[{"taxonomy":"product_brand","embeddable":true,"href":"https:\/\/magicgamesbolivia.com\/index.php\/wp-json\/wp\/v2\/product_brand?post=1791"},{"taxonomy":"product_cat","embeddable":true,"href":"https:\/\/magicgamesbolivia.com\/index.php\/wp-json\/wp\/v2\/product_cat?post=1791"},{"taxonomy":"product_tag","embeddable":true,"href":"https:\/\/magicgamesbolivia.com\/index.php\/wp-json\/wp\/v2\/product_tag?post=1791"}],"curies":[{"name":"wp","href":"https:\/\/api.w.org\/{rel}","templated":true}]}}