{"id":1787,"date":"2021-09-11T20:51:18","date_gmt":"2021-09-11T20:51:18","guid":{"rendered":"http:\/\/magicgamesbolivia.com\/?post_type=product&#038;p=1787"},"modified":"2022-05-25T20:10:44","modified_gmt":"2022-05-25T20:10:44","slug":"coatl","status":"publish","type":"product","link":"https:\/\/magicgamesbolivia.com\/index.php\/product\/coatl\/","title":{"rendered":"Coatl"},"content":{"rendered":"<p>\u00bfQui\u00e9n ganar\u00e1 el favor de los dioses? Hay que elegir al sumo sacerdote Azteca y todos los contendientes deben mostrar sus m\u00e1s altos m\u00e9ritos. Para ello, crear\u00e1n las m\u00e1s bellas Coatl, las esculturas de serpientes emplumadas, y ganar as\u00ed el derecho a obtener el preciado t\u00edtulo.<\/p>\n<table id=\"product-attribute-specs-table\" class=\"data table additional-attributes\">\n<tbody>\n<tr>\n<th class=\"col label\" scope=\"row\">Autor<\/th>\n<td class=\"col data\" data-th=\"Autor\">Etienne Dubois-Roy, Pascale Brassard<\/td>\n<\/tr>\n<tr>\n<th class=\"col label\" scope=\"row\"><\/th>\n<td class=\"col data\" data-th=\"BGG\"><\/td>\n<\/tr>\n<tr>\n<th class=\"col label\" scope=\"row\">Mec\u00e1nica<\/th>\n<td class=\"col data\" data-th=\"Mec\u00e1nica\">Colecci\u00f3n de sets, Gesti\u00f3n de cartas<\/td>\n<\/tr>\n<tr>\n<th class=\"col label\" scope=\"row\">Tem\u00e1tica<\/th>\n<td class=\"col data\" data-th=\"Tem\u00e1tica\">Maya<\/td>\n<\/tr>\n<tr>\n<th class=\"col label\" scope=\"row\">Si buscas&#8230;<\/th>\n<td class=\"col data\" data-th=\"Si buscas...\">Familiares<\/td>\n<\/tr>\n<tr>\n<th class=\"col label\" scope=\"row\">Edad<\/th>\n<td class=\"col data\" data-th=\"Edad\">de 10 a 14 a\u00f1os, de 14 a 18 a\u00f1os, m\u00e1s de 18 a\u00f1os<\/td>\n<\/tr>\n<tr>\n<th class=\"col label\" scope=\"row\">N\u00fam. jugadores<\/th>\n<td class=\"col data\" data-th=\"N\u00fam. jugadores\">1, 2, 3, 4<\/td>\n<\/tr>\n<tr>\n<th class=\"col label\" scope=\"row\">Tiempo de juego<\/th>\n<td class=\"col data\" data-th=\"Tiempo de juego\">30 &#8211; 60 min.<\/td>\n<\/tr>\n<tr>\n<th class=\"col label\" scope=\"row\">Medidas<\/th>\n<td class=\"col data\" data-th=\"Medidas\">260 x 260 x 70 mm<\/td>\n<\/tr>\n<tr>\n<th class=\"col label\" scope=\"row\">Complejidad<\/th>\n<td class=\"col data\" data-th=\"Complejidad\">Medio<\/td>\n<\/tr>\n<tr>\n<th class=\"col label\" scope=\"row\">Editorial<\/th>\n<td class=\"col data\" data-th=\"Editorial\">Asmod\u00e9e<\/td>\n<\/tr>\n<tr>\n<th class=\"col label\" scope=\"row\">Contenido<\/th>\n<td class=\"col data\" data-th=\"Contenido\">\n<ul>\n<li>150 piezas de Coatl<\/li>\n<li>54 cartas de Profec\u00eda<\/li>\n<li>15 cartas de Templo<\/li>\n<li>1 tablero de Abastecimiento<\/li>\n<li>4 tableros de jugador<\/li>\n<li>12 fichas de Sacrificio<\/li>\n<li>3 bolsas de Suministro<\/li>\n<li>1 ficha de jugador inicial<\/li>\n<li>1 reglamento<\/li>\n<li>1 hoja de reglas para partidas en solitario<\/li>\n<\/ul>\n<\/td>\n<\/tr>\n<tr>\n<th class=\"col label\" scope=\"row\">Idioma<\/th>\n<td class=\"col data\" data-th=\"Idioma\">Espa\u00f1ol<\/td>\n<\/tr>\n<\/tbody>\n<\/table>\n","protected":false},"excerpt":{"rendered":"<p>\u00abCoatl\u00bb es un juego de tablero, de 1 a 4 jugadores, en el que quien venza ser\u00e1 nombrado sumo sacerdote Azteca. \u00bfSer\u00e1s capaz de crear las m\u00e1s bellas Coatl?<\/p>\n<p>&nbsp;<\/p>\n","protected":false},"featured_media":1788,"comment_status":"open","ping_status":"closed","template":"","meta":{"_themeisle_gutenberg_block_has_review":false},"product_brand":[],"product_cat":[123,29],"product_tag":[214,155],"class_list":{"0":"post-1787","1":"product","2":"type-product","3":"status-publish","4":"has-post-thumbnail","6":"product_cat-otros-juegos","7":"product_cat-juegos-de-mesa","8":"product_tag-coatl","9":"product_tag-juegosdemesa","11":"first","12":"outofstock","13":"sold-individually","14":"shipping-taxable","15":"purchasable","16":"product-type-simple"},"_links":{"self":[{"href":"https:\/\/magicgamesbolivia.com\/index.php\/wp-json\/wp\/v2\/product\/1787","targetHints":{"allow":["GET"]}}],"collection":[{"href":"https:\/\/magicgamesbolivia.com\/index.php\/wp-json\/wp\/v2\/product"}],"about":[{"href":"https:\/\/magicgamesbolivia.com\/index.php\/wp-json\/wp\/v2\/types\/product"}],"replies":[{"embeddable":true,"href":"https:\/\/magicgamesbolivia.com\/index.php\/wp-json\/wp\/v2\/comments?post=1787"}],"version-history":[{"count":1,"href":"https:\/\/magicgamesbolivia.com\/index.php\/wp-json\/wp\/v2\/product\/1787\/revisions"}],"predecessor-version":[{"id":1790,"href":"https:\/\/magicgamesbolivia.com\/index.php\/wp-json\/wp\/v2\/product\/1787\/revisions\/1790"}],"wp:featuredmedia":[{"embeddable":true,"href":"https:\/\/magicgamesbolivia.com\/index.php\/wp-json\/wp\/v2\/media\/1788"}],"wp:attachment":[{"href":"https:\/\/magicgamesbolivia.com\/index.php\/wp-json\/wp\/v2\/media?parent=1787"}],"wp:term":[{"taxonomy":"product_brand","embeddable":true,"href":"https:\/\/magicgamesbolivia.com\/index.php\/wp-json\/wp\/v2\/product_brand?post=1787"},{"taxonomy":"product_cat","embeddable":true,"href":"https:\/\/magicgamesbolivia.com\/index.php\/wp-json\/wp\/v2\/product_cat?post=1787"},{"taxonomy":"product_tag","embeddable":true,"href":"https:\/\/magicgamesbolivia.com\/index.php\/wp-json\/wp\/v2\/product_tag?post=1787"}],"curies":[{"name":"wp","href":"https:\/\/api.w.org\/{rel}","templated":true}]}}