{"id":1780,"date":"2021-09-11T20:02:55","date_gmt":"2021-09-11T20:02:55","guid":{"rendered":"http:\/\/magicgamesbolivia.com\/?post_type=product&#038;p=1780"},"modified":"2023-05-30T13:19:51","modified_gmt":"2023-05-30T13:19:51","slug":"zombicide-green-horde","status":"publish","type":"product","link":"https:\/\/magicgamesbolivia.com\/index.php\/product\/zombicide-green-horde\/","title":{"rendered":"Zombicide Green Horde"},"content":{"rendered":"<p>\u00a1La plaga zombi no entiende de razas! Nuestros enemigos ancestrales, los orcos, han ca\u00eddo v\u00edctimas de su vil influjo. Ya no se trata de nosotros contra ellos: \u00a1ahora se trata de vivos contra muertos! \u00a1En estos momentos los orcos zombis marchan a trav\u00e9s de la frontera, una horda de pieles verdes que trae consigo el fin de los tiempos!<\/p>\n<p>Pero sus tenebrosos amos, los nigromantes, no han contado con una cosa al trazar sus p\u00e9rfidos planes: \u00a1vosotros! Sois un grupo de supervivientes aguerridos, no ten\u00e9is por costumbre amedrentaros ante la muerte. \u00a1Todos a una, tomar\u00e9is las armas y rechazar\u00e9is sin piedad a la horda!<\/p>\n","protected":false},"excerpt":{"rendered":"<p>\u00a1Empu\u00f1a tu ballesta, afila tu mejor hacha y prepara tus conjuros de fuego! Para los pocos valientes que a\u00fan resisten, ha llegado la hora de&#8230; Zombicide: Green Horde.<\/p>\n<div class=\"news_box background_color_grey_light product_components\">\n<div class=\"news_box_content\">72 miniaturas, 6 Supervivientes, 35 Caminantes orcos, 14 Gordos orcos, 14 Corredores orcos, 1 Abominaci\u00f3n orca, 1 Nigromante orco, 1 Fund\u00edbulo, 9 m\u00f3dulos de tablero (de doble cara), 6 tarjetas y paneles de control de Superviviente, 6 peanas de colores, 6 dados, 48 indicadores, 79 cartas de Equipo, 54 cartas de Zombi, 68 fichas.<\/div>\n<\/div>\n","protected":false},"featured_media":1781,"comment_status":"open","ping_status":"closed","template":"","meta":{"_themeisle_gutenberg_block_has_review":false},"product_brand":[],"product_cat":[29,104],"product_tag":[213,155,191,192],"class_list":{"0":"post-1780","1":"product","2":"type-product","3":"status-publish","4":"has-post-thumbnail","6":"product_cat-juegos-de-mesa","7":"product_cat-edge","8":"product_tag-greenhorde","9":"product_tag-juegosdemesa","10":"product_tag-zombicide","11":"product_tag-zombies","13":"first","14":"outofstock","15":"sold-individually","16":"shipping-taxable","17":"purchasable","18":"product-type-simple"},"_links":{"self":[{"href":"https:\/\/magicgamesbolivia.com\/index.php\/wp-json\/wp\/v2\/product\/1780","targetHints":{"allow":["GET"]}}],"collection":[{"href":"https:\/\/magicgamesbolivia.com\/index.php\/wp-json\/wp\/v2\/product"}],"about":[{"href":"https:\/\/magicgamesbolivia.com\/index.php\/wp-json\/wp\/v2\/types\/product"}],"replies":[{"embeddable":true,"href":"https:\/\/magicgamesbolivia.com\/index.php\/wp-json\/wp\/v2\/comments?post=1780"}],"version-history":[{"count":1,"href":"https:\/\/magicgamesbolivia.com\/index.php\/wp-json\/wp\/v2\/product\/1780\/revisions"}],"predecessor-version":[{"id":1785,"href":"https:\/\/magicgamesbolivia.com\/index.php\/wp-json\/wp\/v2\/product\/1780\/revisions\/1785"}],"wp:featuredmedia":[{"embeddable":true,"href":"https:\/\/magicgamesbolivia.com\/index.php\/wp-json\/wp\/v2\/media\/1781"}],"wp:attachment":[{"href":"https:\/\/magicgamesbolivia.com\/index.php\/wp-json\/wp\/v2\/media?parent=1780"}],"wp:term":[{"taxonomy":"product_brand","embeddable":true,"href":"https:\/\/magicgamesbolivia.com\/index.php\/wp-json\/wp\/v2\/product_brand?post=1780"},{"taxonomy":"product_cat","embeddable":true,"href":"https:\/\/magicgamesbolivia.com\/index.php\/wp-json\/wp\/v2\/product_cat?post=1780"},{"taxonomy":"product_tag","embeddable":true,"href":"https:\/\/magicgamesbolivia.com\/index.php\/wp-json\/wp\/v2\/product_tag?post=1780"}],"curies":[{"name":"wp","href":"https:\/\/api.w.org\/{rel}","templated":true}]}}