{"id":1771,"date":"2021-09-11T19:37:38","date_gmt":"2021-09-11T19:37:38","guid":{"rendered":"http:\/\/magicgamesbolivia.com\/?post_type=product&#038;p=1771"},"modified":"2023-06-06T14:33:14","modified_gmt":"2023-06-06T14:33:14","slug":"bear-vs-babies","status":"publish","type":"product","link":"https:\/\/magicgamesbolivia.com\/index.php\/product\/bear-vs-babies\/","title":{"rendered":"BEARS VS BABIES"},"content":{"rendered":"<p>Los jugadores dan la vuelta a sus cartas sin ense\u00f1\u00e1rselas a los dem\u00e1s en ning\u00fan momento. Si\u00a0tenemos Tarjetas de Beb\u00e9, las colocamos boca abajo\u00a0en el tapete de juego del color correspondiente y cogemos\u00a0una nueva tarjeta para reemplazarla.\u00a0Separamos el restante del mazo de cartas\u00a0en 3 montones (lo hacemos a ojo) que colocamos boca abajo en el tapete de juego.<\/p>\n<p>Se elige un jugador para ir primero. Cada participante puede jugar hasta dos cartas en su turno para\u00a0<strong>construir Monstruos.\u00a0<\/strong>Estos se empiezan a construir con\u00a0una carta de cabeza. Despu\u00e9s iremos\u00a0agregando partes adicionales del cuerpo.\u00a0Mientras construimos, demos asegurarnos de que los puntos de sutura est\u00e1n alineados (no todas las partes del cuerpo casan entre s\u00ed ni todos los monstruos pueden tener el mismo n\u00famero de ellas).<\/p>\n<p>As\u00ed vamos formando nuestro<strong>\u00a0Ej\u00e9rcito de Monstruos.\u00a0<\/strong>Hay 3 tipos de Monstruos, determinados por el \u00edcono ovalado en cada cabeza de Monstruo:\u00a0verdes (Tierra), azules (Agua) y rojos (Aire). Todos nuestros monstruos del mismo tipo luchan juntos, as\u00ed que\u00a0podemos construir 3 Ej\u00e9rcitos de Monstruos diferentes.\u00a0Tambi\u00e9n hay 3 tipos de\u00a0<strong>Ej\u00e9rcito de Beb\u00e9s\u00a0<\/strong>que coinciden con los 3 tipos de Ej\u00e9rcito de Monstruos. Cada ej\u00e9rcito se enfrenta a su grupo rival correspondiente.\u00a0<img decoding=\"async\" class=\"emoji\" role=\"img\" draggable=\"false\" src=\"https:\/\/s.w.org\/images\/core\/emoji\/13.1.0\/svg\/1f642.svg\" alt=\"\ud83d\ude42\" \/><\/p>\n<p><strong>El objetivo de construir Monstruos es hacer que sean lo suficientemente fuertes para comerse a los Beb\u00e9s cuando estos atacan.\u00a0<\/strong>Cu\u00e1ntas m\u00e1s partes del cuerpo les agreguemos, m\u00e1s aumentaremos su fuerza. No es necesario completar un Monstruo para comenzar a construir otro. Si no podemos jugar dos cartas, podemos robar una. No hay un n\u00famero m\u00e1ximo o m\u00ednimo de cartas que debamos tener en nuestra mano.<\/p>\n","protected":false},"excerpt":{"rendered":"<p><strong><a href=\"http:\/\/www.asmodee.es\/juegos\/articulo\/bears_vs_babies\/bears_vs_babies?utm_source=Blog&amp;utm_medium=Post&amp;utm_content=unamamanovata\" target=\"_blank\" rel=\"noopener\">Bears vs Babies<\/a>\u00a0<\/strong>es un original y divertido\u00a0<strong>juego de cartas<\/strong>\u00a0recientemente publicado por\u00a0<a href=\"http:\/\/www.asmodee.es\/?utm_source=Blog&amp;utm_medium=Post&amp;utm_content=unamamanovata\" target=\"_blank\" rel=\"noopener\">Asmodee<\/a>, en el que debemos formar osos montruosos para luchar con beb\u00e9s monstruos. Es para 2-5 jugadores, a partir de 7 a\u00f1os y las partidas durante unos 15-20 minutos. Lo pod\u00e9is encontrar\u00a0<a href=\"https:\/\/amzn.to\/2UVtnF5\" target=\"_blank\" rel=\"nofollow noopener\">en Amazon<\/a>\u00a0y dispone de un\u00a0<a href=\"https:\/\/amzn.to\/2OqvsGx\" target=\"_blank\" rel=\"nofollow noopener\">pack de expansi\u00f3n.<\/a>\u00a0La cajita es compactita y, como pod\u00e9is ver, \u00a1s\u00faper molona! Ideal para regalo.<\/p>\n","protected":false},"featured_media":1772,"comment_status":"open","ping_status":"closed","template":"","meta":{"_themeisle_gutenberg_block_has_review":false},"product_brand":[],"product_cat":[123,29],"product_tag":[211,212,155],"class_list":{"0":"post-1771","1":"product","2":"type-product","3":"status-publish","4":"has-post-thumbnail","6":"product_cat-otros-juegos","7":"product_cat-juegos-de-mesa","8":"product_tag-bearvsbabies","9":"product_tag-juegosdecarta","10":"product_tag-juegosdemesa","12":"first","13":"outofstock","14":"sold-individually","15":"shipping-taxable","16":"purchasable","17":"product-type-simple"},"_links":{"self":[{"href":"https:\/\/magicgamesbolivia.com\/index.php\/wp-json\/wp\/v2\/product\/1771","targetHints":{"allow":["GET"]}}],"collection":[{"href":"https:\/\/magicgamesbolivia.com\/index.php\/wp-json\/wp\/v2\/product"}],"about":[{"href":"https:\/\/magicgamesbolivia.com\/index.php\/wp-json\/wp\/v2\/types\/product"}],"replies":[{"embeddable":true,"href":"https:\/\/magicgamesbolivia.com\/index.php\/wp-json\/wp\/v2\/comments?post=1771"}],"version-history":[{"count":3,"href":"https:\/\/magicgamesbolivia.com\/index.php\/wp-json\/wp\/v2\/product\/1771\/revisions"}],"predecessor-version":[{"id":4249,"href":"https:\/\/magicgamesbolivia.com\/index.php\/wp-json\/wp\/v2\/product\/1771\/revisions\/4249"}],"wp:featuredmedia":[{"embeddable":true,"href":"https:\/\/magicgamesbolivia.com\/index.php\/wp-json\/wp\/v2\/media\/1772"}],"wp:attachment":[{"href":"https:\/\/magicgamesbolivia.com\/index.php\/wp-json\/wp\/v2\/media?parent=1771"}],"wp:term":[{"taxonomy":"product_brand","embeddable":true,"href":"https:\/\/magicgamesbolivia.com\/index.php\/wp-json\/wp\/v2\/product_brand?post=1771"},{"taxonomy":"product_cat","embeddable":true,"href":"https:\/\/magicgamesbolivia.com\/index.php\/wp-json\/wp\/v2\/product_cat?post=1771"},{"taxonomy":"product_tag","embeddable":true,"href":"https:\/\/magicgamesbolivia.com\/index.php\/wp-json\/wp\/v2\/product_tag?post=1771"}],"curies":[{"name":"wp","href":"https:\/\/api.w.org\/{rel}","templated":true}]}}