{"id":1765,"date":"2021-09-11T15:49:18","date_gmt":"2021-09-11T15:49:18","guid":{"rendered":"http:\/\/magicgamesbolivia.com\/?post_type=product&#038;p=1765"},"modified":"2026-03-24T14:57:45","modified_gmt":"2026-03-24T14:57:45","slug":"dixit-odyssey","status":"publish","type":"product","link":"https:\/\/magicgamesbolivia.com\/index.php\/product\/dixit-odyssey\/","title":{"rendered":"DIXIT ODYSEY"},"content":{"rendered":"<p><strong>\u00a0TEMA \u2022\u00a0<\/strong><br \/>\nDixit Odyssey es un juego de fiesta para re\u00edr y disfrutar con familia y amigos. En base a pistas, debes adivinar la imagen que quiso describir el jugador que lidera el turno y cada votaci\u00f3n te entregar\u00e1 puntos que te permitir\u00e1n ser quien triunfe en este \u00e1gil y entretenido juego.<\/p>\n<p><strong>\u2022 MODO DE JUEGO \u2022<br \/>\n<\/strong>Un jugador es quien lidera cada turno y observa las 6 im\u00e1genes de las cartas que tiene en su mano. Desde alguna de \u00e9stas, inventa una oraci\u00f3n o palabra a modo de pista y la dice en voz alta (sin mostrar la carta al resto de los jugadores).<\/p>\n<p>Cada uno del resto de los participantes selecciona la carta en sus mano que\u00a0 m\u00e1s se acerca a la pista otorgada y se la entrega a quien lidera el turno, sin mostr\u00e1rsela a los dem\u00e1s.<\/p>\n<p>El l\u00edder del turno baraja las cartas recibidas del resto de los jugadores junto a la que seleccion\u00f3 en un inicio. Luego se ponen cara arriba, mostrando las im\u00e1genes a todos los participantes. Cada uno de ellos debe apostar qu\u00e9 imagen corresponde a la seleccionada por el jugador que lidera el turno, en base a la pista entregada.<\/p>\n<p>Si nadie o todos encuentran la carta correcta, el l\u00edder del turno gana 0 puntos y el resto de los participantes ganan 2 puntos. De lo contrario, el l\u00edder y quienes acertaron a la respuesta correcta ganan 3 puntos. Los jugadores ganan 1 punto por cada voto de las cartas que escogieron.<\/p>\n<p><strong>\u2022 OBJETIVO \u2022<\/strong><br \/>\nSer el jugador con m\u00e1s puntos cuando se acabe el mazo o el primero en llegar a los 30 puntos. En ambos casos se gana el juego.<\/p>\n<p><strong>\u00bfQU\u00c9 INCLUYE LA CAJA?<br \/>\n<\/strong>\u2022 84 cartas ilustradas.<br \/>\n\u2022 24 marcadores de voto.<br \/>\n\u2022 12 tablillas de voto.<br \/>\n\u2022 12 conejos de madera.<br \/>\n\u2022 1 tablero de puntuaci\u00f3n.<br \/>\n\u2022 1 libro de reglas.<\/p>\n","protected":false},"excerpt":{"rendered":"<p><strong>Dixit Odyssey es una expansi\u00f3n independiente, por lo que es posible jugar a\u00fan sin contar con Dixit.<\/strong><\/p>\n<p><strong>\u2022 N\u00famero de jugadores:<\/strong>\u00a03 a 12<br \/>\n<strong>\u2022 Edad:<\/strong>\u00a0+8<br \/>\n<strong>\u2022 Duraci\u00f3n:\u00a0<\/strong>30 min<\/p>\n<p>El juego de mesa Dixiti Odyssey incluye suficientes componentes como para jugar hasta de a 12 jugadores y tambi\u00e9n tiene variantes en las reglas para jugar con equipos y para disponer de distintas maneras de jugar las cartas.<br \/>\nSe puede integrar con el juego de mesa original: \u00abDixit\u00bb, sin embargo, no es necesario para poder disfrutar de este juego de mesa.<\/p>\n","protected":false},"featured_media":1766,"comment_status":"open","ping_status":"closed","template":"","meta":{"_themeisle_gutenberg_block_has_review":false},"product_brand":[],"product_cat":[123,29],"product_tag":[124,210,155],"class_list":{"0":"post-1765","1":"product","2":"type-product","3":"status-publish","4":"has-post-thumbnail","6":"product_cat-otros-juegos","7":"product_cat-juegos-de-mesa","8":"product_tag-dixit","9":"product_tag-familiares","10":"product_tag-juegosdemesa","12":"first","13":"outofstock","14":"sold-individually","15":"shipping-taxable","16":"purchasable","17":"product-type-simple"},"_links":{"self":[{"href":"https:\/\/magicgamesbolivia.com\/index.php\/wp-json\/wp\/v2\/product\/1765","targetHints":{"allow":["GET"]}}],"collection":[{"href":"https:\/\/magicgamesbolivia.com\/index.php\/wp-json\/wp\/v2\/product"}],"about":[{"href":"https:\/\/magicgamesbolivia.com\/index.php\/wp-json\/wp\/v2\/types\/product"}],"replies":[{"embeddable":true,"href":"https:\/\/magicgamesbolivia.com\/index.php\/wp-json\/wp\/v2\/comments?post=1765"}],"version-history":[{"count":3,"href":"https:\/\/magicgamesbolivia.com\/index.php\/wp-json\/wp\/v2\/product\/1765\/revisions"}],"predecessor-version":[{"id":3671,"href":"https:\/\/magicgamesbolivia.com\/index.php\/wp-json\/wp\/v2\/product\/1765\/revisions\/3671"}],"wp:featuredmedia":[{"embeddable":true,"href":"https:\/\/magicgamesbolivia.com\/index.php\/wp-json\/wp\/v2\/media\/1766"}],"wp:attachment":[{"href":"https:\/\/magicgamesbolivia.com\/index.php\/wp-json\/wp\/v2\/media?parent=1765"}],"wp:term":[{"taxonomy":"product_brand","embeddable":true,"href":"https:\/\/magicgamesbolivia.com\/index.php\/wp-json\/wp\/v2\/product_brand?post=1765"},{"taxonomy":"product_cat","embeddable":true,"href":"https:\/\/magicgamesbolivia.com\/index.php\/wp-json\/wp\/v2\/product_cat?post=1765"},{"taxonomy":"product_tag","embeddable":true,"href":"https:\/\/magicgamesbolivia.com\/index.php\/wp-json\/wp\/v2\/product_tag?post=1765"}],"curies":[{"name":"wp","href":"https:\/\/api.w.org\/{rel}","templated":true}]}}