{"id":1734,"date":"2021-09-08T21:25:43","date_gmt":"2021-09-08T21:25:43","guid":{"rendered":"http:\/\/magicgamesbolivia.com\/?post_type=product&#038;p=1734"},"modified":"2023-09-17T15:37:29","modified_gmt":"2023-09-17T15:37:29","slug":"aventureros-al-tren-el-primer-viaje-juego-estrategico-de-tablero","status":"publish","type":"product","link":"https:\/\/magicgamesbolivia.com\/index.php\/product\/aventureros-al-tren-el-primer-viaje-juego-estrategico-de-tablero\/","title":{"rendered":"Aventureros al tren! El Primer Viaje &#8211; juego estrat\u00e9gico de tablero"},"content":{"rendered":"<h5 class=\"title_info_prod\">DESCRIPCI\u00d3N<\/h5>\n<div class=\"rte\">\n<p>\u00a1Aventureros al Tren! El Primer Viaje es la versi\u00f3n m\u00e1s infantil de la exitosa serie de aventuras en tren.<\/p>\n<p>\u201c\u2013 Abuela, \u00bfla mujer que sale en la foto eres t\u00fa? \u00bfQu\u00e9 es esa torre tan grande? \u2013 Ohhh, es la Torre Eiffel. Eso fue hace mucho tiempo, en uno de mis primeros viajes por Europa con tu abuelo\u2026 \u2013 \u00bfA d\u00f3nde fu\u00edsteis? \u2013 Visitamos muchas ciudades\u2026 Par\u00eds, Viena, incluso Mosc\u00fa\u2026 En cierto sentido, toda mi vida era un viaje.\u201d<\/p>\n<h2>INICIA TU PRIMERA AVENTURA EN TREN POR EUROPA<\/h2>\n<p>\u00a1Re\u00fane cartas de diferentes colores, \u00fasalas para reclamar recorridos con tus trenes, y completa tus billetes de destino para alcanzar la victoria! F\u00e1cil de aprender y r\u00e1pido de jugar,\u00a0<em>\u00a1Aventureros al Tren! El Primer Viaje<\/em>\u00a0es la introducci\u00f3n perfecta a la serie de juegos de\u00a0<em>\u00a1Aventureros al Tren!<\/em>\u00a0As\u00ed que empieza tu viaje y descubre una maravillosa aventura en tren a lo largo de Europa.<\/p>\n<p>Esta caja contiene un juego completo, que no requiere la versi\u00f3n original de \u00a1Aventureros al Tren!, ganadora del premio Internacional Spiel des Jahres.<\/p>\n<h3><\/h3>\n<h3>CONTENIDO:<\/h3>\n<ul>\n<li>1 Tablero\u00a0 con el mapa de Europa<\/li>\n<li>80 piezas de Tren<\/li>\n<li>72 cartas de Tren<\/li>\n<li>32 Billetes de destino<\/li>\n<li>4 Premios \u00abEste-Oeste y un reglamento.<\/li>\n<li>1 Libro de reglas<\/li>\n<\/ul>\n<\/div>\n","protected":false},"excerpt":{"rendered":"<table class=\"table-data-sheet\">\n<tbody>\n<tr class=\"odd\">\n<td>N\u00famero de jugadores:<\/td>\n<td>De 2 a 4 jugadores<\/td>\n<\/tr>\n<tr class=\"even\">\n<td>Duraci\u00f3n aproximada del juego:<\/td>\n<td>20 minutos<\/td>\n<\/tr>\n<tr class=\"odd\">\n<td>Edad m\u00ednima recomendada:<\/td>\n<td>6 a\u00f1os<\/td>\n<\/tr>\n<tr class=\"even\">\n<td>Tipo:<\/td>\n<td>Juego para ni\u00f1os<\/td>\n<\/tr>\n<tr class=\"odd\">\n<td>G\u00e9nero:<\/td>\n<td>Familiar<\/td>\n<\/tr>\n<tr class=\"even\">\n<td>Idioma:<\/td>\n<td>Espa\u00f1ol<\/td>\n<\/tr>\n<tr class=\"odd\">\n<td>Marca:<\/td>\n<td>Edge Entertainment<\/td>\n<\/tr>\n<\/tbody>\n<\/table>\n","protected":false},"featured_media":1735,"comment_status":"open","ping_status":"closed","template":"","meta":{"_themeisle_gutenberg_block_has_review":false},"product_brand":[],"product_cat":[123,57],"product_tag":[205,204,155],"class_list":{"0":"post-1734","1":"product","2":"type-product","3":"status-publish","4":"has-post-thumbnail","6":"product_cat-otros-juegos","7":"product_cat-juegos-infantiles","8":"product_tag-aventurerosaltren","9":"product_tag-infantiles","10":"product_tag-juegosdemesa","12":"first","13":"outofstock","14":"sold-individually","15":"shipping-taxable","16":"purchasable","17":"product-type-simple"},"_links":{"self":[{"href":"https:\/\/magicgamesbolivia.com\/index.php\/wp-json\/wp\/v2\/product\/1734","targetHints":{"allow":["GET"]}}],"collection":[{"href":"https:\/\/magicgamesbolivia.com\/index.php\/wp-json\/wp\/v2\/product"}],"about":[{"href":"https:\/\/magicgamesbolivia.com\/index.php\/wp-json\/wp\/v2\/types\/product"}],"replies":[{"embeddable":true,"href":"https:\/\/magicgamesbolivia.com\/index.php\/wp-json\/wp\/v2\/comments?post=1734"}],"version-history":[{"count":1,"href":"https:\/\/magicgamesbolivia.com\/index.php\/wp-json\/wp\/v2\/product\/1734\/revisions"}],"predecessor-version":[{"id":1737,"href":"https:\/\/magicgamesbolivia.com\/index.php\/wp-json\/wp\/v2\/product\/1734\/revisions\/1737"}],"wp:featuredmedia":[{"embeddable":true,"href":"https:\/\/magicgamesbolivia.com\/index.php\/wp-json\/wp\/v2\/media\/1735"}],"wp:attachment":[{"href":"https:\/\/magicgamesbolivia.com\/index.php\/wp-json\/wp\/v2\/media?parent=1734"}],"wp:term":[{"taxonomy":"product_brand","embeddable":true,"href":"https:\/\/magicgamesbolivia.com\/index.php\/wp-json\/wp\/v2\/product_brand?post=1734"},{"taxonomy":"product_cat","embeddable":true,"href":"https:\/\/magicgamesbolivia.com\/index.php\/wp-json\/wp\/v2\/product_cat?post=1734"},{"taxonomy":"product_tag","embeddable":true,"href":"https:\/\/magicgamesbolivia.com\/index.php\/wp-json\/wp\/v2\/product_tag?post=1734"}],"curies":[{"name":"wp","href":"https:\/\/api.w.org\/{rel}","templated":true}]}}