{"id":1699,"date":"2021-09-06T19:56:12","date_gmt":"2021-09-06T19:56:12","guid":{"rendered":"http:\/\/magicgamesbolivia.com\/?post_type=product&#038;p=1699"},"modified":"2023-10-29T20:31:30","modified_gmt":"2023-10-29T20:31:30","slug":"arkham-horror-hora-final","status":"publish","type":"product","link":"https:\/\/magicgamesbolivia.com\/index.php\/product\/arkham-horror-hora-final\/","title":{"rendered":"ARKHAM HORROR: HORA FINAL"},"content":{"rendered":"<div>\n<h2 class=\"claim_collection_big\">Cinco minutos para la medianoche, \u00a1hora de salvar al mundo!<\/h2>\n<\/div>\n<div class=\"add-top p_collection\">\n<p><em>Arkham Horror: Hora Final<\/em>\u00a0es un juego de mesa cooperativo en el que de 1 a 4 Investigadores luchan desesperadamente contra una horda de monstruos mientras intentan revertir la invocaci\u00f3n de un Primigenio que traer\u00e1 el apocalipsis al mundo. Para deshacer la invocaci\u00f3n los Investigadores deber\u00e1n encontrar los componentes necesarios del ritual investigando las pistas que los sectarios han dejado atr\u00e1s.<\/p>\n<\/div>\n","protected":false},"excerpt":{"rendered":"<p><em>Arkham Horror: Hora Final<\/em>\u00a0es un juego totalmente cooperativo, lo que significa que los jugadores trabajan en equipo y ganan o pierden la partida juntos.<\/p>\n<p><span class=\"half-left three columns add-top add-bottom col_characteristics_right\"><img decoding=\"async\" src=\"http:\/\/www.edgeent.com\/static\/img\/char_num_players.png\" \/><span class=\"float_right\">1-4<\/span><\/span><span class=\"add-right-padding half-left-padding remove-left remove-right three columns add-top add-bottom col_characteristics_central\"><img decoding=\"async\" src=\"http:\/\/www.edgeent.com\/static\/img\/char_duration.png\" \/><span class=\"float_right char_time_fix\">45&#8242;<\/span><\/span><span class=\"add-left three columns add-top add-bottom col_characteristics_left\"><img decoding=\"async\" src=\"http:\/\/www.edgeent.com\/static\/img\/char_ages.png\" \/><span class=\"float_right\">14+<\/span><\/span><\/p>\n","protected":false},"featured_media":1700,"comment_status":"open","ping_status":"closed","template":"","meta":{"_themeisle_gutenberg_block_has_review":false},"product_brand":[],"product_cat":[29,104],"product_tag":[193,155,172],"class_list":{"0":"post-1699","1":"product","2":"type-product","3":"status-publish","4":"has-post-thumbnail","6":"product_cat-juegos-de-mesa","7":"product_cat-edge","8":"product_tag-arkhamhorror","9":"product_tag-juegosdemesa","10":"product_tag-lovecraft","12":"first","13":"outofstock","14":"sold-individually","15":"shipping-taxable","16":"purchasable","17":"product-type-simple"},"_links":{"self":[{"href":"https:\/\/magicgamesbolivia.com\/index.php\/wp-json\/wp\/v2\/product\/1699","targetHints":{"allow":["GET"]}}],"collection":[{"href":"https:\/\/magicgamesbolivia.com\/index.php\/wp-json\/wp\/v2\/product"}],"about":[{"href":"https:\/\/magicgamesbolivia.com\/index.php\/wp-json\/wp\/v2\/types\/product"}],"replies":[{"embeddable":true,"href":"https:\/\/magicgamesbolivia.com\/index.php\/wp-json\/wp\/v2\/comments?post=1699"}],"version-history":[{"count":1,"href":"https:\/\/magicgamesbolivia.com\/index.php\/wp-json\/wp\/v2\/product\/1699\/revisions"}],"predecessor-version":[{"id":1701,"href":"https:\/\/magicgamesbolivia.com\/index.php\/wp-json\/wp\/v2\/product\/1699\/revisions\/1701"}],"wp:featuredmedia":[{"embeddable":true,"href":"https:\/\/magicgamesbolivia.com\/index.php\/wp-json\/wp\/v2\/media\/1700"}],"wp:attachment":[{"href":"https:\/\/magicgamesbolivia.com\/index.php\/wp-json\/wp\/v2\/media?parent=1699"}],"wp:term":[{"taxonomy":"product_brand","embeddable":true,"href":"https:\/\/magicgamesbolivia.com\/index.php\/wp-json\/wp\/v2\/product_brand?post=1699"},{"taxonomy":"product_cat","embeddable":true,"href":"https:\/\/magicgamesbolivia.com\/index.php\/wp-json\/wp\/v2\/product_cat?post=1699"},{"taxonomy":"product_tag","embeddable":true,"href":"https:\/\/magicgamesbolivia.com\/index.php\/wp-json\/wp\/v2\/product_tag?post=1699"}],"curies":[{"name":"wp","href":"https:\/\/api.w.org\/{rel}","templated":true}]}}